

{"id":8918,"date":"2020-10-01T16:18:48","date_gmt":"2021-04-05T01:29:42","guid":{"rendered":"https:\/\/plasticexpress.es\/producto\/Sense%20categoria\/portafotos-de-metacrilat\/"},"modified":"2024-01-29T12:31:23","modified_gmt":"2024-01-29T11:31:23","slug":"portafotos-de-metacrilato","status":"publish","type":"product","link":"https:\/\/plasticexpress.es\/ca\/producto\/articles-ca\/comunicacion-visual-ca\/portafotos-ca\/portafotos-de-metacrilato\/","title":{"rendered":"Portafotos de metacrilat"},"content":{"rendered":"\t\t<div data-elementor-type=\"product-post\" data-elementor-id=\"8918\" class=\"elementor elementor-8918 elementor-2787\" data-elementor-post-type=\"product\">\n\t\t\t\t\t\t<section class=\"elementor-section elementor-top-section elementor-element elementor-element-300e965f elementor-section-boxed elementor-section-height-default elementor-section-height-default\" data-id=\"300e965f\" data-element_type=\"section\" data-e-type=\"section\">\n\t\t\t\t\t\t<div class=\"elementor-container elementor-column-gap-default\">\n\t\t\t\t\t<div class=\"elementor-column elementor-col-100 elementor-top-column elementor-element elementor-element-4dab2499\" data-id=\"4dab2499\" data-element_type=\"column\" data-e-type=\"column\">\n\t\t\t<div class=\"elementor-widget-wrap elementor-element-populated\">\n\t\t\t\t\t\t<div class=\"elementor-element elementor-element-765a2dca elementor-widget elementor-widget-text-editor\" data-id=\"765a2dca\" data-element_type=\"widget\" data-e-type=\"widget\" data-widget_type=\"text-editor.default\">\n\t\t\t\t<div class=\"elementor-widget-container\">\n\t\t\t\t\t\t\t\t\t<p>Els marcs de fotos s\u00f3n objectes molt utilitzats, tant pels particulars que volen exhibir les seves fotografies a casa, com per empreses que volen<b> mostrar imatges, cartells o peces gr\u00e0fiques<\/b> d&#8217;una forma c\u00f2moda i visible.<\/p><p>A <b>Plastic Express<\/b> treballem amb diferents <a href=\"https:\/\/plasticexpress.es\/ca\/materials-ca\/metacrilat\/\"><b>productes de metacrilat<\/b><\/a> i, a continuaci\u00f3, volem explicar-t&#8217;ho tot sobre els marcs de fotos.\u00a0<\/p><h2>Qu\u00e8 s\u00f3n els marcs de fotos de metacrilat<\/h2><p>Un portafotos o marc de fotos \u00e9s un objecte que serveix per a exhibir qualsevol tipus de material gr\u00e0fic de manera neta i resistent. Est\u00e0 fet amb metacrilat, la qual cosa li confereix una gran <b>lleugeresa, resist\u00e8ncia i est\u00e8tica<\/b>.<\/p><p>Est\u00e0 constru\u00eft amb <a href=\"https:\/\/plasticexpress.es\/ca\/producto\/materials-ca\/metacrilat\/metacrilato-color-transparente-ca\/metacrilat-color-transparent\/\"><b>metacrilat de colada incolor<\/b><\/a>, utilitzant les t\u00e8cniques de tall a trav\u00e9s de l\u00e0ser i doblegat de les peces. El producte consisteix en dues peces rectangulars completament planes que es posicionen una damunt de l&#8217;altra per a deixar un espai intermig per a la col\u00b7locaci\u00f3 de la fotografia.<\/p><h2>Per a qu\u00e8 serveixen els portafotos i marcs de metacrilat<\/h2><p>Un marc de fotos metacrilat pot tenir molts usos, tant a nivell individual a la casa dels clients com a nivell empresarial en els locals comercials. Aquestes s\u00f3n algunes de les aplicacions per a les quals podr\u00e0s utilitzar un portafotos metacrilat:<\/p><p>\u00a0<\/p><ul><li aria-level=\"1\"><b>Comunicaci\u00f3 audiovisual<\/b>: Els portafotos o marcs de metacrilat serveixen per a exposar fotografies de manera est\u00e8tica i que els usuaris puguin veure-les f\u00e0cilment. Les fotografies sempre estaran protegides i no es faran malb\u00e9 amb el temps.<\/li><\/ul><p>\u00a0<\/p><ul><li aria-level=\"1\"><b>Exhibici\u00f3 d&#8217;informaci\u00f3 important<\/b>: Si tens normes espec\u00edfiques, \u00e9s important que els clients les vegin d&#8217;un sol cop d&#8217;ull quan entren al teu establiment. Per aix\u00f2 podr\u00e0s utilitzar els marcs per a exhibir normes de comportament o avisos rellevants.<\/li><\/ul><p>\u00a0<\/p><ul><li aria-level=\"1\"><b>Hostaleria<\/b>: Pots presentar la<b> carta del teu restaurant <\/b>en format de portafotos. Aix\u00f2 et permetr\u00e0 que la carta sempre estigui en la taula i que els clients puguin usar-la de manera c\u00f2moda i f\u00e0cil. Podr\u00e0s utilitzar aquesta carta durant molt de temps, perqu\u00e8 gr\u00e0cies a la protecci\u00f3 que li confereix el metacrilat, estar\u00e0 en bon estat durant m\u00e9s temps.<\/li><\/ul><p>\u00a0<\/p><ul><li aria-level=\"1\"><b>Recepcions<\/b>: La recepci\u00f3 \u00e9s un lloc on la majoria de clients fan les mateixes preguntes. Podria ser molt \u00fatil mostrar als teus clients la informaci\u00f3 fonamental a trav\u00e9s d&#8217;un portafotos de metacrilat, perqu\u00e8 aquests puguin veure-la d&#8217;un sol cop d&#8217;ull. Pots donar informaci\u00f3 com els horaris de la recepci\u00f3, el preu de l\u2019esmorzar en cas que sigui un hotel, etc.<\/li><\/ul><p>\u00a0<\/p><ul><li aria-level=\"1\"><b>Taulells<\/b>: El taulell d&#8217;una botiga \u00e9s el lloc on has de cridar l&#8217;atenci\u00f3 dels teus clients, no solsament pels teus bons productes, sin\u00f3 tamb\u00e9 pels preus que ofereixes. Fes que els clients estiguin informats dels preus en tot moment gr\u00e0cies als portafotos que pots situar sobre el teu taulell.<\/li><\/ul><p>\u00a0<\/p><ul><li aria-level=\"1\"><b>Decoraci\u00f3<\/b>: Decora la teva casa o el teu local comercial amb fotografies que siguin importants per a tu o que creguis que criden l&#8217;atenci\u00f3 dels clients. Aquests portafotos o marcs de metacrilat transparents tenen un estil molt modern que encaixa en la majoria de llocs com a element decoratiu.<\/li><\/ul><p>\u00a0<\/p><ul><li aria-level=\"1\"><b>Estands<\/b>: Els estands s\u00f3n un bon punt per a anar a informar-te sobre algun esdeveniment. Si poses portafotos amb els folletons que tens sobre els diferents esdeveniments, els clients ho tindran molt m\u00e9s f\u00e0cil a l&#8217;hora de demanar-te informaci\u00f3 solament d&#8217;all\u00f2 per qu\u00e8 estan interessats.<\/li><\/ul><p>\u00a0<\/p><ul><li aria-level=\"1\"><b>Senyalitzaci\u00f3<\/b>: Assenyala els principals llocs de la teva botiga a trav\u00e9s d&#8217;un portafotos amb indicacions. Pots indicar on estan els lavabos, els emprovadors i diferenciar entre la caixa per a compres i la de devolucions.<\/li><\/ul><p>\u00a0<\/p><ul><li aria-level=\"1\"><b>Comunicaci\u00f3 normativa COVID-19<\/b>: Recorda als teus clients les normes b\u00e0siques d&#8217;higiene que necessiten tenir a l&#8217;hora d&#8217;entrar en el teu establiment. D&#8217;aquesta manera evitar\u00e0s haver de cridar l&#8217;atenci\u00f3 als teus usuaris.<\/li><\/ul><p>\u00a0<\/p><h2>On comprar un portafotos de metacrilat a mida<\/h2><p>A trav\u00e9s de la nostra p\u00e0gina web de Plastic Express pots veure tots els formats de portafotos i marcs de metacrilat que tenim disponibles, per\u00f2 si el teu projecte \u00e9s una mica m\u00e9s ambici\u00f3s i <b>necessites un portafotos fet a mida<\/b>, nosaltres podem ajudar-te en el proc\u00e9s.<\/p><p>Si vols un marc de fotos a mesura, solament haur\u00e0s de contactar amb nosaltres a trav\u00e9s del correu electr\u00f2nic <a href=\"mailto:info@plasticexpress.es\">info@plasticexpress.es<\/a> i demanar un pressupost a mida. Quan rebem l&#8217;email ens posarem a estudiar el teu projecte per a oferir-te les millors solucions pl\u00e0stiques al preu m\u00e9s ajustat possible.<\/p><p>Una vegada hagis confirmat que est\u00e0s d&#8217;acord amb el pressupost, comen\u00e7arem a treballar en la teva pe\u00e7a i la deixarem llesta al m\u00e9s aviat possible perqu\u00e8 puguis utilitzar-la a la teva casa o al teu negoci. Recorda que si ets professional en el sector, podr\u00e0s gaudir de <b>descomptes especials <\/b>accedint al formulari que tenim en la nostra p\u00e0gina web.<\/p><p>Si vols que les teves imatges es mostrin n\u00edtides i ajudin a crear un ambient est\u00e8tic net i ordenat, no dubtis a contactar amb Plastic Express perqu\u00e8 puguem fer-te els portafotos de metacrilat a mida que necessites. Confia nom\u00e9s en els professionals del pl\u00e0stic per a obtenir els millors resultats i el millor preu en els teus projectes.<\/p>\t\t\t\t\t\t\t\t<\/div>\n\t\t\t\t<\/div>\n\t\t\t\t\t<\/div>\n\t\t<\/div>\n\t\t\t\t\t<\/div>\n\t\t<\/section>\n\t\t\t\t<\/div>\n\t\t","protected":false},"excerpt":{"rendered":"<p>Els marcs de fotos s\u00f3n objectes molt utilitzats, tant pels particulars que volen exhibir les seves fotografies a casa, com per empreses que volen mostrar imatges, cartells o peces gr\u00e0fiques d&#8217;una forma c\u00f2moda i visible. A Plastic Express treballem amb diferents productes de metacrilat i, a continuaci\u00f3, volem explicar-t&#8217;ho tot sobre els marcs de fotos.\u00a0 [&hellip;]<\/p>\n","protected":false},"featured_media":18894,"comment_status":"open","ping_status":"closed","template":"","meta":{"_acf_changed":false},"product_brand":[],"product_cat":[582,600,607],"product_tag":[1141,813,740,1191],"class_list":{"0":"post-8918","1":"product","2":"type-product","3":"status-publish","4":"has-post-thumbnail","6":"product_cat-articles-ca","7":"product_cat-comunicacion-visual-ca","8":"product_cat-portafotos-ca","9":"product_tag-cerca-per-autor-de-metacrilat","10":"product_tag-metacrilat","11":"product_tag-metacrilat-incolor","12":"product_tag-portafotos-de-metacrilat","14":"first","15":"instock","16":"shipping-taxable","17":"purchasable","18":"product-type-variable"},"acf":{"photo_gallery":{"opciones_de_agujeros":[[]]}},"yoast_head":"<!-- This site is optimized with the Yoast SEO plugin v27.2 - https:\/\/yoast.com\/product\/yoast-seo-wordpress\/ -->\n<title>Portafotos de Metacrilat | Plastic Express<\/title>\n<meta name=\"description\" content=\"Exhibeix les teves fotografies amb aquest portafotos de metacrilat d&#039;alta qualitat. Compost per dues plaques de metacrilat.\" \/>\n<meta name=\"robots\" content=\"index, follow, max-snippet:-1, max-image-preview:large, max-video-preview:-1\" \/>\n<link rel=\"canonical\" href=\"https:\/\/plasticexpress.es\/ca\/producto\/articles-ca\/comunicacion-visual-ca\/portafotos-ca\/portafotos-de-metacrilato\/\" \/>\n<meta property=\"og:locale\" content=\"ca_ES\" \/>\n<meta property=\"og:type\" content=\"article\" \/>\n<meta property=\"og:title\" content=\"Portafotos de Metacrilat | Plastic Express\" \/>\n<meta property=\"og:description\" content=\"Exhibeix les teves fotografies amb aquest portafotos de metacrilat d&#039;alta qualitat. Compost per dues plaques de metacrilat.\" \/>\n<meta property=\"og:url\" content=\"https:\/\/plasticexpress.es\/ca\/producto\/articles-ca\/comunicacion-visual-ca\/portafotos-ca\/portafotos-de-metacrilato\/\" \/>\n<meta property=\"og:site_name\" content=\"Plasticexpress\" \/>\n<meta property=\"article:modified_time\" content=\"2024-01-29T11:31:23+00:00\" \/>\n<meta property=\"og:image\" content=\"https:\/\/plasticexpress.es\/wp-content\/uploads\/2020\/10\/Portafotos-de-metacrilato-1.jpg\" \/>\n\t<meta property=\"og:image:width\" content=\"1296\" \/>\n\t<meta property=\"og:image:height\" content=\"864\" \/>\n\t<meta property=\"og:image:type\" content=\"image\/jpeg\" \/>\n<meta name=\"twitter:card\" content=\"summary_large_image\" \/>\n<meta name=\"twitter:label1\" content=\"Temps estimat de lectura\" \/>\n\t<meta name=\"twitter:data1\" content=\"4 minuts\" \/>\n<script type=\"application\/ld+json\" class=\"yoast-schema-graph\">{\"@context\":\"https:\/\/schema.org\",\"@graph\":[{\"@type\":\"WebPage\",\"@id\":\"https:\/\/plasticexpress.es\/ca\/producto\/articles-ca\/comunicacion-visual-ca\/portafotos-ca\/portafotos-de-metacrilato\/\",\"url\":\"https:\/\/plasticexpress.es\/ca\/producto\/articles-ca\/comunicacion-visual-ca\/portafotos-ca\/portafotos-de-metacrilato\/\",\"name\":\"Portafotos de Metacrilat | Plastic Express\",\"isPartOf\":{\"@id\":\"https:\/\/plasticexpress.es\/ca\/#website\"},\"primaryImageOfPage\":{\"@id\":\"https:\/\/plasticexpress.es\/ca\/producto\/articles-ca\/comunicacion-visual-ca\/portafotos-ca\/portafotos-de-metacrilato\/#primaryimage\"},\"image\":{\"@id\":\"https:\/\/plasticexpress.es\/ca\/producto\/articles-ca\/comunicacion-visual-ca\/portafotos-ca\/portafotos-de-metacrilato\/#primaryimage\"},\"thumbnailUrl\":\"https:\/\/plasticexpress.es\/wp-content\/uploads\/2020\/10\/Portafotos-de-metacrilato-1.jpg\",\"datePublished\":\"2021-04-05T01:29:42+00:00\",\"dateModified\":\"2024-01-29T11:31:23+00:00\",\"description\":\"Exhibeix les teves fotografies amb aquest portafotos de metacrilat d'alta qualitat. Compost per dues plaques de metacrilat.\",\"breadcrumb\":{\"@id\":\"https:\/\/plasticexpress.es\/ca\/producto\/articles-ca\/comunicacion-visual-ca\/portafotos-ca\/portafotos-de-metacrilato\/#breadcrumb\"},\"inLanguage\":\"ca\",\"potentialAction\":[{\"@type\":\"ReadAction\",\"target\":[\"https:\/\/plasticexpress.es\/ca\/producto\/articles-ca\/comunicacion-visual-ca\/portafotos-ca\/portafotos-de-metacrilato\/\"]}]},{\"@type\":\"ImageObject\",\"inLanguage\":\"ca\",\"@id\":\"https:\/\/plasticexpress.es\/ca\/producto\/articles-ca\/comunicacion-visual-ca\/portafotos-ca\/portafotos-de-metacrilato\/#primaryimage\",\"url\":\"https:\/\/plasticexpress.es\/wp-content\/uploads\/2020\/10\/Portafotos-de-metacrilato-1.jpg\",\"contentUrl\":\"https:\/\/plasticexpress.es\/wp-content\/uploads\/2020\/10\/Portafotos-de-metacrilato-1.jpg\",\"width\":1296,\"height\":864},{\"@type\":\"BreadcrumbList\",\"@id\":\"https:\/\/plasticexpress.es\/ca\/producto\/articles-ca\/comunicacion-visual-ca\/portafotos-ca\/portafotos-de-metacrilato\/#breadcrumb\",\"itemListElement\":[{\"@type\":\"ListItem\",\"position\":1,\"name\":\"Portada\",\"item\":\"https:\/\/plasticexpress.es\/ca\/\"},{\"@type\":\"ListItem\",\"position\":2,\"name\":\"Shop\",\"item\":\"https:\/\/plasticexpress.es\/ca\/shop\/\"},{\"@type\":\"ListItem\",\"position\":3,\"name\":\"Portafotos de metacrilat\"}]},{\"@type\":\"WebSite\",\"@id\":\"https:\/\/plasticexpress.es\/ca\/#website\",\"url\":\"https:\/\/plasticexpress.es\/ca\/\",\"name\":\"Plasticexpress\",\"description\":\"Venta de materiales y art\u00edculos de Metacrilato\",\"potentialAction\":[{\"@type\":\"SearchAction\",\"target\":{\"@type\":\"EntryPoint\",\"urlTemplate\":\"https:\/\/plasticexpress.es\/ca\/?s={search_term_string}\"},\"query-input\":{\"@type\":\"PropertyValueSpecification\",\"valueRequired\":true,\"valueName\":\"search_term_string\"}}],\"inLanguage\":\"ca\"}]}<\/script>\n<!-- \/ Yoast SEO plugin. -->","yoast_head_json":{"title":"Portafotos de Metacrilat | Plastic Express","description":"Exhibeix les teves fotografies amb aquest portafotos de metacrilat d'alta qualitat. Compost per dues plaques de metacrilat.","robots":{"index":"index","follow":"follow","max-snippet":"max-snippet:-1","max-image-preview":"max-image-preview:large","max-video-preview":"max-video-preview:-1"},"canonical":"https:\/\/plasticexpress.es\/ca\/producto\/articles-ca\/comunicacion-visual-ca\/portafotos-ca\/portafotos-de-metacrilato\/","og_locale":"ca_ES","og_type":"article","og_title":"Portafotos de Metacrilat | Plastic Express","og_description":"Exhibeix les teves fotografies amb aquest portafotos de metacrilat d'alta qualitat. Compost per dues plaques de metacrilat.","og_url":"https:\/\/plasticexpress.es\/ca\/producto\/articles-ca\/comunicacion-visual-ca\/portafotos-ca\/portafotos-de-metacrilato\/","og_site_name":"Plasticexpress","article_modified_time":"2024-01-29T11:31:23+00:00","og_image":[{"width":1296,"height":864,"url":"https:\/\/plasticexpress.es\/wp-content\/uploads\/2020\/10\/Portafotos-de-metacrilato-1.jpg","type":"image\/jpeg"}],"twitter_card":"summary_large_image","twitter_misc":{"Temps estimat de lectura":"4 minuts"},"schema":{"@context":"https:\/\/schema.org","@graph":[{"@type":"WebPage","@id":"https:\/\/plasticexpress.es\/ca\/producto\/articles-ca\/comunicacion-visual-ca\/portafotos-ca\/portafotos-de-metacrilato\/","url":"https:\/\/plasticexpress.es\/ca\/producto\/articles-ca\/comunicacion-visual-ca\/portafotos-ca\/portafotos-de-metacrilato\/","name":"Portafotos de Metacrilat | Plastic Express","isPartOf":{"@id":"https:\/\/plasticexpress.es\/ca\/#website"},"primaryImageOfPage":{"@id":"https:\/\/plasticexpress.es\/ca\/producto\/articles-ca\/comunicacion-visual-ca\/portafotos-ca\/portafotos-de-metacrilato\/#primaryimage"},"image":{"@id":"https:\/\/plasticexpress.es\/ca\/producto\/articles-ca\/comunicacion-visual-ca\/portafotos-ca\/portafotos-de-metacrilato\/#primaryimage"},"thumbnailUrl":"https:\/\/plasticexpress.es\/wp-content\/uploads\/2020\/10\/Portafotos-de-metacrilato-1.jpg","datePublished":"2021-04-05T01:29:42+00:00","dateModified":"2024-01-29T11:31:23+00:00","description":"Exhibeix les teves fotografies amb aquest portafotos de metacrilat d'alta qualitat. Compost per dues plaques de metacrilat.","breadcrumb":{"@id":"https:\/\/plasticexpress.es\/ca\/producto\/articles-ca\/comunicacion-visual-ca\/portafotos-ca\/portafotos-de-metacrilato\/#breadcrumb"},"inLanguage":"ca","potentialAction":[{"@type":"ReadAction","target":["https:\/\/plasticexpress.es\/ca\/producto\/articles-ca\/comunicacion-visual-ca\/portafotos-ca\/portafotos-de-metacrilato\/"]}]},{"@type":"ImageObject","inLanguage":"ca","@id":"https:\/\/plasticexpress.es\/ca\/producto\/articles-ca\/comunicacion-visual-ca\/portafotos-ca\/portafotos-de-metacrilato\/#primaryimage","url":"https:\/\/plasticexpress.es\/wp-content\/uploads\/2020\/10\/Portafotos-de-metacrilato-1.jpg","contentUrl":"https:\/\/plasticexpress.es\/wp-content\/uploads\/2020\/10\/Portafotos-de-metacrilato-1.jpg","width":1296,"height":864},{"@type":"BreadcrumbList","@id":"https:\/\/plasticexpress.es\/ca\/producto\/articles-ca\/comunicacion-visual-ca\/portafotos-ca\/portafotos-de-metacrilato\/#breadcrumb","itemListElement":[{"@type":"ListItem","position":1,"name":"Portada","item":"https:\/\/plasticexpress.es\/ca\/"},{"@type":"ListItem","position":2,"name":"Shop","item":"https:\/\/plasticexpress.es\/ca\/shop\/"},{"@type":"ListItem","position":3,"name":"Portafotos de metacrilat"}]},{"@type":"WebSite","@id":"https:\/\/plasticexpress.es\/ca\/#website","url":"https:\/\/plasticexpress.es\/ca\/","name":"Plasticexpress","description":"Venta de materiales y art\u00edculos de Metacrilato","potentialAction":[{"@type":"SearchAction","target":{"@type":"EntryPoint","urlTemplate":"https:\/\/plasticexpress.es\/ca\/?s={search_term_string}"},"query-input":{"@type":"PropertyValueSpecification","valueRequired":true,"valueName":"search_term_string"}}],"inLanguage":"ca"}]}},"_links":{"self":[{"href":"https:\/\/plasticexpress.es\/ca\/wp-json\/wp\/v2\/product\/8918","targetHints":{"allow":["GET"]}}],"collection":[{"href":"https:\/\/plasticexpress.es\/ca\/wp-json\/wp\/v2\/product"}],"about":[{"href":"https:\/\/plasticexpress.es\/ca\/wp-json\/wp\/v2\/types\/product"}],"replies":[{"embeddable":true,"href":"https:\/\/plasticexpress.es\/ca\/wp-json\/wp\/v2\/comments?post=8918"}],"version-history":[{"count":4,"href":"https:\/\/plasticexpress.es\/ca\/wp-json\/wp\/v2\/product\/8918\/revisions"}],"predecessor-version":[{"id":14997,"href":"https:\/\/plasticexpress.es\/ca\/wp-json\/wp\/v2\/product\/8918\/revisions\/14997"}],"wp:featuredmedia":[{"embeddable":true,"href":"https:\/\/plasticexpress.es\/ca\/wp-json\/wp\/v2\/media\/18894"}],"wp:attachment":[{"href":"https:\/\/plasticexpress.es\/ca\/wp-json\/wp\/v2\/media?parent=8918"}],"wp:term":[{"taxonomy":"product_brand","embeddable":true,"href":"https:\/\/plasticexpress.es\/ca\/wp-json\/wp\/v2\/product_brand?post=8918"},{"taxonomy":"product_cat","embeddable":true,"href":"https:\/\/plasticexpress.es\/ca\/wp-json\/wp\/v2\/product_cat?post=8918"},{"taxonomy":"product_tag","embeddable":true,"href":"https:\/\/plasticexpress.es\/ca\/wp-json\/wp\/v2\/product_tag?post=8918"}],"curies":[{"name":"wp","href":"https:\/\/api.w.org\/{rel}","templated":true}]}}