

{"id":8960,"date":"2020-12-18T17:55:12","date_gmt":"2021-04-05T02:19:50","guid":{"rendered":"https:\/\/plasticexpress.es\/producto\/Sense%20categoria\/expositor-per-a-pastisseria-de-metacrilat\/"},"modified":"2024-01-29T12:48:58","modified_gmt":"2024-01-29T11:48:58","slug":"expositor-para-pasteleria-de-metacrilato","status":"publish","type":"product","link":"https:\/\/plasticexpress.es\/ca\/producto\/materials\/expositor-para-pasteleria-de-metacrilato\/","title":{"rendered":"Expositor per a pastisseria de metacrilat"},"content":{"rendered":"<h4><strong>L&#8217;expositor per a pastissos de metacrilat<\/strong><span style=\"font-weight: 400;\"> \u00e9s un article imprescindible per a totes aquelles persones que desitgin <\/span><strong>exhibir dol\u00e7os d&#8217;una manera ordenada i visualment agradable. <\/strong><span style=\"font-weight: 400;\">A m\u00e9s, el material pl\u00e0stic amb el qual est\u00e0 fabricat \u00e9s molt resistent i completament transparent, cosa que aportar\u00e0 una alta qualitat visual al teu aparador.<\/span><\/h4>\n<p><span style=\"font-weight: 400;\">A <\/span><a href=\"https:\/\/plasticexpress.es\"><span style=\"font-weight: 400;\">Plastic Express<\/span><\/a><span style=\"font-weight: 400;\"> tractem d\u2019adaptar-nos al m\u00e0xim possible a les necessitats dels nostres clients i, per aix\u00f2 en aquesta ocasi\u00f3 et mostrarem quines s\u00f3n les caracter\u00edstiques i utilitats de <\/span><strong>l&#8217;expositor per a pastissos de metacrilat.<\/strong><\/p>\n<h2><strong>Caracter\u00edstiques de l&#8217;Expositor per a pastissos de metacrilat<\/strong><\/h2>\n<p><span style=\"font-weight: 400;\">L\u2019expositor de pastissos transparent \u00e9s un suport dissenyat per a exhibir postres, pastissos i altres productes de rebosteria de manera atractiva. Est\u00e0 format per dues circumfer\u00e8ncies planes, que serveixen com a base, unides per un cilindre que els dona volum i altura. El <\/span><a href=\"https:\/\/plasticexpress.es\/materiales\/metacrilato-materials\/\"><span style=\"font-weight: 400;\">metacrilat <\/span><\/a><span style=\"font-weight: 400;\">\u00e9s un material transparent que s&#8217;utilitza per a fabricar aquest tipus d&#8217;articles per la seva durabilitat, eleg\u00e0ncia i resist\u00e8ncia.<\/span><\/p>\n<p><span style=\"font-weight: 400;\">Et deixem les principals caracter\u00edstiques de l&#8217;expositor per a pastissos de metacrilat:<\/span><\/p>\n<ol>\n<li style=\"font-weight: 400;\"><strong>Transpar\u00e8ncia:<\/strong><span style=\"font-weight: 400;\"> La primera caracter\u00edstica que fa que el metacrilat sigui diferent de tots els altres materials \u00e9s la seva transpar\u00e8ncia. Es tracta d&#8217;un material que permet la visibilitat dels pastissos exhibits des de diferents angles.<\/span><\/li>\n<li style=\"font-weight: 400;\"><strong>Durabilitat:<\/strong><span style=\"font-weight: 400;\"> Aquests expositors de metacrilat s\u00f3n resistents als impactes i cops, i pero aix\u00f3 s&#8217;han convertit en el millor recurs per als entorns comercials en els quals hi ha molt moviment.\u00a0<\/span><\/li>\n<li style=\"font-weight: 400;\"><strong>Lleugeresa:<\/strong><span style=\"font-weight: 400;\"> El metacrilat pesa la meitat que el vidre, aix\u00ed que el transport i la manipulaci\u00f3 d&#8217;aquest material ser\u00e0 molt m\u00e9s senzilla.<\/span><\/li>\n<li style=\"font-weight: 400;\"><strong>Disseny personalitzat:<\/strong><span style=\"font-weight: 400;\"> Els expositors es poden fabricar en diferents grand\u00e0ries per a adaptar-se a les necessitats espec\u00edfiques del client. A m\u00e9s, podries jugar amb m\u00faltiples nivells per a mostrar diferents tipus de pastissos o postres.<\/span><\/li>\n<li style=\"font-weight: 400;\"><strong>Estabilitat:<\/strong><span style=\"font-weight: 400;\"> Aquest tipus d&#8217;expositors estan dissenyats amb una base molt s\u00f2lida i estable, perfecta per a evitar que bolqui i garantir la seguretat constant del producte que s&#8217;est\u00e0 exhibint.<\/span><\/li>\n<li style=\"font-weight: 400;\"><strong>F\u00e0cil neteja: <\/strong><span style=\"font-weight: 400;\">El metacrilat \u00e9s f\u00e0cil de netejar amb productes de neteja suaus i no s&#8217;entela amb el temps. Mantindr\u00e0 una aparen\u00e7a perfecta durant molt de temps, fins i tot si est\u00e0 exposat a la llum del sol.<\/span><\/li>\n<li style=\"font-weight: 400;\"><strong>F\u00e0cil de muntar: <\/strong><span style=\"font-weight: 400;\">L&#8217;expositor ja t&#8217;arribar\u00e0 muntat, aix\u00ed que nom\u00e9s haur\u00e0s de desempaquetar-ho i situar-ho en la zona que hagis triat per a exhibir els teus pastissos.<\/span><\/li>\n<li style=\"font-weight: 400;\"><strong>Resist\u00e8ncia al medi ambient:<\/strong><span style=\"font-weight: 400;\"> Es tracta d&#8217;un material resistent a la intemp\u00e8rie que no es desgasta a causa de l&#8217;exposici\u00f3 solar o la humitat.<\/span><\/li>\n<li style=\"font-weight: 400;\"><strong>Est\u00e8tica moderna:<\/strong><span style=\"font-weight: 400;\"> Tenen un aspecte molt elegant i modern que s&#8217;adapta a diversos tipus de decoraci\u00f3 i estils de comer\u00e7os.<\/span><\/li>\n<\/ol>\n<h2><strong>Usos de l&#8217;Expositor per a pastissos de metacrilat<\/strong><\/h2>\n<p><span style=\"font-weight: 400;\">Ens trobem davant d&#8217;un<\/span><a href=\"https:\/\/plasticexpress.es\/articulos\/escaparatismo\/\"><span style=\"font-weight: 400;\"> objecte d&#8217;aparadorisme<\/span><\/a> <strong>molt vers\u00e0til<\/strong><span style=\"font-weight: 400;\"> que juga un paper essencial en la presentaci\u00f3 de productes de rebosteria. Per aix\u00f2, \u00e9s utilitzat en moltes aplicacions, com les seg\u00fcents:<\/span><\/p>\n<ul>\n<li style=\"font-weight: 400;\"><span style=\"font-weight: 400;\">Esdeveniments Especials<\/span><\/li>\n<li style=\"font-weight: 400;\"><span style=\"font-weight: 400;\">Aparadors comercials<\/span><\/li>\n<li style=\"font-weight: 400;\"><span style=\"font-weight: 400;\">PLV<\/span><\/li>\n<li style=\"font-weight: 400;\"><span style=\"font-weight: 400;\">Exhibicions Comercials<\/span><\/li>\n<li style=\"font-weight: 400;\"><span style=\"font-weight: 400;\">Col\u00b7leccionisme<\/span><\/li>\n<li style=\"font-weight: 400;\"><span style=\"font-weight: 400;\">Bufets i Servei d&#8217;\u00e0pats<\/span><\/li>\n<li style=\"font-weight: 400;\"><span style=\"font-weight: 400;\">Exhibicions d&#8217;articles d&#8217;alt valor<\/span><\/li>\n<li style=\"font-weight: 400;\"><span style=\"font-weight: 400;\">Fires i Exposicions<\/span><\/li>\n<li style=\"font-weight: 400;\"><span style=\"font-weight: 400;\">Comer\u00e7os electr\u00f2nics<\/span><\/li>\n<li style=\"font-weight: 400;\"><span style=\"font-weight: 400;\">Cafeteries i Pastisseries<\/span><\/li>\n<li style=\"font-weight: 400;\"><span style=\"font-weight: 400;\">\u00d2ptiques<\/span><\/li>\n<li style=\"font-weight: 400;\"><span style=\"font-weight: 400;\">Promocions Temporals<\/span><\/li>\n<li style=\"font-weight: 400;\"><span style=\"font-weight: 400;\">Joieries<\/span><\/li>\n<li style=\"font-weight: 400;\"><span style=\"font-weight: 400;\">Demostracions de Producte<\/span><\/li>\n<li style=\"font-weight: 400;\"><span style=\"font-weight: 400;\">Sabateries<\/span><\/li>\n<li style=\"font-weight: 400;\"><span style=\"font-weight: 400;\">Taules de Postres<\/span><\/li>\n<li style=\"font-weight: 400;\"><span style=\"font-weight: 400;\">Decoraci\u00f3<\/span><\/li>\n<li style=\"font-weight: 400;\"><span style=\"font-weight: 400;\">Regals i Esdeveniments Corporatius<\/span><\/li>\n<li style=\"font-weight: 400;\"><span style=\"font-weight: 400;\">Estands<\/span><\/li>\n<li style=\"font-weight: 400;\"><span style=\"font-weight: 400;\">Exhibici\u00f3 en Aparadors<\/span><\/li>\n<li style=\"font-weight: 400;\"><span style=\"font-weight: 400;\">Boutiques<\/span><\/li>\n<\/ul>\n<h2><strong>Compra el teu Expositor per a pastissos de metacrilat A Plastic Express<\/strong><\/h2>\n<p><span style=\"font-weight: 400;\">Com pots veure, l&#8217;expositor per a pastissos de metacrilat pot resultar-te molt \u00fatil per a qualsevol de les teves necessitats, ja siguis professional del comer\u00e7 o simplement estiguis organitzant un esdeveniment pel teu compte. El nostre treball A <\/span><strong>Plastic Express<\/strong><span style=\"font-weight: 400;\"> \u00e9s complir amb les teves expectatives i fer realitat tots els projectes que tens al cap.<\/span><\/p>\n<p><span style=\"font-weight: 400;\">En la nostra p\u00e0gina web podr\u00e0s trobar tots els articles de pl\u00e0stic que confeccionem, usant t\u00e8cniques com el talli l\u00e0ser de metacrilat i l&#8217;encolat de metacrilat. Aquest producte existeix en unes mesures espec\u00edfiques, encara que si no s&#8217;ajusten als teus requeriments podem fer les teves <\/span><strong>peces de pl\u00e0stic a mesura.<\/strong><\/p>\n<p><span style=\"font-weight: 400;\">Si vols aconseguir el teu expositor a mesura, nom\u00e9s haur\u00e0s d&#8217;escriure&#8217;ns un correu electr\u00f2nic a l&#8217;adre\u00e7a d&#8217;<\/span><a href=\"mailto:info@plasticexpress.es\"><span style=\"font-weight: 400;\">info@plasticexpress.es<\/span><\/a><span style=\"font-weight: 400;\">, indicant el material en el qual est\u00e0s interessat i les mesures que t&#8217;interessen. El nostre equip es posar\u00e0 a treballar en aquest mateix instant per a lliurar-te un <\/span><strong>pressupost ajustat.<\/strong><\/p>\n<p><span style=\"font-weight: 400;\">Recorda que si ets un <\/span><strong>professional de la ind\u00fastria<\/strong><span style=\"font-weight: 400;\"> pots obtenir descomptes a trav\u00e9s del formulari disponible en la web.<\/span><\/p>\n<p><span style=\"font-weight: 400;\">A Plastic Express ens encarreguem que res ni ning\u00fa pari els teus projectes, a trav\u00e9s d&#8217;articles com l&#8217;expositor per a pastissos de metacrilat. <\/span><strong>Entra en la nostra p\u00e0gina web i descobreix-ho!<\/strong><\/p>\n","protected":false},"excerpt":{"rendered":"<p>L&#8217;expositor per a pastissos de metacrilat \u00e9s un article imprescindible per a totes aquelles persones que desitgin exhibir dol\u00e7os d&#8217;una manera ordenada i visualment agradable. A m\u00e9s, el material pl\u00e0stic amb el qual est\u00e0 fabricat \u00e9s molt resistent i completament transparent, cosa que aportar\u00e0 una alta qualitat visual al teu aparador. A Plastic Express tractem [&hellip;]<\/p>\n","protected":false},"featured_media":5424,"comment_status":"open","ping_status":"closed","template":"","meta":{"_acf_changed":false},"product_brand":[],"product_cat":[666],"product_tag":[779,1141,1208,813,1231],"class_list":{"0":"post-8960","1":"product","2":"type-product","3":"status-publish","4":"has-post-thumbnail","6":"product_cat-materials","7":"product_tag-aparador","8":"product_tag-cerca-per-autor-de-metacrilat","9":"product_tag-expositor-metacrilat","10":"product_tag-metacrilat","11":"product_tag-pastisseria","13":"first","14":"instock","15":"shipping-taxable","16":"purchasable","17":"product-type-variable"},"acf":{"photo_gallery":{"opciones_de_agujeros":[[]]}},"yoast_head":"<!-- This site is optimized with the Yoast SEO plugin v27.2 - https:\/\/yoast.com\/product\/yoast-seo-wordpress\/ -->\n<title>Expositor de Mones de Metacrilat | Plastic Express<\/title>\n<meta name=\"description\" content=\"Expositor de metacrilat per a pastissos que li atorga eleg\u00e0ncia i al\u00e7ada a totes les teves peces de pastisseria. Fabricat amb metacrilat d&#039;alta qualitat.\" \/>\n<meta name=\"robots\" content=\"index, follow, max-snippet:-1, max-image-preview:large, max-video-preview:-1\" \/>\n<link rel=\"canonical\" href=\"https:\/\/plasticexpress.es\/ca\/producto\/materials\/expositor-para-pasteleria-de-metacrilato\/\" \/>\n<meta property=\"og:locale\" content=\"ca_ES\" \/>\n<meta property=\"og:type\" content=\"article\" \/>\n<meta property=\"og:title\" content=\"Expositor de Mones de Metacrilat | Plastic Express\" \/>\n<meta property=\"og:description\" content=\"Expositor de metacrilat per a pastissos que li atorga eleg\u00e0ncia i al\u00e7ada a totes les teves peces de pastisseria. Fabricat amb metacrilat d&#039;alta qualitat.\" \/>\n<meta property=\"og:url\" content=\"https:\/\/plasticexpress.es\/ca\/producto\/materials\/expositor-para-pasteleria-de-metacrilato\/\" \/>\n<meta property=\"og:site_name\" content=\"Plasticexpress\" \/>\n<meta property=\"article:modified_time\" content=\"2024-01-29T11:48:58+00:00\" \/>\n<meta property=\"og:image\" content=\"https:\/\/plasticexpress.es\/wp-content\/uploads\/2020\/12\/Expositor-pasteleria.jpg\" \/>\n\t<meta property=\"og:image:width\" content=\"850\" \/>\n\t<meta property=\"og:image:height\" content=\"604\" \/>\n\t<meta property=\"og:image:type\" content=\"image\/jpeg\" \/>\n<meta name=\"twitter:card\" content=\"summary_large_image\" \/>\n<meta name=\"twitter:label1\" content=\"Temps estimat de lectura\" \/>\n\t<meta name=\"twitter:data1\" content=\"4 minuts\" \/>\n<script type=\"application\/ld+json\" class=\"yoast-schema-graph\">{\"@context\":\"https:\/\/schema.org\",\"@graph\":[{\"@type\":\"WebPage\",\"@id\":\"https:\/\/plasticexpress.es\/ca\/producto\/materials\/expositor-para-pasteleria-de-metacrilato\/\",\"url\":\"https:\/\/plasticexpress.es\/ca\/producto\/materials\/expositor-para-pasteleria-de-metacrilato\/\",\"name\":\"Expositor de Mones de Metacrilat | Plastic Express\",\"isPartOf\":{\"@id\":\"https:\/\/plasticexpress.es\/ca\/#website\"},\"primaryImageOfPage\":{\"@id\":\"https:\/\/plasticexpress.es\/ca\/producto\/materials\/expositor-para-pasteleria-de-metacrilato\/#primaryimage\"},\"image\":{\"@id\":\"https:\/\/plasticexpress.es\/ca\/producto\/materials\/expositor-para-pasteleria-de-metacrilato\/#primaryimage\"},\"thumbnailUrl\":\"https:\/\/plasticexpress.es\/wp-content\/uploads\/2020\/12\/Expositor-pasteleria.jpg\",\"datePublished\":\"2021-04-05T02:19:50+00:00\",\"dateModified\":\"2024-01-29T11:48:58+00:00\",\"description\":\"Expositor de metacrilat per a pastissos que li atorga eleg\u00e0ncia i al\u00e7ada a totes les teves peces de pastisseria. Fabricat amb metacrilat d'alta qualitat.\",\"breadcrumb\":{\"@id\":\"https:\/\/plasticexpress.es\/ca\/producto\/materials\/expositor-para-pasteleria-de-metacrilato\/#breadcrumb\"},\"inLanguage\":\"ca\",\"potentialAction\":[{\"@type\":\"ReadAction\",\"target\":[\"https:\/\/plasticexpress.es\/ca\/producto\/materials\/expositor-para-pasteleria-de-metacrilato\/\"]}]},{\"@type\":\"ImageObject\",\"inLanguage\":\"ca\",\"@id\":\"https:\/\/plasticexpress.es\/ca\/producto\/materials\/expositor-para-pasteleria-de-metacrilato\/#primaryimage\",\"url\":\"https:\/\/plasticexpress.es\/wp-content\/uploads\/2020\/12\/Expositor-pasteleria.jpg\",\"contentUrl\":\"https:\/\/plasticexpress.es\/wp-content\/uploads\/2020\/12\/Expositor-pasteleria.jpg\",\"width\":850,\"height\":604,\"caption\":\"Expositor per a pastisseria de metacrilat\"},{\"@type\":\"BreadcrumbList\",\"@id\":\"https:\/\/plasticexpress.es\/ca\/producto\/materials\/expositor-para-pasteleria-de-metacrilato\/#breadcrumb\",\"itemListElement\":[{\"@type\":\"ListItem\",\"position\":1,\"name\":\"Portada\",\"item\":\"https:\/\/plasticexpress.es\/ca\/\"},{\"@type\":\"ListItem\",\"position\":2,\"name\":\"Shop\",\"item\":\"https:\/\/plasticexpress.es\/ca\/shop\/\"},{\"@type\":\"ListItem\",\"position\":3,\"name\":\"Expositor per a pastisseria de metacrilat\"}]},{\"@type\":\"WebSite\",\"@id\":\"https:\/\/plasticexpress.es\/ca\/#website\",\"url\":\"https:\/\/plasticexpress.es\/ca\/\",\"name\":\"Plasticexpress\",\"description\":\"Venta de materiales y art\u00edculos de Metacrilato\",\"potentialAction\":[{\"@type\":\"SearchAction\",\"target\":{\"@type\":\"EntryPoint\",\"urlTemplate\":\"https:\/\/plasticexpress.es\/ca\/?s={search_term_string}\"},\"query-input\":{\"@type\":\"PropertyValueSpecification\",\"valueRequired\":true,\"valueName\":\"search_term_string\"}}],\"inLanguage\":\"ca\"}]}<\/script>\n<!-- \/ Yoast SEO plugin. -->","yoast_head_json":{"title":"Expositor de Mones de Metacrilat | Plastic Express","description":"Expositor de metacrilat per a pastissos que li atorga eleg\u00e0ncia i al\u00e7ada a totes les teves peces de pastisseria. Fabricat amb metacrilat d'alta qualitat.","robots":{"index":"index","follow":"follow","max-snippet":"max-snippet:-1","max-image-preview":"max-image-preview:large","max-video-preview":"max-video-preview:-1"},"canonical":"https:\/\/plasticexpress.es\/ca\/producto\/materials\/expositor-para-pasteleria-de-metacrilato\/","og_locale":"ca_ES","og_type":"article","og_title":"Expositor de Mones de Metacrilat | Plastic Express","og_description":"Expositor de metacrilat per a pastissos que li atorga eleg\u00e0ncia i al\u00e7ada a totes les teves peces de pastisseria. Fabricat amb metacrilat d'alta qualitat.","og_url":"https:\/\/plasticexpress.es\/ca\/producto\/materials\/expositor-para-pasteleria-de-metacrilato\/","og_site_name":"Plasticexpress","article_modified_time":"2024-01-29T11:48:58+00:00","og_image":[{"width":850,"height":604,"url":"https:\/\/plasticexpress.es\/wp-content\/uploads\/2020\/12\/Expositor-pasteleria.jpg","type":"image\/jpeg"}],"twitter_card":"summary_large_image","twitter_misc":{"Temps estimat de lectura":"4 minuts"},"schema":{"@context":"https:\/\/schema.org","@graph":[{"@type":"WebPage","@id":"https:\/\/plasticexpress.es\/ca\/producto\/materials\/expositor-para-pasteleria-de-metacrilato\/","url":"https:\/\/plasticexpress.es\/ca\/producto\/materials\/expositor-para-pasteleria-de-metacrilato\/","name":"Expositor de Mones de Metacrilat | Plastic Express","isPartOf":{"@id":"https:\/\/plasticexpress.es\/ca\/#website"},"primaryImageOfPage":{"@id":"https:\/\/plasticexpress.es\/ca\/producto\/materials\/expositor-para-pasteleria-de-metacrilato\/#primaryimage"},"image":{"@id":"https:\/\/plasticexpress.es\/ca\/producto\/materials\/expositor-para-pasteleria-de-metacrilato\/#primaryimage"},"thumbnailUrl":"https:\/\/plasticexpress.es\/wp-content\/uploads\/2020\/12\/Expositor-pasteleria.jpg","datePublished":"2021-04-05T02:19:50+00:00","dateModified":"2024-01-29T11:48:58+00:00","description":"Expositor de metacrilat per a pastissos que li atorga eleg\u00e0ncia i al\u00e7ada a totes les teves peces de pastisseria. Fabricat amb metacrilat d'alta qualitat.","breadcrumb":{"@id":"https:\/\/plasticexpress.es\/ca\/producto\/materials\/expositor-para-pasteleria-de-metacrilato\/#breadcrumb"},"inLanguage":"ca","potentialAction":[{"@type":"ReadAction","target":["https:\/\/plasticexpress.es\/ca\/producto\/materials\/expositor-para-pasteleria-de-metacrilato\/"]}]},{"@type":"ImageObject","inLanguage":"ca","@id":"https:\/\/plasticexpress.es\/ca\/producto\/materials\/expositor-para-pasteleria-de-metacrilato\/#primaryimage","url":"https:\/\/plasticexpress.es\/wp-content\/uploads\/2020\/12\/Expositor-pasteleria.jpg","contentUrl":"https:\/\/plasticexpress.es\/wp-content\/uploads\/2020\/12\/Expositor-pasteleria.jpg","width":850,"height":604,"caption":"Expositor per a pastisseria de metacrilat"},{"@type":"BreadcrumbList","@id":"https:\/\/plasticexpress.es\/ca\/producto\/materials\/expositor-para-pasteleria-de-metacrilato\/#breadcrumb","itemListElement":[{"@type":"ListItem","position":1,"name":"Portada","item":"https:\/\/plasticexpress.es\/ca\/"},{"@type":"ListItem","position":2,"name":"Shop","item":"https:\/\/plasticexpress.es\/ca\/shop\/"},{"@type":"ListItem","position":3,"name":"Expositor per a pastisseria de metacrilat"}]},{"@type":"WebSite","@id":"https:\/\/plasticexpress.es\/ca\/#website","url":"https:\/\/plasticexpress.es\/ca\/","name":"Plasticexpress","description":"Venta de materiales y art\u00edculos de Metacrilato","potentialAction":[{"@type":"SearchAction","target":{"@type":"EntryPoint","urlTemplate":"https:\/\/plasticexpress.es\/ca\/?s={search_term_string}"},"query-input":{"@type":"PropertyValueSpecification","valueRequired":true,"valueName":"search_term_string"}}],"inLanguage":"ca"}]}},"_links":{"self":[{"href":"https:\/\/plasticexpress.es\/ca\/wp-json\/wp\/v2\/product\/8960","targetHints":{"allow":["GET"]}}],"collection":[{"href":"https:\/\/plasticexpress.es\/ca\/wp-json\/wp\/v2\/product"}],"about":[{"href":"https:\/\/plasticexpress.es\/ca\/wp-json\/wp\/v2\/types\/product"}],"replies":[{"embeddable":true,"href":"https:\/\/plasticexpress.es\/ca\/wp-json\/wp\/v2\/comments?post=8960"}],"version-history":[{"count":3,"href":"https:\/\/plasticexpress.es\/ca\/wp-json\/wp\/v2\/product\/8960\/revisions"}],"predecessor-version":[{"id":19563,"href":"https:\/\/plasticexpress.es\/ca\/wp-json\/wp\/v2\/product\/8960\/revisions\/19563"}],"wp:featuredmedia":[{"embeddable":true,"href":"https:\/\/plasticexpress.es\/ca\/wp-json\/wp\/v2\/media\/5424"}],"wp:attachment":[{"href":"https:\/\/plasticexpress.es\/ca\/wp-json\/wp\/v2\/media?parent=8960"}],"wp:term":[{"taxonomy":"product_brand","embeddable":true,"href":"https:\/\/plasticexpress.es\/ca\/wp-json\/wp\/v2\/product_brand?post=8960"},{"taxonomy":"product_cat","embeddable":true,"href":"https:\/\/plasticexpress.es\/ca\/wp-json\/wp\/v2\/product_cat?post=8960"},{"taxonomy":"product_tag","embeddable":true,"href":"https:\/\/plasticexpress.es\/ca\/wp-json\/wp\/v2\/product_tag?post=8960"}],"curies":[{"name":"wp","href":"https:\/\/api.w.org\/{rel}","templated":true}]}}