

{"id":8973,"date":"2020-12-18T19:01:11","date_gmt":"2021-04-05T02:30:36","guid":{"rendered":"https:\/\/plasticexpress.es\/producto\/Sense%20categoria\/expositor-per-a-llaminadures-de-metacrilat\/"},"modified":"2024-01-29T12:39:34","modified_gmt":"2024-01-29T11:39:34","slug":"expositor-para-golosinas-de-metacrilato","status":"publish","type":"product","link":"https:\/\/plasticexpress.es\/ca\/producto\/articles-ca\/escaparatismo-ca\/expositor-golosinas-ca\/expositor-para-golosinas-de-metacrilato\/","title":{"rendered":"Expositor per a llaminadures de metacrilat"},"content":{"rendered":"<p style=\"text-align: justify;\"><span style=\"font-weight: 400;\">A <\/span><strong>Plastic Express <\/strong><span style=\"font-weight: 400;\">som experts en realitzar objectes amb tota mena de pl\u00e0stics, per\u00f2 un dels materials que m\u00e9s fem servir \u00e9s el <\/span><a href=\"https:\/\/plasticexpress.es\/ca\/producto\/materials-ca\/metacrilat\/metacrilat-transparent\/metacrilat-transparent\/\"><span style=\"font-weight: 400;\">metacrilat transparent<\/span><\/a><span style=\"font-weight: 400;\">, pels seus bons resultats i la facilitat a l\u2019hora de treballar-lo. Una de les seves moltes aplicacions \u00e9s per a fabricar expositors de llaminadures, ja que t\u00e9 unes caracter\u00edstiques id\u00f2nies per a aquest tipus d\u2019objectes.<\/span><\/p>\n<h2 style=\"text-align: justify;\"><span style=\"font-weight: 400;\">Qu\u00e8 \u00e9s un expositor de llaminadures?\u00a0<\/span><\/h2>\n<p style=\"text-align: justify;\"><span style=\"font-weight: 400;\">Un<\/span><strong> expositor de dol\u00e7os de metacrilat <\/strong><span style=\"font-weight: 400;\">\u00e9s una pe\u00e7a que t\u2019ajudar\u00e0 a comunicar visualment un missatge als teus clients. \u00c9s a dir, en aquest cas, et permetr\u00e0 mostrar les llaminadures que hi ha a l\u2019interior de la caixa transparent de manera que tots els teus clients podran veure-les. D\u2019aquesta forma es presentaran del tot desitjables al seu paladar.\u00a0\u00a0<\/span><\/p>\n<p style=\"text-align: justify;\"><span style=\"font-weight: 400;\">L\u2019expositor de llaminadures es tracta d\u2019una caixa transparent molt lleugera amb la que es pot exhibir qualsevol tipus de dol\u00e7, posicionant-lo a un nivell elevat, f\u00e0cil de veure\u2019l a simple vista. Aquest tipus d\u2019expositor de llaminadures no nom\u00e9s \u00e9s \u00fatil a l\u2019hora de vendre, sino que tamb\u00e9 aportar\u00e1 un toc modern i subtil.<\/span><\/p>\n<p style=\"text-align: justify;\"><span style=\"font-weight: 400;\">La caixa per llaminadures \u00e9s un <\/span><strong>article d\u2019aparadorisme<\/strong><span style=\"font-weight: 400;\"> fet de metacrilat de colada incolor en la seva totalitat, cosa que permet crear un objecte d\u2019excel\u00b7lents caracter\u00edstiques \u00f2ptiques i d\u2019una transpar\u00e8ncia perfecta. Les dos peces que composen el dosificador de llaminadures son la caixa transparent, que funciona com a base, i la tapa.<\/span><\/p>\n<p style=\"text-align: justify;\"><span style=\"font-weight: 400;\">Durant la fabricaci\u00f3 d\u2019aquesta caixa transparent de llaminadures es fan servir diferents processos de producci\u00f3, com el <\/span><strong>tall l\u00e0ser de metacrilat i l\u2019encolat de metacrilat<\/strong><span style=\"font-weight: 400;\">.<\/span><\/p>\n<h2 style=\"text-align: justify;\"><span style=\"font-weight: 400;\">Per a qu\u00e8 serveix un expositor de llaminadures?<\/span><\/h2>\n<p style=\"text-align: justify;\"><span style=\"font-weight: 400;\">Els expositors transparents de metacrilat poden utilitzar-se com a expositors de llaminadures, pero tamb\u00e9 tenen <\/span><strong>moltes altres aplicacions<\/strong><span style=\"font-weight: 400;\">. A partir d\u2019objectes similars a aquests, amb la funci\u00f3 de fer-se veure pels clients, a Plastic Express hem creat una l\u00ednia d\u2019articles d\u2019escaparatisme de metacrilat que pots comprar a trav\u00e9s de la nostra tenda online.<\/span><\/p>\n<p style=\"text-align: justify;\"><span style=\"font-weight: 400;\">Aquestes son algunes de les aplicacions que podr\u00e0s trobar per aquesta <\/span><strong>caixa de metacrilat per a llaminadures<\/strong><span style=\"font-weight: 400;\">:\u00a0<\/span><\/p>\n<ul style=\"text-align: justify;\">\n<li style=\"font-weight: 400;\"><strong>Botiga de llaminadures: <\/strong><span style=\"font-weight: 400;\">com no podria ser d\u2019una altra manera, les botigues de llaminadures son la primera de les aplicacions per aquestes caixes transparents. Aqu\u00ed hi podr\u00e0s dipositar el tipus de llaminadura que m\u00e9s t\u2019interessi, i aix\u00ed tenir-les a la vista i a l\u2019abast dels teus clients, de manera que puguin agafar-les d\u2019una forma f\u00e0cil i c\u00f2moda.<\/span><\/li>\n<\/ul>\n<ul style=\"text-align: justify;\">\n<li style=\"font-weight: 400;\"><strong>Aparadors comercials:<\/strong><span style=\"font-weight: 400;\"> ara mateix, els aparadors transparents s\u00f3n tend\u00e8ncia en tot tipus de comer\u00e7os. Aix\u00ed s\u2019evita que hi hagi cap interfer\u00e8ncia visual entre el client i el producte que es vol vendre.\u00a0<\/span><\/li>\n<li style=\"font-weight: 400;\"><strong>PLV: <\/strong><span style=\"font-weight: 400;\">aquestes sigles fan refer\u00e8ncia a \u201cPublicitat al Lloc de Venta\u201d. Aquesta \u00e9s la nova t\u00e8cnica de marketing que fan servir als establiments, ja que consideren que si presenten b\u00e9 el seu producte, no necessitaran fer res m\u00e9s per que els clients entrin i el comprin.\u00a0<\/span><\/li>\n<li style=\"font-weight: 400;\"><strong>Col\u00b7leccionisme<\/strong><span style=\"font-weight: 400;\">: mantingui les peces de col\u00b7leccionisme m\u00e9s preuades protegides amb aquesta caixa de metacrilat resistent que permetr\u00e0 que els objectes de l\u2019interior no s\u2019embrutin ni es facin malb\u00e9.\u00a0<\/span><\/li>\n<li style=\"font-weight: 400;\"><strong>Exhibicions d\u2019articles d\u2019alt valor:<\/strong><span style=\"font-weight: 400;\"> passa el mateix amb els articles de valor. Aquesta caixa de metacrilat et permetr\u00e0 exposar-los sense que estiguin en contacte amb elements extern com l\u2019aire, els canvis de temperatura, cops, etc.<\/span><\/li>\n<li style=\"font-weight: 400;\"><strong>Comer\u00e7os d\u2019electr\u00f2nica:<\/strong><span style=\"font-weight: 400;\"> els aparells electr\u00f2nics exposats en un comer\u00e7 han d\u2019estar ben protegits, ja que els seus sistemes son molt delicats i s\u2019ha d\u2019evitar que hi entri la pols.\u00a0<\/span><\/li>\n<li style=\"font-weight: 400;\"><strong>\u00d2ptiques:<\/strong><span style=\"font-weight: 400;\"> les ulleres tamb\u00e9 s\u00f3n un altre del objectes delicats que haurien d\u2019estar protegits sempre que s\u2019exposin. Imagina crear una exposici\u00f3 amb les ulleres de gamma m\u00e9s alta de forma que els clients es poguessin apropar tot el que vulguin per\u00f2 mantenint-les sempre protegides.<\/span><\/li>\n<li style=\"font-weight: 400;\"><strong>Joieries<\/strong><span style=\"font-weight: 400;\">: protegeix les joies m\u00e9s preuades de la teva joiera i exposa-les amb la total seguretat de que no patiran cap accident ni es faran malb\u00e9 per culpa de la pols o l\u2019ambient exterior.<\/span><\/li>\n<li style=\"font-weight: 400;\"><strong>Sabateries<\/strong><span style=\"font-weight: 400;\">: tamb\u00e9 pots fer servir aquest tipus de caixes de metacrilat per exposar les teves sabates d\u2019una forma moderna i diferent en el teu aparador.\u00a0<\/span><\/li>\n<li style=\"font-weight: 400;\"><span style=\"font-weight: 400;\">Altres aplicacions:<\/span><strong> decoraci\u00f3, stands, boutiques<\/strong><span style=\"font-weight: 400;\">, etc.<\/span><\/li>\n<\/ul>\n<h2 style=\"text-align: justify;\"><span style=\"font-weight: 400;\">Com demanar un expositor de llaminadures de metacrilat a mida?<\/span><\/h2>\n<p style=\"text-align: justify;\"><span style=\"font-weight: 400;\">Tal i com hem mencionat anteriorment, a <\/span><strong>Plastic Express<\/strong><span style=\"font-weight: 400;\"> som experts en realitzar tot tipus d\u2019articles amb materials pl\u00e0stics com el <\/span><a href=\"https:\/\/plasticexpress.es\/ca\/materials-ca\/metacrilat\/\"><span style=\"font-weight: 400;\">metacrilat<\/span><\/a><span style=\"font-weight: 400;\">. Fes una ullada a la nostra p\u00e0gina web i escull els articles que m\u00e9s t\u2019agradin dins de l\u2019ampli cat\u00e0leg que tenim en stock.\u00a0<\/span><\/p>\n<p style=\"text-align: justify;\"><span style=\"font-weight: 400;\">Per\u00f2 si el teu projecte \u00e9s una mica m\u00e9s ambici\u00f3s i necessites expositors de llaminadures a mida, pots demanar pressupost al nostre equip sense cap mena de comprom\u00eds. Simplement haur\u00e0s d\u2019escriure un correu electr\u00f2nic a la direcci\u00f3 <\/span><a href=\"mailto:info@plasticexpress.es\"><span style=\"font-weight: 400;\">info@plasticexpress.es<\/span><\/a><span style=\"font-weight: 400;\"> afegint la seg\u00fcent informaci\u00f3:<\/span><\/p>\n<ul style=\"text-align: justify;\">\n<li style=\"font-weight: 400;\"><strong>A l\u2019assumpte <\/strong><span style=\"font-weight: 400;\">haur\u00e0s d\u2019indicar el material i l\u2019article en el que est\u00e0s interessat, en aquest cas: expositor de llaminadures de metacrilat.<\/span><\/li>\n<li style=\"font-weight: 400;\"><strong>En el cos del correu electr\u00f2nic <\/strong><span style=\"font-weight: 400;\">haur\u00e0s d\u2019explicar-nos una mica m\u00e9s sobre el teu projecte, com per exemple les mides que necessites o els requeriments extra que tinguis.<\/span><\/li>\n<\/ul>\n<p style=\"text-align: justify;\"><span style=\"font-weight: 400;\">Per finalitzar, volem recordarte que, si ets professional de la industria, pots obtenir descomptes especials omplint el nostre formulari de pressupostos per a professionals. D\u2019aquesta manera podr\u00e0s dur a terme qualsevol projecte que t\u2019imaginis, sempre al millor preu.<\/span><\/p>\n","protected":false},"excerpt":{"rendered":"<p>A Plastic Express som experts en realitzar objectes amb tota mena de pl\u00e0stics, per\u00f2 un dels materials que m\u00e9s fem servir \u00e9s el metacrilat transparent, pels seus bons resultats i la facilitat a l\u2019hora de treballar-lo. Una de les seves moltes aplicacions \u00e9s per a fabricar expositors de llaminadures, ja que t\u00e9 unes caracter\u00edstiques id\u00f2nies [&hellip;]<\/p>\n","protected":false},"featured_media":18903,"comment_status":"open","ping_status":"closed","template":"","meta":{"_acf_changed":false},"product_brand":[],"product_cat":[611,582,621],"product_tag":[779,1141,1208,1244,813],"class_list":{"0":"post-8973","1":"product","2":"type-product","3":"status-publish","4":"has-post-thumbnail","6":"product_cat-escaparatismo-ca","7":"product_cat-articles-ca","8":"product_cat-expositor-golosinas-ca","9":"product_tag-aparador","10":"product_tag-cerca-per-autor-de-metacrilat","11":"product_tag-expositor-metacrilat","12":"product_tag-golosinera-de-metacrilat","13":"product_tag-metacrilat","15":"first","16":"instock","17":"shipping-taxable","18":"purchasable","19":"product-type-variable"},"acf":{"photo_gallery":{"opciones_de_agujeros":[[]]}},"yoast_head":"<!-- This site is optimized with the Yoast SEO plugin v27.2 - https:\/\/yoast.com\/product\/yoast-seo-wordpress\/ -->\n<title>Expositor de Llaminadures de Metacrilat | Plastic Express<\/title>\n<meta name=\"description\" content=\"L&#039;expositor per llaminadures de metacrilat \u00e9s una pe\u00e7a de comunicaci\u00f3 visual i lleugera. Fabricat amb metacrilat d&#039;alta qualitat per PlasticExpress.\" \/>\n<meta name=\"robots\" content=\"index, follow, max-snippet:-1, max-image-preview:large, max-video-preview:-1\" \/>\n<link rel=\"canonical\" href=\"https:\/\/plasticexpress.es\/ca\/producto\/articles-ca\/escaparatismo-ca\/expositor-golosinas-ca\/expositor-para-golosinas-de-metacrilato\/\" \/>\n<meta property=\"og:locale\" content=\"ca_ES\" \/>\n<meta property=\"og:type\" content=\"article\" \/>\n<meta property=\"og:title\" content=\"Expositor de Llaminadures de Metacrilat | Plastic Express\" \/>\n<meta property=\"og:description\" content=\"L&#039;expositor per llaminadures de metacrilat \u00e9s una pe\u00e7a de comunicaci\u00f3 visual i lleugera. Fabricat amb metacrilat d&#039;alta qualitat per PlasticExpress.\" \/>\n<meta property=\"og:url\" content=\"https:\/\/plasticexpress.es\/ca\/producto\/articles-ca\/escaparatismo-ca\/expositor-golosinas-ca\/expositor-para-golosinas-de-metacrilato\/\" \/>\n<meta property=\"og:site_name\" content=\"Plasticexpress\" \/>\n<meta property=\"article:modified_time\" content=\"2024-01-29T11:39:34+00:00\" \/>\n<meta property=\"og:image\" content=\"https:\/\/plasticexpress.es\/wp-content\/uploads\/2020\/12\/Expositor-para-golosinas-de-metacrilato-1.jpg\" \/>\n\t<meta property=\"og:image:width\" content=\"1296\" \/>\n\t<meta property=\"og:image:height\" content=\"864\" \/>\n\t<meta property=\"og:image:type\" content=\"image\/jpeg\" \/>\n<meta name=\"twitter:card\" content=\"summary_large_image\" \/>\n<meta name=\"twitter:label1\" content=\"Temps estimat de lectura\" \/>\n\t<meta name=\"twitter:data1\" content=\"4 minuts\" \/>\n<script type=\"application\/ld+json\" class=\"yoast-schema-graph\">{\"@context\":\"https:\/\/schema.org\",\"@graph\":[{\"@type\":\"WebPage\",\"@id\":\"https:\/\/plasticexpress.es\/ca\/producto\/articles-ca\/escaparatismo-ca\/expositor-golosinas-ca\/expositor-para-golosinas-de-metacrilato\/\",\"url\":\"https:\/\/plasticexpress.es\/ca\/producto\/articles-ca\/escaparatismo-ca\/expositor-golosinas-ca\/expositor-para-golosinas-de-metacrilato\/\",\"name\":\"Expositor de Llaminadures de Metacrilat | Plastic Express\",\"isPartOf\":{\"@id\":\"https:\/\/plasticexpress.es\/ca\/#website\"},\"primaryImageOfPage\":{\"@id\":\"https:\/\/plasticexpress.es\/ca\/producto\/articles-ca\/escaparatismo-ca\/expositor-golosinas-ca\/expositor-para-golosinas-de-metacrilato\/#primaryimage\"},\"image\":{\"@id\":\"https:\/\/plasticexpress.es\/ca\/producto\/articles-ca\/escaparatismo-ca\/expositor-golosinas-ca\/expositor-para-golosinas-de-metacrilato\/#primaryimage\"},\"thumbnailUrl\":\"https:\/\/plasticexpress.es\/wp-content\/uploads\/2020\/12\/Expositor-para-golosinas-de-metacrilato-1.jpg\",\"datePublished\":\"2021-04-05T02:30:36+00:00\",\"dateModified\":\"2024-01-29T11:39:34+00:00\",\"description\":\"L'expositor per llaminadures de metacrilat \u00e9s una pe\u00e7a de comunicaci\u00f3 visual i lleugera. Fabricat amb metacrilat d'alta qualitat per PlasticExpress.\",\"breadcrumb\":{\"@id\":\"https:\/\/plasticexpress.es\/ca\/producto\/articles-ca\/escaparatismo-ca\/expositor-golosinas-ca\/expositor-para-golosinas-de-metacrilato\/#breadcrumb\"},\"inLanguage\":\"ca\",\"potentialAction\":[{\"@type\":\"ReadAction\",\"target\":[\"https:\/\/plasticexpress.es\/ca\/producto\/articles-ca\/escaparatismo-ca\/expositor-golosinas-ca\/expositor-para-golosinas-de-metacrilato\/\"]}]},{\"@type\":\"ImageObject\",\"inLanguage\":\"ca\",\"@id\":\"https:\/\/plasticexpress.es\/ca\/producto\/articles-ca\/escaparatismo-ca\/expositor-golosinas-ca\/expositor-para-golosinas-de-metacrilato\/#primaryimage\",\"url\":\"https:\/\/plasticexpress.es\/wp-content\/uploads\/2020\/12\/Expositor-para-golosinas-de-metacrilato-1.jpg\",\"contentUrl\":\"https:\/\/plasticexpress.es\/wp-content\/uploads\/2020\/12\/Expositor-para-golosinas-de-metacrilato-1.jpg\",\"width\":1296,\"height\":864},{\"@type\":\"BreadcrumbList\",\"@id\":\"https:\/\/plasticexpress.es\/ca\/producto\/articles-ca\/escaparatismo-ca\/expositor-golosinas-ca\/expositor-para-golosinas-de-metacrilato\/#breadcrumb\",\"itemListElement\":[{\"@type\":\"ListItem\",\"position\":1,\"name\":\"Portada\",\"item\":\"https:\/\/plasticexpress.es\/ca\/\"},{\"@type\":\"ListItem\",\"position\":2,\"name\":\"Shop\",\"item\":\"https:\/\/plasticexpress.es\/ca\/shop\/\"},{\"@type\":\"ListItem\",\"position\":3,\"name\":\"Expositor per a llaminadures de metacrilat\"}]},{\"@type\":\"WebSite\",\"@id\":\"https:\/\/plasticexpress.es\/ca\/#website\",\"url\":\"https:\/\/plasticexpress.es\/ca\/\",\"name\":\"Plasticexpress\",\"description\":\"Venta de materiales y art\u00edculos de Metacrilato\",\"potentialAction\":[{\"@type\":\"SearchAction\",\"target\":{\"@type\":\"EntryPoint\",\"urlTemplate\":\"https:\/\/plasticexpress.es\/ca\/?s={search_term_string}\"},\"query-input\":{\"@type\":\"PropertyValueSpecification\",\"valueRequired\":true,\"valueName\":\"search_term_string\"}}],\"inLanguage\":\"ca\"}]}<\/script>\n<!-- \/ Yoast SEO plugin. -->","yoast_head_json":{"title":"Expositor de Llaminadures de Metacrilat | Plastic Express","description":"L'expositor per llaminadures de metacrilat \u00e9s una pe\u00e7a de comunicaci\u00f3 visual i lleugera. Fabricat amb metacrilat d'alta qualitat per PlasticExpress.","robots":{"index":"index","follow":"follow","max-snippet":"max-snippet:-1","max-image-preview":"max-image-preview:large","max-video-preview":"max-video-preview:-1"},"canonical":"https:\/\/plasticexpress.es\/ca\/producto\/articles-ca\/escaparatismo-ca\/expositor-golosinas-ca\/expositor-para-golosinas-de-metacrilato\/","og_locale":"ca_ES","og_type":"article","og_title":"Expositor de Llaminadures de Metacrilat | Plastic Express","og_description":"L'expositor per llaminadures de metacrilat \u00e9s una pe\u00e7a de comunicaci\u00f3 visual i lleugera. Fabricat amb metacrilat d'alta qualitat per PlasticExpress.","og_url":"https:\/\/plasticexpress.es\/ca\/producto\/articles-ca\/escaparatismo-ca\/expositor-golosinas-ca\/expositor-para-golosinas-de-metacrilato\/","og_site_name":"Plasticexpress","article_modified_time":"2024-01-29T11:39:34+00:00","og_image":[{"width":1296,"height":864,"url":"https:\/\/plasticexpress.es\/wp-content\/uploads\/2020\/12\/Expositor-para-golosinas-de-metacrilato-1.jpg","type":"image\/jpeg"}],"twitter_card":"summary_large_image","twitter_misc":{"Temps estimat de lectura":"4 minuts"},"schema":{"@context":"https:\/\/schema.org","@graph":[{"@type":"WebPage","@id":"https:\/\/plasticexpress.es\/ca\/producto\/articles-ca\/escaparatismo-ca\/expositor-golosinas-ca\/expositor-para-golosinas-de-metacrilato\/","url":"https:\/\/plasticexpress.es\/ca\/producto\/articles-ca\/escaparatismo-ca\/expositor-golosinas-ca\/expositor-para-golosinas-de-metacrilato\/","name":"Expositor de Llaminadures de Metacrilat | Plastic Express","isPartOf":{"@id":"https:\/\/plasticexpress.es\/ca\/#website"},"primaryImageOfPage":{"@id":"https:\/\/plasticexpress.es\/ca\/producto\/articles-ca\/escaparatismo-ca\/expositor-golosinas-ca\/expositor-para-golosinas-de-metacrilato\/#primaryimage"},"image":{"@id":"https:\/\/plasticexpress.es\/ca\/producto\/articles-ca\/escaparatismo-ca\/expositor-golosinas-ca\/expositor-para-golosinas-de-metacrilato\/#primaryimage"},"thumbnailUrl":"https:\/\/plasticexpress.es\/wp-content\/uploads\/2020\/12\/Expositor-para-golosinas-de-metacrilato-1.jpg","datePublished":"2021-04-05T02:30:36+00:00","dateModified":"2024-01-29T11:39:34+00:00","description":"L'expositor per llaminadures de metacrilat \u00e9s una pe\u00e7a de comunicaci\u00f3 visual i lleugera. Fabricat amb metacrilat d'alta qualitat per PlasticExpress.","breadcrumb":{"@id":"https:\/\/plasticexpress.es\/ca\/producto\/articles-ca\/escaparatismo-ca\/expositor-golosinas-ca\/expositor-para-golosinas-de-metacrilato\/#breadcrumb"},"inLanguage":"ca","potentialAction":[{"@type":"ReadAction","target":["https:\/\/plasticexpress.es\/ca\/producto\/articles-ca\/escaparatismo-ca\/expositor-golosinas-ca\/expositor-para-golosinas-de-metacrilato\/"]}]},{"@type":"ImageObject","inLanguage":"ca","@id":"https:\/\/plasticexpress.es\/ca\/producto\/articles-ca\/escaparatismo-ca\/expositor-golosinas-ca\/expositor-para-golosinas-de-metacrilato\/#primaryimage","url":"https:\/\/plasticexpress.es\/wp-content\/uploads\/2020\/12\/Expositor-para-golosinas-de-metacrilato-1.jpg","contentUrl":"https:\/\/plasticexpress.es\/wp-content\/uploads\/2020\/12\/Expositor-para-golosinas-de-metacrilato-1.jpg","width":1296,"height":864},{"@type":"BreadcrumbList","@id":"https:\/\/plasticexpress.es\/ca\/producto\/articles-ca\/escaparatismo-ca\/expositor-golosinas-ca\/expositor-para-golosinas-de-metacrilato\/#breadcrumb","itemListElement":[{"@type":"ListItem","position":1,"name":"Portada","item":"https:\/\/plasticexpress.es\/ca\/"},{"@type":"ListItem","position":2,"name":"Shop","item":"https:\/\/plasticexpress.es\/ca\/shop\/"},{"@type":"ListItem","position":3,"name":"Expositor per a llaminadures de metacrilat"}]},{"@type":"WebSite","@id":"https:\/\/plasticexpress.es\/ca\/#website","url":"https:\/\/plasticexpress.es\/ca\/","name":"Plasticexpress","description":"Venta de materiales y art\u00edculos de Metacrilato","potentialAction":[{"@type":"SearchAction","target":{"@type":"EntryPoint","urlTemplate":"https:\/\/plasticexpress.es\/ca\/?s={search_term_string}"},"query-input":{"@type":"PropertyValueSpecification","valueRequired":true,"valueName":"search_term_string"}}],"inLanguage":"ca"}]}},"_links":{"self":[{"href":"https:\/\/plasticexpress.es\/ca\/wp-json\/wp\/v2\/product\/8973","targetHints":{"allow":["GET"]}}],"collection":[{"href":"https:\/\/plasticexpress.es\/ca\/wp-json\/wp\/v2\/product"}],"about":[{"href":"https:\/\/plasticexpress.es\/ca\/wp-json\/wp\/v2\/types\/product"}],"replies":[{"embeddable":true,"href":"https:\/\/plasticexpress.es\/ca\/wp-json\/wp\/v2\/comments?post=8973"}],"version-history":[{"count":3,"href":"https:\/\/plasticexpress.es\/ca\/wp-json\/wp\/v2\/product\/8973\/revisions"}],"predecessor-version":[{"id":17126,"href":"https:\/\/plasticexpress.es\/ca\/wp-json\/wp\/v2\/product\/8973\/revisions\/17126"}],"wp:featuredmedia":[{"embeddable":true,"href":"https:\/\/plasticexpress.es\/ca\/wp-json\/wp\/v2\/media\/18903"}],"wp:attachment":[{"href":"https:\/\/plasticexpress.es\/ca\/wp-json\/wp\/v2\/media?parent=8973"}],"wp:term":[{"taxonomy":"product_brand","embeddable":true,"href":"https:\/\/plasticexpress.es\/ca\/wp-json\/wp\/v2\/product_brand?post=8973"},{"taxonomy":"product_cat","embeddable":true,"href":"https:\/\/plasticexpress.es\/ca\/wp-json\/wp\/v2\/product_cat?post=8973"},{"taxonomy":"product_tag","embeddable":true,"href":"https:\/\/plasticexpress.es\/ca\/wp-json\/wp\/v2\/product_tag?post=8973"}],"curies":[{"name":"wp","href":"https:\/\/api.w.org\/{rel}","templated":true}]}}