

{"id":8980,"date":"2020-12-18T19:08:54","date_gmt":"2021-04-05T02:39:10","guid":{"rendered":"https:\/\/plasticexpress.es\/producto\/Sense%20categoria\/vitrina-per-colleccionisme-de-metacrilat\/"},"modified":"2023-06-21T16:58:04","modified_gmt":"2023-06-21T15:58:04","slug":"vitrina-para-coleccionismo-de-metacrilato","status":"publish","type":"product","link":"https:\/\/plasticexpress.es\/ca\/producto\/articles-ca\/escaparatismo-ca\/vitrinas-coleccionismo-ca\/vitrina-para-coleccionismo-de-metacrilato\/","title":{"rendered":"Vitrina per col\u00b7leccionisme de metacrilat"},"content":{"rendered":"<p><span style=\"font-weight: 400;\">La <\/span><a href=\"https:\/\/plasticexpress.es\/producto\/articulos\/escaparatismo\/vitrinas-coleccionismo\/vitrina-para-coleccionismo-de-metacrilato\/\"><span style=\"font-weight: 400;\">vitrina per col\u00b7leccionisme<\/span><\/a><span style=\"font-weight: 400;\">\u00a0 \u00e9s una pe\u00e7a de metacrilat utilitzada en el sector de l&#8217;aparadorisme que ofereix molt bones qualitats de lleugeresa i transpar\u00e8ncia. A <\/span><strong>Plastic Express<\/strong><span style=\"font-weight: 400;\"> distribu\u00efm els pl\u00e0stics de la millor qualitat per a fer realitat els teus projectes, aix\u00ed que si ets professional o particular continua llegint per a con\u00e8ixer aquest material tan polivalent.<\/span><\/p>\n<h2><strong>Caracter\u00edstiques de les vitrina per col\u00b7leccionisme de metacrilat<\/strong><\/h2>\n<p><span style=\"font-weight: 400;\">La <\/span><strong>vitrina per a col\u00b7leccions de metacrilat<\/strong><span style=\"font-weight: 400;\"> \u00e9s una estructura dissenyada especialment per a protegir i exhibir objectes de valor, com a col\u00b7leccions d&#8217;art, figures, trofeus o altres objectes d&#8217;inter\u00e8s. Aquestes vitrines estan fabricades amb metacrilat, que \u00e9s un tipus de pl\u00e0stic transparent i resistent que ofereix totes aquestes caracter\u00edstiques:<\/span><\/p>\n<ul>\n<li style=\"font-weight: 400;\"><strong>Transpar\u00e8ncia<\/strong><span style=\"font-weight: 400;\">: El metacrilat \u00e9s un material transparent i permet una visualitzaci\u00f3 clara dels objectes en exhibici\u00f3 i sense cap mena de distorsions \u00f2ptiques.<\/span><\/li>\n<li style=\"font-weight: 400;\"><strong>Resist\u00e8ncia als impactes:<\/strong><span style=\"font-weight: 400;\"> \u00c9s m\u00e9s resistent que el vidre, la qual cosa el fa menys propens a trencar-se o astellar-se en cas d&#8217;impacte accidental.<\/span><\/li>\n<li style=\"font-weight: 400;\"><strong>Lleugeresa:<\/strong><span style=\"font-weight: 400;\"> \u00c9s m\u00e9s lleuger que el vidre, per tant, \u00e9s ideal per a transportar-lo f\u00e0cilment. Aquesta caracter\u00edstica \u00e9s especialment \u00fatil en exhibir objectes grans o pesats.<\/span><\/li>\n<li style=\"font-weight: 400;\"><strong>Protecci\u00f3 UV:<\/strong><span style=\"font-weight: 400;\"> La vitrina per a col\u00b7leccionista de metacrilat est\u00e0 dissenyada per a filtrar els raigs ultraviolats, evitant la seva deterioraci\u00f3 i la decoloraci\u00f3 dels objectes exposats a la llum solar.<\/span><\/li>\n<li style=\"font-weight: 400;\"><strong>Resist\u00e8ncia al canvi de color:<\/strong><span style=\"font-weight: 400;\"> \u00c9s resistent a posar-se groc a causa de l&#8217;exposici\u00f3 prolongada a la llum i a l&#8217;envelliment, garantint la claredat i l&#8217;est\u00e8tica al llarg del temps.<\/span><\/li>\n<li style=\"font-weight: 400;\"><strong>Personalitzaci\u00f3 i disseny vers\u00e0til: <\/strong><span style=\"font-weight: 400;\">El metacrilat es pot modelar i fabricar en una \u00e0mplia varietat de formes i grand\u00e0ries, aix\u00ed que es poden crear vitrines personalitzades i adaptades als requisits espec\u00edfics de cada client.<\/span><\/li>\n<li style=\"font-weight: 400;\"><strong>F\u00e0cil manteniment:<\/strong><span style=\"font-weight: 400;\"> S\u00f3n f\u00e0cils de netejar i mantenir. Es poden utilitzar productes de neteja suaus i no abrasius per a mantenir la seva transpar\u00e8ncia i lluentor.<\/span><\/li>\n<\/ul>\n<h2><strong>Usos de les vitrina per col\u00b7leccionisme de metacrilat<\/strong><\/h2>\n<p><span style=\"font-weight: 400;\">Les vitrina per col\u00b7leccionisme de metacrilat s\u00f3n molt \u00fatils en qualsevol sector de la ind\u00fastria, gr\u00e0cies als bons resultats que ofereix aquest material. Et presentem alguns dels possibles <\/span><strong>usos m\u00e9s destacats<\/strong><span style=\"font-weight: 400;\"> que podrien interessar-te:<\/span><\/p>\n<p><span style=\"font-weight: 400;\">Exhibici\u00f3 de col\u00b7leccions d&#8217;art, com a pintures, escultures i fotografies.<\/span><\/p>\n<ul>\n<li style=\"font-weight: 400;\"><span style=\"font-weight: 400;\">Presentaci\u00f3 de figures d&#8217;acci\u00f3 i joguines col\u00b7leccionables.<\/span><\/li>\n<li style=\"font-weight: 400;\"><span style=\"font-weight: 400;\">Exhibici\u00f3 de trofeus i reconeixements esportius.<\/span><\/li>\n<li style=\"font-weight: 400;\"><span style=\"font-weight: 400;\">Mostrar i protegir objectes hist\u00f2rics i culturals en museus.<\/span><\/li>\n<li style=\"font-weight: 400;\"><span style=\"font-weight: 400;\">Presentaci\u00f3 de joies i accessoris en botigues i exhibicions.<\/span><\/li>\n<li style=\"font-weight: 400;\"><span style=\"font-weight: 400;\">Exhibici\u00f3 de models a escala i maquetes arquitect\u00f2niques.<\/span><\/li>\n<li style=\"font-weight: 400;\"><span style=\"font-weight: 400;\">Vitrines per a exhibicions en fires i esdeveniments tem\u00e0tics.<\/span><\/li>\n<li style=\"font-weight: 400;\"><span style=\"font-weight: 400;\">Mostrar objectes d&#8217;inter\u00e8s en galeries d&#8217;art i espais d&#8217;exhibici\u00f3.<\/span><\/li>\n<li style=\"font-weight: 400;\"><span style=\"font-weight: 400;\">Exhibici\u00f3 d&#8217;objectes de col\u00b7lecci\u00f3 en llars i espais privats.<\/span><\/li>\n<li style=\"font-weight: 400;\"><span style=\"font-weight: 400;\">Vitrines per a exhibir productes de luxe en botigues i boutiques.<\/span><\/li>\n<li style=\"font-weight: 400;\"><span style=\"font-weight: 400;\">Exhibici\u00f3 d&#8217;articles hist\u00f2rics en biblioteques i arxius.<\/span><\/li>\n<li style=\"font-weight: 400;\"><span style=\"font-weight: 400;\">Mostrar i protegir objectes valuosos en subhastes.<\/span><\/li>\n<li style=\"font-weight: 400;\"><span style=\"font-weight: 400;\">Vitrines per a exhibir equips esportius i records en estadis i sales de trofeus.<\/span><\/li>\n<li style=\"font-weight: 400;\"><span style=\"font-weight: 400;\">Presentaci\u00f3 d&#8217;aut\u00f2grafs i objectes signats en esdeveniments i convencions.<\/span><\/li>\n<li style=\"font-weight: 400;\"><span style=\"font-weight: 400;\">Exhibici\u00f3 de rellotges i joies d&#8217;alta gamma en joieries i exposicions.<\/span><\/li>\n<li style=\"font-weight: 400;\"><span style=\"font-weight: 400;\">Vitrines per a exhibir col\u00b7leccions de monedes, estampilles i bitllets.<\/span><\/li>\n<li style=\"font-weight: 400;\"><span style=\"font-weight: 400;\">Mostrar objectes de disseny i decoraci\u00f3 en botigues de mobles i disseny d&#8217;interiors.<\/span><\/li>\n<li style=\"font-weight: 400;\"><span style=\"font-weight: 400;\">Exhibici\u00f3 d&#8217;objectes hist\u00f2rics en llocs tur\u00edstics.<\/span><\/li>\n<li style=\"font-weight: 400;\"><span style=\"font-weight: 400;\">Vitrines per a exhibir llibres antics en biblioteques especialitzades.<\/span><\/li>\n<\/ul>\n<h2><strong>Compra les teves vitrines de metacrilat per a col\u00b7leccions a Plastic Express<\/strong><\/h2>\n<p><span style=\"font-weight: 400;\">A<\/span><strong> Plastic Express<\/strong><span style=\"font-weight: 400;\"> comptem amb la <\/span><strong>vitrina de metacrilat<\/strong><span style=\"font-weight: 400;\"> per a col\u00b7leccionista m\u00e9s adequada per a tu. Tots els nostres materials s\u00f3n de la millor qualitat i han estat fabricats a trav\u00e9s dels millors processos per a cadascun d&#8217;ells, com el tallat l\u00e0ser o el termoformat.<\/span><\/p>\n<p><span style=\"font-weight: 400;\">Si necessites una vitrina de protecci\u00f3 per als teus objectes de valor pots donar un cop d&#8217;ull a la nostra p\u00e0gina web i triar les mesures m\u00e9s convenients per al teu projecte. En cas que cap de les peces encaixi amb les teves necessitats, pots escriure&#8217;ns al correu electr\u00f2nic d<\/span><a href=\"mailto:info@plasticexpress.es\"><span style=\"font-weight: 400;\">&#8216;info@plasticexpress.es<\/span><\/a><span style=\"font-weight: 400;\">, per a rebre un <\/span><strong>pressupost personalitzat a mesura<\/strong><span style=\"font-weight: 400;\">.<\/span><\/p>\n<p><span style=\"font-weight: 400;\">Recorda indicar, en l&#8217;assumpte de l&#8217;email, el material en el qual est\u00e0s interessat, en aquest cas <\/span><strong>\u201cvitrina per col\u00b7leccionisme\u00a0 de metacrilat\u201d<\/strong><span style=\"font-weight: 400;\"> i en el cos del missatge explicar-nos quines s\u00f3n totes les teves necessitats. El nostre equip es posar\u00e0 a treballar en el teu cas i t&#8217;enviar\u00e0 un pressupost ajustat.<\/span><br \/>\n<span style=\"font-weight: 400;\">Finalment, tingues en compte que si ets un professional de la ind\u00fastria pots obtenir <\/span><strong>descomptes especials<\/strong><span style=\"font-weight: 400;\"> accedint al formulari de pressupostos per a professionals.<\/span><\/p>\n<h2><\/h2>\n","protected":false},"excerpt":{"rendered":"<p>La vitrina per col\u00b7leccionisme\u00a0 \u00e9s una pe\u00e7a de metacrilat utilitzada en el sector de l&#8217;aparadorisme que ofereix molt bones qualitats de lleugeresa i transpar\u00e8ncia. A Plastic Express distribu\u00efm els pl\u00e0stics de la millor qualitat per a fer realitat els teus projectes, aix\u00ed que si ets professional o particular continua llegint per a con\u00e8ixer aquest material [&hellip;]<\/p>\n","protected":false},"featured_media":5432,"comment_status":"open","ping_status":"closed","template":"","meta":{"_acf_changed":false},"product_brand":[],"product_cat":[611,582,631],"product_tag":[779,1141,776,1208,813,1252],"class_list":{"0":"post-8980","1":"product","2":"type-product","3":"status-publish","4":"has-post-thumbnail","6":"product_cat-escaparatismo-ca","7":"product_cat-articles-ca","8":"product_cat-vitrinas-coleccionismo-ca","9":"product_tag-aparador","10":"product_tag-cerca-per-autor-de-metacrilat","11":"product_tag-colleccionisme","12":"product_tag-expositor-metacrilat","13":"product_tag-metacrilat","14":"product_tag-vitrines","16":"first","17":"instock","18":"shipping-taxable","19":"purchasable","20":"product-type-variable"},"acf":{"photo_gallery":{"opciones_de_agujeros":[[]]}},"yoast_head":"<!-- This site is optimized with the Yoast SEO plugin v27.2 - https:\/\/yoast.com\/product\/yoast-seo-wordpress\/ -->\n<title>Vitrina de Metacrilat per Col\u00b7leccionisme | Plastic Express<\/title>\n<meta name=\"description\" content=\"La vitrina per col\u00b7leccionisme de metacrilat \u00e9s una pe\u00e7a d&#039;aparadorisme transparent i lleugera. Est\u00e0 composta per una caixa, lleixes i una porta abatible.\" \/>\n<meta name=\"robots\" content=\"index, follow, max-snippet:-1, max-image-preview:large, max-video-preview:-1\" \/>\n<link rel=\"canonical\" href=\"https:\/\/plasticexpress.es\/ca\/producto\/articles-ca\/escaparatismo-ca\/vitrinas-coleccionismo-ca\/vitrina-para-coleccionismo-de-metacrilato\/\" \/>\n<meta property=\"og:locale\" content=\"ca_ES\" \/>\n<meta property=\"og:type\" content=\"article\" \/>\n<meta property=\"og:title\" content=\"Vitrina de Metacrilat per Col\u00b7leccionisme | Plastic Express\" \/>\n<meta property=\"og:description\" content=\"La vitrina per col\u00b7leccionisme de metacrilat \u00e9s una pe\u00e7a d&#039;aparadorisme transparent i lleugera. Est\u00e0 composta per una caixa, lleixes i una porta abatible.\" \/>\n<meta property=\"og:url\" content=\"https:\/\/plasticexpress.es\/ca\/producto\/articles-ca\/escaparatismo-ca\/vitrinas-coleccionismo-ca\/vitrina-para-coleccionismo-de-metacrilato\/\" \/>\n<meta property=\"og:site_name\" content=\"Plasticexpress\" \/>\n<meta property=\"article:modified_time\" content=\"2023-06-21T15:58:04+00:00\" \/>\n<meta property=\"og:image\" content=\"https:\/\/plasticexpress.es\/wp-content\/uploads\/2020\/12\/Vitrina-coleccionistas-1.jpg\" \/>\n\t<meta property=\"og:image:width\" content=\"850\" \/>\n\t<meta property=\"og:image:height\" content=\"604\" \/>\n\t<meta property=\"og:image:type\" content=\"image\/jpeg\" \/>\n<meta name=\"twitter:card\" content=\"summary_large_image\" \/>\n<meta name=\"twitter:label1\" content=\"Temps estimat de lectura\" \/>\n\t<meta name=\"twitter:data1\" content=\"4 minuts\" \/>\n<script type=\"application\/ld+json\" class=\"yoast-schema-graph\">{\"@context\":\"https:\/\/schema.org\",\"@graph\":[{\"@type\":\"WebPage\",\"@id\":\"https:\/\/plasticexpress.es\/ca\/producto\/articles-ca\/escaparatismo-ca\/vitrinas-coleccionismo-ca\/vitrina-para-coleccionismo-de-metacrilato\/\",\"url\":\"https:\/\/plasticexpress.es\/ca\/producto\/articles-ca\/escaparatismo-ca\/vitrinas-coleccionismo-ca\/vitrina-para-coleccionismo-de-metacrilato\/\",\"name\":\"Vitrina de Metacrilat per Col\u00b7leccionisme | Plastic Express\",\"isPartOf\":{\"@id\":\"https:\/\/plasticexpress.es\/ca\/#website\"},\"primaryImageOfPage\":{\"@id\":\"https:\/\/plasticexpress.es\/ca\/producto\/articles-ca\/escaparatismo-ca\/vitrinas-coleccionismo-ca\/vitrina-para-coleccionismo-de-metacrilato\/#primaryimage\"},\"image\":{\"@id\":\"https:\/\/plasticexpress.es\/ca\/producto\/articles-ca\/escaparatismo-ca\/vitrinas-coleccionismo-ca\/vitrina-para-coleccionismo-de-metacrilato\/#primaryimage\"},\"thumbnailUrl\":\"https:\/\/plasticexpress.es\/wp-content\/uploads\/2020\/12\/Vitrina-coleccionistas-1.jpg\",\"datePublished\":\"2021-04-05T02:39:10+00:00\",\"dateModified\":\"2023-06-21T15:58:04+00:00\",\"description\":\"La vitrina per col\u00b7leccionisme de metacrilat \u00e9s una pe\u00e7a d'aparadorisme transparent i lleugera. Est\u00e0 composta per una caixa, lleixes i una porta abatible.\",\"breadcrumb\":{\"@id\":\"https:\/\/plasticexpress.es\/ca\/producto\/articles-ca\/escaparatismo-ca\/vitrinas-coleccionismo-ca\/vitrina-para-coleccionismo-de-metacrilato\/#breadcrumb\"},\"inLanguage\":\"ca\",\"potentialAction\":[{\"@type\":\"ReadAction\",\"target\":[\"https:\/\/plasticexpress.es\/ca\/producto\/articles-ca\/escaparatismo-ca\/vitrinas-coleccionismo-ca\/vitrina-para-coleccionismo-de-metacrilato\/\"]}]},{\"@type\":\"ImageObject\",\"inLanguage\":\"ca\",\"@id\":\"https:\/\/plasticexpress.es\/ca\/producto\/articles-ca\/escaparatismo-ca\/vitrinas-coleccionismo-ca\/vitrina-para-coleccionismo-de-metacrilato\/#primaryimage\",\"url\":\"https:\/\/plasticexpress.es\/wp-content\/uploads\/2020\/12\/Vitrina-coleccionistas-1.jpg\",\"contentUrl\":\"https:\/\/plasticexpress.es\/wp-content\/uploads\/2020\/12\/Vitrina-coleccionistas-1.jpg\",\"width\":850,\"height\":604,\"caption\":\"Vitrina per col\u00b7leccionisme de metacrilat\"},{\"@type\":\"BreadcrumbList\",\"@id\":\"https:\/\/plasticexpress.es\/ca\/producto\/articles-ca\/escaparatismo-ca\/vitrinas-coleccionismo-ca\/vitrina-para-coleccionismo-de-metacrilato\/#breadcrumb\",\"itemListElement\":[{\"@type\":\"ListItem\",\"position\":1,\"name\":\"Portada\",\"item\":\"https:\/\/plasticexpress.es\/ca\/\"},{\"@type\":\"ListItem\",\"position\":2,\"name\":\"Shop\",\"item\":\"https:\/\/plasticexpress.es\/ca\/shop\/\"},{\"@type\":\"ListItem\",\"position\":3,\"name\":\"Vitrina per col\u00b7leccionisme de metacrilat\"}]},{\"@type\":\"WebSite\",\"@id\":\"https:\/\/plasticexpress.es\/ca\/#website\",\"url\":\"https:\/\/plasticexpress.es\/ca\/\",\"name\":\"Plasticexpress\",\"description\":\"Venta de materiales y art\u00edculos de Metacrilato\",\"potentialAction\":[{\"@type\":\"SearchAction\",\"target\":{\"@type\":\"EntryPoint\",\"urlTemplate\":\"https:\/\/plasticexpress.es\/ca\/?s={search_term_string}\"},\"query-input\":{\"@type\":\"PropertyValueSpecification\",\"valueRequired\":true,\"valueName\":\"search_term_string\"}}],\"inLanguage\":\"ca\"}]}<\/script>\n<!-- \/ Yoast SEO plugin. -->","yoast_head_json":{"title":"Vitrina de Metacrilat per Col\u00b7leccionisme | Plastic Express","description":"La vitrina per col\u00b7leccionisme de metacrilat \u00e9s una pe\u00e7a d'aparadorisme transparent i lleugera. Est\u00e0 composta per una caixa, lleixes i una porta abatible.","robots":{"index":"index","follow":"follow","max-snippet":"max-snippet:-1","max-image-preview":"max-image-preview:large","max-video-preview":"max-video-preview:-1"},"canonical":"https:\/\/plasticexpress.es\/ca\/producto\/articles-ca\/escaparatismo-ca\/vitrinas-coleccionismo-ca\/vitrina-para-coleccionismo-de-metacrilato\/","og_locale":"ca_ES","og_type":"article","og_title":"Vitrina de Metacrilat per Col\u00b7leccionisme | Plastic Express","og_description":"La vitrina per col\u00b7leccionisme de metacrilat \u00e9s una pe\u00e7a d'aparadorisme transparent i lleugera. Est\u00e0 composta per una caixa, lleixes i una porta abatible.","og_url":"https:\/\/plasticexpress.es\/ca\/producto\/articles-ca\/escaparatismo-ca\/vitrinas-coleccionismo-ca\/vitrina-para-coleccionismo-de-metacrilato\/","og_site_name":"Plasticexpress","article_modified_time":"2023-06-21T15:58:04+00:00","og_image":[{"width":850,"height":604,"url":"https:\/\/plasticexpress.es\/wp-content\/uploads\/2020\/12\/Vitrina-coleccionistas-1.jpg","type":"image\/jpeg"}],"twitter_card":"summary_large_image","twitter_misc":{"Temps estimat de lectura":"4 minuts"},"schema":{"@context":"https:\/\/schema.org","@graph":[{"@type":"WebPage","@id":"https:\/\/plasticexpress.es\/ca\/producto\/articles-ca\/escaparatismo-ca\/vitrinas-coleccionismo-ca\/vitrina-para-coleccionismo-de-metacrilato\/","url":"https:\/\/plasticexpress.es\/ca\/producto\/articles-ca\/escaparatismo-ca\/vitrinas-coleccionismo-ca\/vitrina-para-coleccionismo-de-metacrilato\/","name":"Vitrina de Metacrilat per Col\u00b7leccionisme | Plastic Express","isPartOf":{"@id":"https:\/\/plasticexpress.es\/ca\/#website"},"primaryImageOfPage":{"@id":"https:\/\/plasticexpress.es\/ca\/producto\/articles-ca\/escaparatismo-ca\/vitrinas-coleccionismo-ca\/vitrina-para-coleccionismo-de-metacrilato\/#primaryimage"},"image":{"@id":"https:\/\/plasticexpress.es\/ca\/producto\/articles-ca\/escaparatismo-ca\/vitrinas-coleccionismo-ca\/vitrina-para-coleccionismo-de-metacrilato\/#primaryimage"},"thumbnailUrl":"https:\/\/plasticexpress.es\/wp-content\/uploads\/2020\/12\/Vitrina-coleccionistas-1.jpg","datePublished":"2021-04-05T02:39:10+00:00","dateModified":"2023-06-21T15:58:04+00:00","description":"La vitrina per col\u00b7leccionisme de metacrilat \u00e9s una pe\u00e7a d'aparadorisme transparent i lleugera. Est\u00e0 composta per una caixa, lleixes i una porta abatible.","breadcrumb":{"@id":"https:\/\/plasticexpress.es\/ca\/producto\/articles-ca\/escaparatismo-ca\/vitrinas-coleccionismo-ca\/vitrina-para-coleccionismo-de-metacrilato\/#breadcrumb"},"inLanguage":"ca","potentialAction":[{"@type":"ReadAction","target":["https:\/\/plasticexpress.es\/ca\/producto\/articles-ca\/escaparatismo-ca\/vitrinas-coleccionismo-ca\/vitrina-para-coleccionismo-de-metacrilato\/"]}]},{"@type":"ImageObject","inLanguage":"ca","@id":"https:\/\/plasticexpress.es\/ca\/producto\/articles-ca\/escaparatismo-ca\/vitrinas-coleccionismo-ca\/vitrina-para-coleccionismo-de-metacrilato\/#primaryimage","url":"https:\/\/plasticexpress.es\/wp-content\/uploads\/2020\/12\/Vitrina-coleccionistas-1.jpg","contentUrl":"https:\/\/plasticexpress.es\/wp-content\/uploads\/2020\/12\/Vitrina-coleccionistas-1.jpg","width":850,"height":604,"caption":"Vitrina per col\u00b7leccionisme de metacrilat"},{"@type":"BreadcrumbList","@id":"https:\/\/plasticexpress.es\/ca\/producto\/articles-ca\/escaparatismo-ca\/vitrinas-coleccionismo-ca\/vitrina-para-coleccionismo-de-metacrilato\/#breadcrumb","itemListElement":[{"@type":"ListItem","position":1,"name":"Portada","item":"https:\/\/plasticexpress.es\/ca\/"},{"@type":"ListItem","position":2,"name":"Shop","item":"https:\/\/plasticexpress.es\/ca\/shop\/"},{"@type":"ListItem","position":3,"name":"Vitrina per col\u00b7leccionisme de metacrilat"}]},{"@type":"WebSite","@id":"https:\/\/plasticexpress.es\/ca\/#website","url":"https:\/\/plasticexpress.es\/ca\/","name":"Plasticexpress","description":"Venta de materiales y art\u00edculos de Metacrilato","potentialAction":[{"@type":"SearchAction","target":{"@type":"EntryPoint","urlTemplate":"https:\/\/plasticexpress.es\/ca\/?s={search_term_string}"},"query-input":{"@type":"PropertyValueSpecification","valueRequired":true,"valueName":"search_term_string"}}],"inLanguage":"ca"}]}},"_links":{"self":[{"href":"https:\/\/plasticexpress.es\/ca\/wp-json\/wp\/v2\/product\/8980","targetHints":{"allow":["GET"]}}],"collection":[{"href":"https:\/\/plasticexpress.es\/ca\/wp-json\/wp\/v2\/product"}],"about":[{"href":"https:\/\/plasticexpress.es\/ca\/wp-json\/wp\/v2\/types\/product"}],"replies":[{"embeddable":true,"href":"https:\/\/plasticexpress.es\/ca\/wp-json\/wp\/v2\/comments?post=8980"}],"version-history":[{"count":2,"href":"https:\/\/plasticexpress.es\/ca\/wp-json\/wp\/v2\/product\/8980\/revisions"}],"predecessor-version":[{"id":19321,"href":"https:\/\/plasticexpress.es\/ca\/wp-json\/wp\/v2\/product\/8980\/revisions\/19321"}],"wp:featuredmedia":[{"embeddable":true,"href":"https:\/\/plasticexpress.es\/ca\/wp-json\/wp\/v2\/media\/5432"}],"wp:attachment":[{"href":"https:\/\/plasticexpress.es\/ca\/wp-json\/wp\/v2\/media?parent=8980"}],"wp:term":[{"taxonomy":"product_brand","embeddable":true,"href":"https:\/\/plasticexpress.es\/ca\/wp-json\/wp\/v2\/product_brand?post=8980"},{"taxonomy":"product_cat","embeddable":true,"href":"https:\/\/plasticexpress.es\/ca\/wp-json\/wp\/v2\/product_cat?post=8980"},{"taxonomy":"product_tag","embeddable":true,"href":"https:\/\/plasticexpress.es\/ca\/wp-json\/wp\/v2\/product_tag?post=8980"}],"curies":[{"name":"wp","href":"https:\/\/api.w.org\/{rel}","templated":true}]}}