

{"id":9059,"date":"2020-10-01T16:19:38","date_gmt":"2021-04-05T02:54:16","guid":{"rendered":"https:\/\/plasticexpress.es\/producto\/Sense%20categoria\/expositor-per-a-sabates-de-metacrilat\/"},"modified":"2024-01-29T12:32:52","modified_gmt":"2024-01-29T11:32:52","slug":"expositores-para-zapatos-de-metacrilato","status":"publish","type":"product","link":"https:\/\/plasticexpress.es\/ca\/producto\/articles-ca\/escaparatismo-ca\/expositores-para-zapatos-y-bolsos-ca\/expositores-para-zapatos-de-metacrilato\/","title":{"rendered":"Expositor per a sabates de metacrilat"},"content":{"rendered":"<p><span style=\"font-weight: 400;\">L&#8217;expositor per a sabates de metacrilat \u00e9s una <\/span><b>pe\u00e7a de comunicaci\u00f3 visual transparent i lleugera<\/b><span style=\"font-weight: 400;\">. La seva missi\u00f3 \u00e9s exhibir qualsevol tipus de sabata o bossa proporcionant suport i al\u00e7ada. A m\u00e9s, afegeix un toc modern i subtil al teu aparador a trav\u00e9s d\u2019 articles fets de metacrilat.<\/span><\/p>\n<p><span style=\"font-weight: 400;\">Fabricat \u00edntegrament de <\/span><a href=\"https:\/\/plasticexpress.es\/ca\/producto\/materials-ca\/metacrilat\/metacrilat-transparent\/metacrilat-transparent\/\"><b>metacrilat de colada transparent<\/b><\/a><span style=\"font-weight: 400;\">, aquest expositor per a sabates \u00e9s un objecte amb unes <\/span><b>caracter\u00edstiques \u00f2ptiques singulars<\/b><span style=\"font-weight: 400;\">, perfectes perqu\u00e8 tot el protagonisme recaigui en el producte que suporta. Es composa d\u2019una pe\u00e7a, una \u00fanica placa de metacrilat corbada diverses vegades en diferents angles.<\/span><\/p>\n<p><span style=\"font-weight: 400;\">Per a fer-ho possible, durant la fabricaci\u00f3 d&#8217;aquest article d&#8217;aparadorisme es van utilitzar els eficients processos de <\/span><a href=\"https:\/\/plasticexpress.es\/ca\/procesos\/tall-i-gravat-a-laser\/\"><span style=\"font-weight: 400;\">tall l\u00e0ser de metacrilat<\/span><\/a><span style=\"font-weight: 400;\"> i <\/span><a href=\"https:\/\/plasticexpress.es\/ca\/procesos\/doblegat-de-materials-plastics\/\"><span style=\"font-weight: 400;\">doblegat de metacrilat<\/span><\/a><span style=\"font-weight: 400;\">.<\/span><\/p>\n<h2><span style=\"font-weight: 400;\">Qu\u00e8 s\u00f3n els expositors de sabates de metacrilat?<\/span><\/h2>\n<p><span style=\"font-weight: 400;\">Volem ajudar-te a decorar la teva sabateria, alhora que equipem el teu local amb elements imprescindibles que serviran per a col\u00b7locar i <\/span><b>deixar a la vista els models de cal\u00e7at a la venda m\u00e9s destacats<\/b><span style=\"font-weight: 400;\">.<\/span><\/p>\n<p><span style=\"font-weight: 400;\">Les exposicions de cal\u00e7at m\u00e9s simples i discretes s\u00f3n les que solen oferir els resultats m\u00e9s \u00f3ptims. En aquest sentit, els expositors de sabates de metacrilat s\u00f3n econ\u00f2mics i tremendament funcionals perqu\u00e8 puguis llevar immediatament els productes venuts i col\u00b7locar els nous models de manera r\u00e0pida i senzilla.<\/span><\/p>\n<p><span style=\"font-weight: 400;\">En resum, es tracta d&#8217;elements ideals que serveixen per a destacar articles de cal\u00e7at, de manera que es vegin bonics, sense res al seu voltant que pugui distreure l&#8217;atenci\u00f3 del client. En qualsevol aparador o sabateria es fa necessari <\/span><b>comptar amb diversos nivells<\/b><span style=\"font-weight: 400;\"> que donin altura per a exposar les sabates i la millor opci\u00f3 s\u00f3n els expositors de metacrilat, gr\u00e0cies a la seva duresa i transpar\u00e8ncia.<\/span><\/p>\n<h2><span style=\"font-weight: 400;\">Per a qu\u00e8 serveixen els expositors de sabates de metacrilat?<\/span><\/h2>\n<p><span style=\"font-weight: 400;\">Aquests expositors s\u00f3n especialment \u00fatils per a fer tot tipus de composicions i a trav\u00e9s d&#8217;ells podr\u00e0s mostrar l&#8217;interior de les sabates, aix\u00ed com les soles i els laterals. Les bases que et vam mostrar estan dissenyades per a mantenir-se dempeus, independentment de la superf\u00edcie plana utilitzada, ja sigui el s\u00f2l o una prestatgeria.<\/span><\/p>\n<p><span style=\"font-weight: 400;\">L&#8217;objectiu principal \u00e9s que puguis mostrar perfectament els productes al teu p\u00fablic i destacar en gran manera els models o les parts del cal\u00e7at que m\u00e9s t&#8217;interessin. A m\u00e9s, tenen diferents usos i aquestes s\u00f3n algunes de les seves aplicacions m\u00e9s destacades:<\/span><\/p>\n<ul>\n<li style=\"font-weight: 400;\" aria-level=\"1\"><span style=\"font-weight: 400;\">Aparadors comercials<\/span><\/li>\n<li style=\"font-weight: 400;\" aria-level=\"1\"><span style=\"font-weight: 400;\">PLV<\/span><\/li>\n<li style=\"font-weight: 400;\" aria-level=\"1\"><span style=\"font-weight: 400;\">Col\u00b7leccionisme<\/span><\/li>\n<li style=\"font-weight: 400;\" aria-level=\"1\"><span style=\"font-weight: 400;\">Exposicions d&#8217;articles d&#8217;alt valor<\/span><\/li>\n<li style=\"font-weight: 400;\" aria-level=\"1\"><span style=\"font-weight: 400;\">Comer\u00e7os electr\u00f2nics<\/span><\/li>\n<li style=\"font-weight: 400;\" aria-level=\"1\"><span style=\"font-weight: 400;\">Sabateries<\/span><\/li>\n<li style=\"font-weight: 400;\" aria-level=\"1\"><span style=\"font-weight: 400;\">Decoraci\u00f3<\/span><\/li>\n<li style=\"font-weight: 400;\" aria-level=\"1\"><span style=\"font-weight: 400;\">Estands<\/span><\/li>\n<li style=\"font-weight: 400;\" aria-level=\"1\"><span style=\"font-weight: 400;\">Boutiques<\/span><\/li>\n<\/ul>\n<p><span style=\"font-weight: 400;\">A partir d&#8217;una col\u00b7lecci\u00f3 d&#8217;articles seleccionats pel nostre equip, a Plastic Express hem creat una <\/span><b>l\u00ednia d&#8217;aparadorisme de metacrilat <\/b><span style=\"font-weight: 400;\">especialment dissenyada per a tu. Si est\u00e0s interessat a comprar un expositor de sabates pots fer-ho a trav\u00e9s de la nostra botiga en l\u00ednia,tot i que si necessites una cosa m\u00e9s espec\u00edfica, et convidem que <\/span><b>et posis en contacte amb el nostre equip<\/b><span style=\"font-weight: 400;\"> i ens posis al corrent de les teves idees.<\/span><\/p>\n<h2><span style=\"font-weight: 400;\">Com sol\u00b7licitar expositors de sabates a mida? Plastic Express<\/span><\/h2>\n<p><span style=\"font-weight: 400;\">Un expositor de sabates de metacrilat pot ser el que necessites per a ensenyar-li al m\u00f3n la teva \u00faltima col\u00b7lecci\u00f3. Els nostres expositors per a sabates estan <\/span><b>fabricats amb un material especialment durador i resistent<\/b><span style=\"font-weight: 400;\">, la qual cosa els converteix en una eina ideal per a qualsevol lloc, com a prestatges, aparadors o taulells.<\/span><\/p>\n<p><span style=\"font-weight: 400;\">\u00c9s possible utilitzar-ne un nom\u00e9s per a captar l&#8217;atenci\u00f3 dels vianants a trav\u00e9s d&#8217;un vist\u00f3s aparador o utilitzar-ne diversos per a donar vida a <\/span><b>diferents models a l&#8217;interior d&#8217;una botiga<\/b><span style=\"font-weight: 400;\">. La nostra intenci\u00f3 \u00e9s que el teu p\u00fablic se senti atret pel teu cal\u00e7at i vulgui provar-se\u2019l.<\/span><\/p>\n<p><span style=\"font-weight: 400;\">El millor de tot \u00e9s que disposem d&#8217;una<\/span> <a href=\"https:\/\/plasticexpress.es\/ca\/articles-ca\/escaparatismo-ca\/\"><b>gran varietat d&#8217;expositors<\/b><\/a> <span style=\"font-weight: 400;\">per a adaptar-nos a tota mena de productes, ja siguin senzills o m\u00faltiples per a un o diverses sabates, en forma de T, horitzontals o verticals. D&#8217;aquesta manera, el teu taulell d\u2019expositors de metacrilat sempre estar\u00e0 organitzat i en perfecte ordre.<\/span><\/p>\n<p><span style=\"font-weight: 400;\">Aix\u00ed mateix, t&#8217;oferim <\/span><b>diferents grand\u00e0ries adaptades a tots els dissenys<\/b><span style=\"font-weight: 400;\"> de dona, home o nen. Disposem de mides est\u00e0ndard, encara que tamb\u00e9 podr\u00e0s disposar del teu propi<\/span><b> expositor de sabates de metacrilat fet a mida<\/b><span style=\"font-weight: 400;\">.<\/span><\/p>\n<p><span style=\"font-weight: 400;\">Si necessites comprar diferents expositors diferents, a la nostra botiga disposem de moltes possibilitats, amb <\/span><b>dissenys de diferents grand\u00e0ries<\/b><span style=\"font-weight: 400;\">, al\u00e7ades i posicions. Com a experts en la fabricaci\u00f3 de productes d&#8217;aparadorisme per a mobiliari comercial, si no trobes el que busques, confia en la nostra professionalitat i junts trobarem la millor soluci\u00f3.<\/span><\/p>\n<p>En cas de necessitar un article de metacrilat amb mesures diferents als models exhibits, pots demanar un <a href=\"https:\/\/plasticexpress.es\/procesos-de-manufactura-de-materiales-plasticos\/presupuestos-a-medida\/\">pressupost a mida aqu\u00ed<\/a> o envia&#8217;ns un correu a l&#8217;email <a href=\"mailto:info@plasticexpress.es\"><strong>info@plasticexpress.es<\/strong><\/a> amb la seg\u00fcent informaci\u00f3:<\/p>\n<p>En l&#8217;assumpte indica l&#8217;article en el qual est\u00e0s interessat i el material com, per exemple, <strong>expositor per sabates<\/strong> <b>+<\/b> Metacrilat.<\/p>\n<p>Finalment, recorda que si ets un professional de la ind\u00fastria pots obtenir descomptes especials accedint a el formulari de <a href=\"https:\/\/plasticexpress.es\/procesos-de-manufactura-de-materiales-plasticos\/presupuestos-para-profesionales\/\">pressupostos per a professionals<\/a>.<\/p>\n","protected":false},"excerpt":{"rendered":"<p>L&#8217;expositor per a sabates de metacrilat \u00e9s una pe\u00e7a de comunicaci\u00f3 visual transparent i lleugera. La seva missi\u00f3 \u00e9s exhibir qualsevol tipus de sabata o bossa proporcionant suport i al\u00e7ada. A m\u00e9s, afegeix un toc modern i subtil al teu aparador a trav\u00e9s d\u2019 articles fets de metacrilat. Fabricat \u00edntegrament de metacrilat de colada transparent, [&hellip;]<\/p>\n","protected":false},"featured_media":18909,"comment_status":"open","ping_status":"closed","template":"","meta":{"_acf_changed":false},"product_brand":[],"product_cat":[611,582,618],"product_tag":[1141,813,740,1276],"class_list":{"0":"post-9059","1":"product","2":"type-product","3":"status-publish","4":"has-post-thumbnail","6":"product_cat-escaparatismo-ca","7":"product_cat-articles-ca","8":"product_cat-expositores-para-zapatos-y-bolsos-ca","9":"product_tag-cerca-per-autor-de-metacrilat","10":"product_tag-metacrilat","11":"product_tag-metacrilat-incolor","12":"product_tag-suport-de-metacrilat-ca","14":"first","15":"instock","16":"shipping-taxable","17":"purchasable","18":"product-type-variable"},"acf":{"photo_gallery":{"opciones_de_agujeros":[[]]}},"yoast_head":"<!-- This site is optimized with the Yoast SEO plugin v27.4 - https:\/\/yoast.com\/product\/yoast-seo-wordpress\/ -->\n<title>Expositor de Sabates de Metacrilat | Plastic Express<\/title>\n<meta name=\"description\" content=\"L&#039;expositor de sabates de metacrilat de Plastic Express \u00e9s una pe\u00e7a ideal per a aparadors. Una forma elegant d&#039;exposar els teus productes.\" \/>\n<meta name=\"robots\" content=\"index, follow, max-snippet:-1, max-image-preview:large, max-video-preview:-1\" \/>\n<link rel=\"canonical\" href=\"https:\/\/plasticexpress.es\/ca\/producto\/articles-ca\/escaparatismo-ca\/expositores-para-zapatos-y-bolsos-ca\/expositores-para-zapatos-de-metacrilato\/\" \/>\n<meta property=\"og:locale\" content=\"ca_ES\" \/>\n<meta property=\"og:type\" content=\"article\" \/>\n<meta property=\"og:title\" content=\"Expositor de Sabates de Metacrilat | Plastic Express\" \/>\n<meta property=\"og:description\" content=\"L&#039;expositor de sabates de metacrilat de Plastic Express \u00e9s una pe\u00e7a ideal per a aparadors. Una forma elegant d&#039;exposar els teus productes.\" \/>\n<meta property=\"og:url\" content=\"https:\/\/plasticexpress.es\/ca\/producto\/articles-ca\/escaparatismo-ca\/expositores-para-zapatos-y-bolsos-ca\/expositores-para-zapatos-de-metacrilato\/\" \/>\n<meta property=\"og:site_name\" content=\"Plasticexpress\" \/>\n<meta property=\"article:modified_time\" content=\"2024-01-29T11:32:52+00:00\" \/>\n<meta property=\"og:image\" content=\"https:\/\/plasticexpress.es\/wp-content\/uploads\/2020\/10\/Expositor-para-zapatos-de-metacrilato-1.jpg\" \/>\n\t<meta property=\"og:image:width\" content=\"1296\" \/>\n\t<meta property=\"og:image:height\" content=\"864\" \/>\n\t<meta property=\"og:image:type\" content=\"image\/jpeg\" \/>\n<meta name=\"twitter:card\" content=\"summary_large_image\" \/>\n<meta name=\"twitter:label1\" content=\"Temps estimat de lectura\" \/>\n\t<meta name=\"twitter:data1\" content=\"4 minuts\" \/>\n<script type=\"application\/ld+json\" class=\"yoast-schema-graph\">{\"@context\":\"https:\\\/\\\/schema.org\",\"@graph\":[{\"@type\":\"WebPage\",\"@id\":\"https:\\\/\\\/plasticexpress.es\\\/ca\\\/producto\\\/articles-ca\\\/escaparatismo-ca\\\/expositores-para-zapatos-y-bolsos-ca\\\/expositores-para-zapatos-de-metacrilato\\\/\",\"url\":\"https:\\\/\\\/plasticexpress.es\\\/ca\\\/producto\\\/articles-ca\\\/escaparatismo-ca\\\/expositores-para-zapatos-y-bolsos-ca\\\/expositores-para-zapatos-de-metacrilato\\\/\",\"name\":\"Expositor de Sabates de Metacrilat | Plastic Express\",\"isPartOf\":{\"@id\":\"https:\\\/\\\/plasticexpress.es\\\/ca\\\/#website\"},\"primaryImageOfPage\":{\"@id\":\"https:\\\/\\\/plasticexpress.es\\\/ca\\\/producto\\\/articles-ca\\\/escaparatismo-ca\\\/expositores-para-zapatos-y-bolsos-ca\\\/expositores-para-zapatos-de-metacrilato\\\/#primaryimage\"},\"image\":{\"@id\":\"https:\\\/\\\/plasticexpress.es\\\/ca\\\/producto\\\/articles-ca\\\/escaparatismo-ca\\\/expositores-para-zapatos-y-bolsos-ca\\\/expositores-para-zapatos-de-metacrilato\\\/#primaryimage\"},\"thumbnailUrl\":\"https:\\\/\\\/plasticexpress.es\\\/wp-content\\\/uploads\\\/2020\\\/10\\\/Expositor-para-zapatos-de-metacrilato-1.jpg\",\"datePublished\":\"2021-04-05T02:54:16+00:00\",\"dateModified\":\"2024-01-29T11:32:52+00:00\",\"description\":\"L'expositor de sabates de metacrilat de Plastic Express \u00e9s una pe\u00e7a ideal per a aparadors. Una forma elegant d'exposar els teus productes.\",\"breadcrumb\":{\"@id\":\"https:\\\/\\\/plasticexpress.es\\\/ca\\\/producto\\\/articles-ca\\\/escaparatismo-ca\\\/expositores-para-zapatos-y-bolsos-ca\\\/expositores-para-zapatos-de-metacrilato\\\/#breadcrumb\"},\"inLanguage\":\"ca\",\"potentialAction\":[{\"@type\":\"ReadAction\",\"target\":[\"https:\\\/\\\/plasticexpress.es\\\/ca\\\/producto\\\/articles-ca\\\/escaparatismo-ca\\\/expositores-para-zapatos-y-bolsos-ca\\\/expositores-para-zapatos-de-metacrilato\\\/\"]}]},{\"@type\":\"ImageObject\",\"inLanguage\":\"ca\",\"@id\":\"https:\\\/\\\/plasticexpress.es\\\/ca\\\/producto\\\/articles-ca\\\/escaparatismo-ca\\\/expositores-para-zapatos-y-bolsos-ca\\\/expositores-para-zapatos-de-metacrilato\\\/#primaryimage\",\"url\":\"https:\\\/\\\/plasticexpress.es\\\/wp-content\\\/uploads\\\/2020\\\/10\\\/Expositor-para-zapatos-de-metacrilato-1.jpg\",\"contentUrl\":\"https:\\\/\\\/plasticexpress.es\\\/wp-content\\\/uploads\\\/2020\\\/10\\\/Expositor-para-zapatos-de-metacrilato-1.jpg\",\"width\":1296,\"height\":864},{\"@type\":\"BreadcrumbList\",\"@id\":\"https:\\\/\\\/plasticexpress.es\\\/ca\\\/producto\\\/articles-ca\\\/escaparatismo-ca\\\/expositores-para-zapatos-y-bolsos-ca\\\/expositores-para-zapatos-de-metacrilato\\\/#breadcrumb\",\"itemListElement\":[{\"@type\":\"ListItem\",\"position\":1,\"name\":\"Portada\",\"item\":\"https:\\\/\\\/plasticexpress.es\\\/ca\\\/\"},{\"@type\":\"ListItem\",\"position\":2,\"name\":\"Shop\",\"item\":\"https:\\\/\\\/plasticexpress.es\\\/ca\\\/shop\\\/\"},{\"@type\":\"ListItem\",\"position\":3,\"name\":\"Expositor per a sabates de metacrilat\"}]},{\"@type\":\"WebSite\",\"@id\":\"https:\\\/\\\/plasticexpress.es\\\/ca\\\/#website\",\"url\":\"https:\\\/\\\/plasticexpress.es\\\/ca\\\/\",\"name\":\"Plasticexpress\",\"description\":\"Venta de materiales y art\u00edculos de Metacrilato\",\"potentialAction\":[{\"@type\":\"SearchAction\",\"target\":{\"@type\":\"EntryPoint\",\"urlTemplate\":\"https:\\\/\\\/plasticexpress.es\\\/ca\\\/?s={search_term_string}\"},\"query-input\":{\"@type\":\"PropertyValueSpecification\",\"valueRequired\":true,\"valueName\":\"search_term_string\"}}],\"inLanguage\":\"ca\"}]}<\/script>\n<!-- \/ Yoast SEO plugin. -->","yoast_head_json":{"title":"Expositor de Sabates de Metacrilat | Plastic Express","description":"L'expositor de sabates de metacrilat de Plastic Express \u00e9s una pe\u00e7a ideal per a aparadors. Una forma elegant d'exposar els teus productes.","robots":{"index":"index","follow":"follow","max-snippet":"max-snippet:-1","max-image-preview":"max-image-preview:large","max-video-preview":"max-video-preview:-1"},"canonical":"https:\/\/plasticexpress.es\/ca\/producto\/articles-ca\/escaparatismo-ca\/expositores-para-zapatos-y-bolsos-ca\/expositores-para-zapatos-de-metacrilato\/","og_locale":"ca_ES","og_type":"article","og_title":"Expositor de Sabates de Metacrilat | Plastic Express","og_description":"L'expositor de sabates de metacrilat de Plastic Express \u00e9s una pe\u00e7a ideal per a aparadors. Una forma elegant d'exposar els teus productes.","og_url":"https:\/\/plasticexpress.es\/ca\/producto\/articles-ca\/escaparatismo-ca\/expositores-para-zapatos-y-bolsos-ca\/expositores-para-zapatos-de-metacrilato\/","og_site_name":"Plasticexpress","article_modified_time":"2024-01-29T11:32:52+00:00","og_image":[{"width":1296,"height":864,"url":"https:\/\/plasticexpress.es\/wp-content\/uploads\/2020\/10\/Expositor-para-zapatos-de-metacrilato-1.jpg","type":"image\/jpeg"}],"twitter_card":"summary_large_image","twitter_misc":{"Temps estimat de lectura":"4 minuts"},"schema":{"@context":"https:\/\/schema.org","@graph":[{"@type":"WebPage","@id":"https:\/\/plasticexpress.es\/ca\/producto\/articles-ca\/escaparatismo-ca\/expositores-para-zapatos-y-bolsos-ca\/expositores-para-zapatos-de-metacrilato\/","url":"https:\/\/plasticexpress.es\/ca\/producto\/articles-ca\/escaparatismo-ca\/expositores-para-zapatos-y-bolsos-ca\/expositores-para-zapatos-de-metacrilato\/","name":"Expositor de Sabates de Metacrilat | Plastic Express","isPartOf":{"@id":"https:\/\/plasticexpress.es\/ca\/#website"},"primaryImageOfPage":{"@id":"https:\/\/plasticexpress.es\/ca\/producto\/articles-ca\/escaparatismo-ca\/expositores-para-zapatos-y-bolsos-ca\/expositores-para-zapatos-de-metacrilato\/#primaryimage"},"image":{"@id":"https:\/\/plasticexpress.es\/ca\/producto\/articles-ca\/escaparatismo-ca\/expositores-para-zapatos-y-bolsos-ca\/expositores-para-zapatos-de-metacrilato\/#primaryimage"},"thumbnailUrl":"https:\/\/plasticexpress.es\/wp-content\/uploads\/2020\/10\/Expositor-para-zapatos-de-metacrilato-1.jpg","datePublished":"2021-04-05T02:54:16+00:00","dateModified":"2024-01-29T11:32:52+00:00","description":"L'expositor de sabates de metacrilat de Plastic Express \u00e9s una pe\u00e7a ideal per a aparadors. Una forma elegant d'exposar els teus productes.","breadcrumb":{"@id":"https:\/\/plasticexpress.es\/ca\/producto\/articles-ca\/escaparatismo-ca\/expositores-para-zapatos-y-bolsos-ca\/expositores-para-zapatos-de-metacrilato\/#breadcrumb"},"inLanguage":"ca","potentialAction":[{"@type":"ReadAction","target":["https:\/\/plasticexpress.es\/ca\/producto\/articles-ca\/escaparatismo-ca\/expositores-para-zapatos-y-bolsos-ca\/expositores-para-zapatos-de-metacrilato\/"]}]},{"@type":"ImageObject","inLanguage":"ca","@id":"https:\/\/plasticexpress.es\/ca\/producto\/articles-ca\/escaparatismo-ca\/expositores-para-zapatos-y-bolsos-ca\/expositores-para-zapatos-de-metacrilato\/#primaryimage","url":"https:\/\/plasticexpress.es\/wp-content\/uploads\/2020\/10\/Expositor-para-zapatos-de-metacrilato-1.jpg","contentUrl":"https:\/\/plasticexpress.es\/wp-content\/uploads\/2020\/10\/Expositor-para-zapatos-de-metacrilato-1.jpg","width":1296,"height":864},{"@type":"BreadcrumbList","@id":"https:\/\/plasticexpress.es\/ca\/producto\/articles-ca\/escaparatismo-ca\/expositores-para-zapatos-y-bolsos-ca\/expositores-para-zapatos-de-metacrilato\/#breadcrumb","itemListElement":[{"@type":"ListItem","position":1,"name":"Portada","item":"https:\/\/plasticexpress.es\/ca\/"},{"@type":"ListItem","position":2,"name":"Shop","item":"https:\/\/plasticexpress.es\/ca\/shop\/"},{"@type":"ListItem","position":3,"name":"Expositor per a sabates de metacrilat"}]},{"@type":"WebSite","@id":"https:\/\/plasticexpress.es\/ca\/#website","url":"https:\/\/plasticexpress.es\/ca\/","name":"Plasticexpress","description":"Venta de materiales y art\u00edculos de Metacrilato","potentialAction":[{"@type":"SearchAction","target":{"@type":"EntryPoint","urlTemplate":"https:\/\/plasticexpress.es\/ca\/?s={search_term_string}"},"query-input":{"@type":"PropertyValueSpecification","valueRequired":true,"valueName":"search_term_string"}}],"inLanguage":"ca"}]}},"_links":{"self":[{"href":"https:\/\/plasticexpress.es\/ca\/wp-json\/wp\/v2\/product\/9059","targetHints":{"allow":["GET"]}}],"collection":[{"href":"https:\/\/plasticexpress.es\/ca\/wp-json\/wp\/v2\/product"}],"about":[{"href":"https:\/\/plasticexpress.es\/ca\/wp-json\/wp\/v2\/types\/product"}],"replies":[{"embeddable":true,"href":"https:\/\/plasticexpress.es\/ca\/wp-json\/wp\/v2\/comments?post=9059"}],"version-history":[{"count":3,"href":"https:\/\/plasticexpress.es\/ca\/wp-json\/wp\/v2\/product\/9059\/revisions"}],"predecessor-version":[{"id":16957,"href":"https:\/\/plasticexpress.es\/ca\/wp-json\/wp\/v2\/product\/9059\/revisions\/16957"}],"wp:featuredmedia":[{"embeddable":true,"href":"https:\/\/plasticexpress.es\/ca\/wp-json\/wp\/v2\/media\/18909"}],"wp:attachment":[{"href":"https:\/\/plasticexpress.es\/ca\/wp-json\/wp\/v2\/media?parent=9059"}],"wp:term":[{"taxonomy":"product_brand","embeddable":true,"href":"https:\/\/plasticexpress.es\/ca\/wp-json\/wp\/v2\/product_brand?post=9059"},{"taxonomy":"product_cat","embeddable":true,"href":"https:\/\/plasticexpress.es\/ca\/wp-json\/wp\/v2\/product_cat?post=9059"},{"taxonomy":"product_tag","embeddable":true,"href":"https:\/\/plasticexpress.es\/ca\/wp-json\/wp\/v2\/product_tag?post=9059"}],"curies":[{"name":"wp","href":"https:\/\/api.w.org\/{rel}","templated":true}]}}