

{"id":9067,"date":"2020-10-01T16:19:39","date_gmt":"2021-04-05T03:01:32","guid":{"rendered":"https:\/\/plasticexpress.es\/producto\/Sense%20categoria\/expositor-per-a-mobils-de-metacrilat\/"},"modified":"2024-01-29T12:59:00","modified_gmt":"2024-01-29T11:59:00","slug":"expositores-para-moviles-de-metacrilato","status":"publish","type":"product","link":"https:\/\/plasticexpress.es\/ca\/producto\/articles-ca\/escaparatismo-ca\/expositores-para-moviles-ca\/expositores-para-moviles-de-metacrilato\/","title":{"rendered":"Expositor per a m\u00f2bils de metacrilat"},"content":{"rendered":"<p style=\"text-align: justify;\"><span style=\"font-weight: 400;\">El <\/span><a href=\"https:\/\/plasticexpress.es\/ca\/materials-ca\/metacrilat\/\"><span style=\"font-weight: 400;\">metacrilat<\/span><\/a><span style=\"font-weight: 400;\"> (PMMA) s&#8217;ha convertit en el nou material m\u00e9s utilitzat en qualsevol tipus de sector industrial o privat. Es tracta d&#8217;un <\/span><strong>material que est\u00e0 substituint al vidre<\/strong><span style=\"font-weight: 400;\">, ja que ofereix les mateixes qualitats visuals, per\u00f2 amb molta m\u00e9s resist\u00e8ncia i brindant l&#8217;oportunitat d&#8217;imprimir damunt d&#8217;ell.<\/span><\/p>\n<p style=\"text-align: justify;\"><span style=\"font-weight: 400;\">Aix\u00f2 vol dir que cada vegada s\u00f3n m\u00e9s les ind\u00fastries que comencen a canviar les seves peces actuals, per peces de metacrilat incolor, com \u00e9s el cas dels expositors per a m\u00f2bils de metacrilat.<\/span><\/p>\n<h2 style=\"text-align: justify;\"><strong>Qu\u00e8 s\u00f3n els expositors per a m\u00f2bils de metacrilat<\/strong><\/h2>\n<p style=\"text-align: justify;\"><span style=\"font-weight: 400;\">Els expositors per a smartphones s\u00f3n unes peces fetes de <\/span><a href=\"https:\/\/plasticexpress.es\/ca\/producto\/materials-ca\/metacrilat\/metacrilat-transparent\/metacrilat-transparent\/\"><strong>metacrilat transparent<\/strong><\/a> <span style=\"font-weight: 400;\">que serveixen per a mantenir als clients comunicats en tot moment. \u00c9s a dir, forma part de la comunicaci\u00f3 visual d&#8217;un establiment. Aquestes peces s\u00f3n totalment transparents i molt lleugeres.<\/span><\/p>\n<p style=\"text-align: justify;\"><span style=\"font-weight: 400;\">Gr\u00e0cies a aquest expositor m\u00f2bil podr\u00e0s mostrar qualsevol tipus de tel\u00e8fon proporcionant-li un suport i una al\u00e7ada, cosa que facilitar\u00e0 el consum dels teus clients. A m\u00e9s, en ser <\/span><strong>peces incolores<\/strong><span style=\"font-weight: 400;\">, s\u00f3n \u00fatils per a posicionar en qualsevol rac\u00f3 de la botiga f\u00edsica i aportaran un toc de disseny molt modern en el teu aparador.<\/span><\/p>\n<p style=\"text-align: justify;\"><span style=\"font-weight: 400;\">Aquest tipus d&#8217;expositors per a botigues de m\u00f2bils garanteixen una qualitat \u00f2ptica excel\u00b7lent per la seva transpar\u00e8ncia, la qual cosa els fa ser objectes molt similars als de vidrel. Els composa una \u00fanica pe\u00e7a que ha estat treballada i corbada amb diferents angles, perqu\u00e8 adquireixi la forma final desitjada.<\/span><\/p>\n<p style=\"text-align: justify;\"><span style=\"font-weight: 400;\">Per a aconseguir la forma final i assegurar-nos que la base \u00e9s resistent, per a servir com a <\/span><strong>suport m\u00f2bil<\/strong><span style=\"font-weight: 400;\">, s&#8217;han utilitzat els processos de tall l\u00e0ser de metacrilat i doblegat de metacrilat.<\/span><\/p>\n<h2 style=\"text-align: justify;\"><strong>Per a qu\u00e8 serveixen els expositors per a m\u00f2bils de metacrilat<\/strong><\/h2>\n<p style=\"text-align: justify;\"><span style=\"font-weight: 400;\">L&#8217;expositor de metacrilat per a m\u00f2bils \u00e9s una pe\u00e7a molt vers\u00e0til que pot utilitzar-se en molts dels camps industrials i tamb\u00e9 per a la decoraci\u00f3 personal de la teva llar. T\u2019ensenyarem\u00a0 algunes de les aplicacions m\u00e9s utilitzades pels nostres clients, per\u00f2 <\/span><strong>pots deixar volar la teva imaginaci\u00f3 i trobar-li nous usos<\/strong><span style=\"font-weight: 400;\"> i espais per a funcionar.<\/span><\/p>\n<ul style=\"text-align: justify;\">\n<li style=\"font-weight: 400;\"><strong>Aparadors comercials<\/strong><span style=\"font-weight: 400;\">: Els aparadors comercials han de mostrar d&#8217;una manera ordenada tots els articles que tenen, perqu\u00e8 aquests siguin atractius per a la gent que passa pel carrer i els converteixi en potencials clients.<\/span><\/li>\n<\/ul>\n<ul style=\"text-align: justify;\">\n<li style=\"font-weight: 400;\"><strong>PLV<\/strong><span style=\"font-weight: 400;\">: Aquest tipus de publicitat s&#8217;ha convertit en una eina fonamental de m\u00e0rqueting per a les empreses. Els articles es col\u00b7loquen normalment prop de les \u00e0rees de pagament, o all\u00ed on \u00e9s m\u00e9s probable que el consumidor consideri comprar el producte.<\/span><\/li>\n<\/ul>\n<ul style=\"text-align: justify;\">\n<li style=\"font-weight: 400;\"><strong>Col\u00b7leccionisme<\/strong><span style=\"font-weight: 400;\">: Ja sigui per a una botiga especialitzada o per a un usuari particular, les peces de col\u00b7leccionisme s\u00f3n \u00faniques i mereixen ser cuidades de la millor manera, perqu\u00e8 es conservin durant molts anys.<\/span><\/li>\n<\/ul>\n<ul style=\"text-align: justify;\">\n<li style=\"font-weight: 400;\"><strong>Exposici\u00f3 d&#8217;articles d&#8217;alt valor<\/strong><span style=\"font-weight: 400;\">: Els expositors de metacrilat s\u00f3n resistents i tenen una bona base que els fa ser ben estables. Pel que s\u00f3n ideals per a sostenir articles d&#8217;alt valor.<\/span><\/li>\n<\/ul>\n<ul style=\"text-align: justify;\">\n<li style=\"font-weight: 400;\"><strong>Comer\u00e7os electr\u00f2nics<\/strong><span style=\"font-weight: 400;\">: En els comer\u00e7os electr\u00f2nics ser\u00e0 necessari exposar els nous tel\u00e8fons intel\u00b7ligents que hagin sortit al mercat. No hi ha millor manera de fer-ho que amb una pe\u00e7a expressament dissenyada per a aix\u00f2.<\/span><\/li>\n<\/ul>\n<ul style=\"text-align: justify;\">\n<li style=\"font-weight: 400;\"><strong>Altres aplicacions<\/strong><span style=\"font-weight: 400;\">: Aquests expositors no es limiten \u00fanicament a mostrar els m\u00f2bils que han sortit al mercat, sin\u00f3 que poden ser \u00fatils en qualsevol sector i establiment: \u00f2ptiques, joieries, sabateries, decoraci\u00f3, estands, boutiques, etc.<\/span><\/li>\n<\/ul>\n<p style=\"text-align: justify;\"><span style=\"font-weight: 400;\">A Plastic Express hem creat una secci\u00f3 completa dedicada a l&#8217;<\/span><strong>aparadorisme<\/strong><span style=\"font-weight: 400;\"> i els expositors per a m\u00f2bils juguen un paper molt important. Pots donar un cop d&#8217;ull a totes les altres peces que t&#8217;ajudaran al fet que el teu aparador reflecteixi exactament el que vols que vegin els teus clients.<\/span><\/p>\n<h2 style=\"text-align: justify;\"><strong>Com sol\u00b7licito un expositor de m\u00f2bils de metacrilat a mida?<\/strong><\/h2>\n<p style=\"text-align: justify;\"><span style=\"font-weight: 400;\">A la nostra p\u00e0gina web de Plastic Express podr\u00e0s veure tots els articles que tenim en estoc, triar el que t&#8217;interessi en cada moment i comprar-lo directament des de la nostra plataforma. Per\u00f2, si el teu projecte \u00e9s una mica m\u00e9s ambici\u00f3s, potser necessites generar les teves pr\u00f2pies peces de metacrilat a mesura.<\/span><\/p>\n<p style=\"text-align: justify;\"><span style=\"font-weight: 400;\">En Plastic Express posem totes les facilitats al teu abast, perqu\u00e8 els teus projectes es facin realitat. L&#8217;\u00fanica cosa que haur\u00e0s de fer \u00e9s escriure&#8217;ns al nostre correu electr\u00f2nic d&#8217;<\/span><a href=\"mailto:info@plasticexpress.es\"><span style=\"font-weight: 400;\">info@plasticexpress.es<\/span><\/a><span style=\"font-weight: 400;\">, amb la seg\u00fcent informaci\u00f3:<\/span><\/p>\n<p style=\"text-align: justify;\"><span style=\"font-weight: 400;\">En l&#8217;assumpte del correu indica&#8217;ns quin \u00e9s l&#8217;article en el qual est\u00e0s interessat i el material. En aquest cas, expositor per a m\u00f2bils de metacrilat transparent.<\/span><\/p>\n<p style=\"text-align: justify;\"><span style=\"font-weight: 400;\">Al cos del correu pots explicar una mica quin \u00e9s el teu projecte, indicar-nos les mides que necessites i quina \u00e9s la idea que tens per a dur-lo a terme.<\/span><\/p>\n<p style=\"text-align: justify;\"><span style=\"font-weight: 400;\">Els nostres professionals rebran aquesta email i es posaran a treballar en el teu cas per a oferir-te un pressupost personalitzat, a m\u00e9s d&#8217;alguns consells pr\u00e0ctics que t&#8217;ajudaran a millorar la idea del teu projecte.<\/span><\/p>\n<p style=\"text-align: justify;\"><span style=\"font-weight: 400;\">Finalment, recorda que si ets un professional del sector, pots accedir a descomptes en els teus expositors per a m\u00f2bils de metacrilat, a trav\u00e9s del <\/span><a href=\"https:\/\/plasticexpress.es\/procesos-de-manufactura-de-materiales-plasticos\/presupuestos-para-profesionales\/\"><strong>formulari de pressupostos professionals<\/strong><\/a><span style=\"font-weight: 400;\">, que trobar\u00e0s a la nostra p\u00e0gina web de Plastic Express. Fes realitat els teus somnis i utilitza el millor material per aconseguir-ho!<\/span><\/p>\n","protected":false},"excerpt":{"rendered":"<p>El metacrilat (PMMA) s&#8217;ha convertit en el nou material m\u00e9s utilitzat en qualsevol tipus de sector industrial o privat. Es tracta d&#8217;un material que est\u00e0 substituint al vidre, ja que ofereix les mateixes qualitats visuals, per\u00f2 amb molta m\u00e9s resist\u00e8ncia i brindant l&#8217;oportunitat d&#8217;imprimir damunt d&#8217;ell. Aix\u00f2 vol dir que cada vegada s\u00f3n m\u00e9s les [&hellip;]<\/p>\n","protected":false},"featured_media":18912,"comment_status":"open","ping_status":"closed","template":"","meta":{"_acf_changed":false},"product_brand":[],"product_cat":[611,582,620],"product_tag":[1141,778,1208],"class_list":{"0":"post-9067","1":"product","2":"type-product","3":"status-publish","4":"has-post-thumbnail","6":"product_cat-escaparatismo-ca","7":"product_cat-articles-ca","8":"product_cat-expositores-para-moviles-ca","9":"product_tag-cerca-per-autor-de-metacrilat","10":"product_tag-comprar-metacrilat","11":"product_tag-expositor-metacrilat","13":"first","14":"instock","15":"shipping-taxable","16":"purchasable","17":"product-type-simple"},"acf":{"photo_gallery":{"opciones_de_agujeros":[[]]}},"yoast_head":"<!-- This site is optimized with the Yoast SEO plugin v27.2 - https:\/\/yoast.com\/product\/yoast-seo-wordpress\/ -->\n<title>Expositor per a M\u00f2bils de Metacrilat | Plastic Express<\/title>\n<meta name=\"description\" content=\"Amb els nostres expositor de m\u00f2bils de metacrilat proporcionar\u00e0s eleg\u00e0ncia i al\u00e7ada als teus aparadors. Fabricats amb metacrilat d&#039;alta qualitat.\" \/>\n<meta name=\"robots\" content=\"index, follow, max-snippet:-1, max-image-preview:large, max-video-preview:-1\" \/>\n<link rel=\"canonical\" href=\"https:\/\/plasticexpress.es\/ca\/producto\/articles-ca\/escaparatismo-ca\/expositores-para-moviles-ca\/expositores-para-moviles-de-metacrilato\/\" \/>\n<meta property=\"og:locale\" content=\"ca_ES\" \/>\n<meta property=\"og:type\" content=\"article\" \/>\n<meta property=\"og:title\" content=\"Expositor per a M\u00f2bils de Metacrilat | Plastic Express\" \/>\n<meta property=\"og:description\" content=\"Amb els nostres expositor de m\u00f2bils de metacrilat proporcionar\u00e0s eleg\u00e0ncia i al\u00e7ada als teus aparadors. Fabricats amb metacrilat d&#039;alta qualitat.\" \/>\n<meta property=\"og:url\" content=\"https:\/\/plasticexpress.es\/ca\/producto\/articles-ca\/escaparatismo-ca\/expositores-para-moviles-ca\/expositores-para-moviles-de-metacrilato\/\" \/>\n<meta property=\"og:site_name\" content=\"Plasticexpress\" \/>\n<meta property=\"article:modified_time\" content=\"2024-01-29T11:59:00+00:00\" \/>\n<meta property=\"og:image\" content=\"https:\/\/plasticexpress.es\/wp-content\/uploads\/2020\/10\/Expositor-para-moviles-de-metacrilato-1.jpg\" \/>\n\t<meta property=\"og:image:width\" content=\"1296\" \/>\n\t<meta property=\"og:image:height\" content=\"864\" \/>\n\t<meta property=\"og:image:type\" content=\"image\/jpeg\" \/>\n<meta name=\"twitter:card\" content=\"summary_large_image\" \/>\n<meta name=\"twitter:label1\" content=\"Temps estimat de lectura\" \/>\n\t<meta name=\"twitter:data1\" content=\"4 minuts\" \/>\n<script type=\"application\/ld+json\" class=\"yoast-schema-graph\">{\"@context\":\"https:\/\/schema.org\",\"@graph\":[{\"@type\":\"WebPage\",\"@id\":\"https:\/\/plasticexpress.es\/ca\/producto\/articles-ca\/escaparatismo-ca\/expositores-para-moviles-ca\/expositores-para-moviles-de-metacrilato\/\",\"url\":\"https:\/\/plasticexpress.es\/ca\/producto\/articles-ca\/escaparatismo-ca\/expositores-para-moviles-ca\/expositores-para-moviles-de-metacrilato\/\",\"name\":\"Expositor per a M\u00f2bils de Metacrilat | Plastic Express\",\"isPartOf\":{\"@id\":\"https:\/\/plasticexpress.es\/ca\/#website\"},\"primaryImageOfPage\":{\"@id\":\"https:\/\/plasticexpress.es\/ca\/producto\/articles-ca\/escaparatismo-ca\/expositores-para-moviles-ca\/expositores-para-moviles-de-metacrilato\/#primaryimage\"},\"image\":{\"@id\":\"https:\/\/plasticexpress.es\/ca\/producto\/articles-ca\/escaparatismo-ca\/expositores-para-moviles-ca\/expositores-para-moviles-de-metacrilato\/#primaryimage\"},\"thumbnailUrl\":\"https:\/\/plasticexpress.es\/wp-content\/uploads\/2020\/10\/Expositor-para-moviles-de-metacrilato-1.jpg\",\"datePublished\":\"2021-04-05T03:01:32+00:00\",\"dateModified\":\"2024-01-29T11:59:00+00:00\",\"description\":\"Amb els nostres expositor de m\u00f2bils de metacrilat proporcionar\u00e0s eleg\u00e0ncia i al\u00e7ada als teus aparadors. Fabricats amb metacrilat d'alta qualitat.\",\"breadcrumb\":{\"@id\":\"https:\/\/plasticexpress.es\/ca\/producto\/articles-ca\/escaparatismo-ca\/expositores-para-moviles-ca\/expositores-para-moviles-de-metacrilato\/#breadcrumb\"},\"inLanguage\":\"ca\",\"potentialAction\":[{\"@type\":\"ReadAction\",\"target\":[\"https:\/\/plasticexpress.es\/ca\/producto\/articles-ca\/escaparatismo-ca\/expositores-para-moviles-ca\/expositores-para-moviles-de-metacrilato\/\"]}]},{\"@type\":\"ImageObject\",\"inLanguage\":\"ca\",\"@id\":\"https:\/\/plasticexpress.es\/ca\/producto\/articles-ca\/escaparatismo-ca\/expositores-para-moviles-ca\/expositores-para-moviles-de-metacrilato\/#primaryimage\",\"url\":\"https:\/\/plasticexpress.es\/wp-content\/uploads\/2020\/10\/Expositor-para-moviles-de-metacrilato-1.jpg\",\"contentUrl\":\"https:\/\/plasticexpress.es\/wp-content\/uploads\/2020\/10\/Expositor-para-moviles-de-metacrilato-1.jpg\",\"width\":1296,\"height\":864},{\"@type\":\"BreadcrumbList\",\"@id\":\"https:\/\/plasticexpress.es\/ca\/producto\/articles-ca\/escaparatismo-ca\/expositores-para-moviles-ca\/expositores-para-moviles-de-metacrilato\/#breadcrumb\",\"itemListElement\":[{\"@type\":\"ListItem\",\"position\":1,\"name\":\"Portada\",\"item\":\"https:\/\/plasticexpress.es\/ca\/\"},{\"@type\":\"ListItem\",\"position\":2,\"name\":\"Shop\",\"item\":\"https:\/\/plasticexpress.es\/ca\/shop\/\"},{\"@type\":\"ListItem\",\"position\":3,\"name\":\"Expositor per a m\u00f2bils de metacrilat\"}]},{\"@type\":\"WebSite\",\"@id\":\"https:\/\/plasticexpress.es\/ca\/#website\",\"url\":\"https:\/\/plasticexpress.es\/ca\/\",\"name\":\"Plasticexpress\",\"description\":\"Venta de materiales y art\u00edculos de Metacrilato\",\"potentialAction\":[{\"@type\":\"SearchAction\",\"target\":{\"@type\":\"EntryPoint\",\"urlTemplate\":\"https:\/\/plasticexpress.es\/ca\/?s={search_term_string}\"},\"query-input\":{\"@type\":\"PropertyValueSpecification\",\"valueRequired\":true,\"valueName\":\"search_term_string\"}}],\"inLanguage\":\"ca\"}]}<\/script>\n<!-- \/ Yoast SEO plugin. -->","yoast_head_json":{"title":"Expositor per a M\u00f2bils de Metacrilat | Plastic Express","description":"Amb els nostres expositor de m\u00f2bils de metacrilat proporcionar\u00e0s eleg\u00e0ncia i al\u00e7ada als teus aparadors. Fabricats amb metacrilat d'alta qualitat.","robots":{"index":"index","follow":"follow","max-snippet":"max-snippet:-1","max-image-preview":"max-image-preview:large","max-video-preview":"max-video-preview:-1"},"canonical":"https:\/\/plasticexpress.es\/ca\/producto\/articles-ca\/escaparatismo-ca\/expositores-para-moviles-ca\/expositores-para-moviles-de-metacrilato\/","og_locale":"ca_ES","og_type":"article","og_title":"Expositor per a M\u00f2bils de Metacrilat | Plastic Express","og_description":"Amb els nostres expositor de m\u00f2bils de metacrilat proporcionar\u00e0s eleg\u00e0ncia i al\u00e7ada als teus aparadors. Fabricats amb metacrilat d'alta qualitat.","og_url":"https:\/\/plasticexpress.es\/ca\/producto\/articles-ca\/escaparatismo-ca\/expositores-para-moviles-ca\/expositores-para-moviles-de-metacrilato\/","og_site_name":"Plasticexpress","article_modified_time":"2024-01-29T11:59:00+00:00","og_image":[{"width":1296,"height":864,"url":"https:\/\/plasticexpress.es\/wp-content\/uploads\/2020\/10\/Expositor-para-moviles-de-metacrilato-1.jpg","type":"image\/jpeg"}],"twitter_card":"summary_large_image","twitter_misc":{"Temps estimat de lectura":"4 minuts"},"schema":{"@context":"https:\/\/schema.org","@graph":[{"@type":"WebPage","@id":"https:\/\/plasticexpress.es\/ca\/producto\/articles-ca\/escaparatismo-ca\/expositores-para-moviles-ca\/expositores-para-moviles-de-metacrilato\/","url":"https:\/\/plasticexpress.es\/ca\/producto\/articles-ca\/escaparatismo-ca\/expositores-para-moviles-ca\/expositores-para-moviles-de-metacrilato\/","name":"Expositor per a M\u00f2bils de Metacrilat | Plastic Express","isPartOf":{"@id":"https:\/\/plasticexpress.es\/ca\/#website"},"primaryImageOfPage":{"@id":"https:\/\/plasticexpress.es\/ca\/producto\/articles-ca\/escaparatismo-ca\/expositores-para-moviles-ca\/expositores-para-moviles-de-metacrilato\/#primaryimage"},"image":{"@id":"https:\/\/plasticexpress.es\/ca\/producto\/articles-ca\/escaparatismo-ca\/expositores-para-moviles-ca\/expositores-para-moviles-de-metacrilato\/#primaryimage"},"thumbnailUrl":"https:\/\/plasticexpress.es\/wp-content\/uploads\/2020\/10\/Expositor-para-moviles-de-metacrilato-1.jpg","datePublished":"2021-04-05T03:01:32+00:00","dateModified":"2024-01-29T11:59:00+00:00","description":"Amb els nostres expositor de m\u00f2bils de metacrilat proporcionar\u00e0s eleg\u00e0ncia i al\u00e7ada als teus aparadors. Fabricats amb metacrilat d'alta qualitat.","breadcrumb":{"@id":"https:\/\/plasticexpress.es\/ca\/producto\/articles-ca\/escaparatismo-ca\/expositores-para-moviles-ca\/expositores-para-moviles-de-metacrilato\/#breadcrumb"},"inLanguage":"ca","potentialAction":[{"@type":"ReadAction","target":["https:\/\/plasticexpress.es\/ca\/producto\/articles-ca\/escaparatismo-ca\/expositores-para-moviles-ca\/expositores-para-moviles-de-metacrilato\/"]}]},{"@type":"ImageObject","inLanguage":"ca","@id":"https:\/\/plasticexpress.es\/ca\/producto\/articles-ca\/escaparatismo-ca\/expositores-para-moviles-ca\/expositores-para-moviles-de-metacrilato\/#primaryimage","url":"https:\/\/plasticexpress.es\/wp-content\/uploads\/2020\/10\/Expositor-para-moviles-de-metacrilato-1.jpg","contentUrl":"https:\/\/plasticexpress.es\/wp-content\/uploads\/2020\/10\/Expositor-para-moviles-de-metacrilato-1.jpg","width":1296,"height":864},{"@type":"BreadcrumbList","@id":"https:\/\/plasticexpress.es\/ca\/producto\/articles-ca\/escaparatismo-ca\/expositores-para-moviles-ca\/expositores-para-moviles-de-metacrilato\/#breadcrumb","itemListElement":[{"@type":"ListItem","position":1,"name":"Portada","item":"https:\/\/plasticexpress.es\/ca\/"},{"@type":"ListItem","position":2,"name":"Shop","item":"https:\/\/plasticexpress.es\/ca\/shop\/"},{"@type":"ListItem","position":3,"name":"Expositor per a m\u00f2bils de metacrilat"}]},{"@type":"WebSite","@id":"https:\/\/plasticexpress.es\/ca\/#website","url":"https:\/\/plasticexpress.es\/ca\/","name":"Plasticexpress","description":"Venta de materiales y art\u00edculos de Metacrilato","potentialAction":[{"@type":"SearchAction","target":{"@type":"EntryPoint","urlTemplate":"https:\/\/plasticexpress.es\/ca\/?s={search_term_string}"},"query-input":{"@type":"PropertyValueSpecification","valueRequired":true,"valueName":"search_term_string"}}],"inLanguage":"ca"}]}},"_links":{"self":[{"href":"https:\/\/plasticexpress.es\/ca\/wp-json\/wp\/v2\/product\/9067","targetHints":{"allow":["GET"]}}],"collection":[{"href":"https:\/\/plasticexpress.es\/ca\/wp-json\/wp\/v2\/product"}],"about":[{"href":"https:\/\/plasticexpress.es\/ca\/wp-json\/wp\/v2\/types\/product"}],"replies":[{"embeddable":true,"href":"https:\/\/plasticexpress.es\/ca\/wp-json\/wp\/v2\/comments?post=9067"}],"version-history":[{"count":3,"href":"https:\/\/plasticexpress.es\/ca\/wp-json\/wp\/v2\/product\/9067\/revisions"}],"predecessor-version":[{"id":20556,"href":"https:\/\/plasticexpress.es\/ca\/wp-json\/wp\/v2\/product\/9067\/revisions\/20556"}],"wp:featuredmedia":[{"embeddable":true,"href":"https:\/\/plasticexpress.es\/ca\/wp-json\/wp\/v2\/media\/18912"}],"wp:attachment":[{"href":"https:\/\/plasticexpress.es\/ca\/wp-json\/wp\/v2\/media?parent=9067"}],"wp:term":[{"taxonomy":"product_brand","embeddable":true,"href":"https:\/\/plasticexpress.es\/ca\/wp-json\/wp\/v2\/product_brand?post=9067"},{"taxonomy":"product_cat","embeddable":true,"href":"https:\/\/plasticexpress.es\/ca\/wp-json\/wp\/v2\/product_cat?post=9067"},{"taxonomy":"product_tag","embeddable":true,"href":"https:\/\/plasticexpress.es\/ca\/wp-json\/wp\/v2\/product_tag?post=9067"}],"curies":[{"name":"wp","href":"https:\/\/api.w.org\/{rel}","templated":true}]}}