

{"id":9072,"date":"2020-10-01T16:19:40","date_gmt":"2021-04-05T03:12:16","guid":{"rendered":"https:\/\/plasticexpress.es\/producto\/Sense%20categoria\/portapreus-de-metacrilat\/"},"modified":"2024-01-29T13:00:22","modified_gmt":"2024-01-29T12:00:22","slug":"portaprecios-de-metacrilato","status":"publish","type":"product","link":"https:\/\/plasticexpress.es\/ca\/producto\/articles-ca\/escaparatismo-ca\/portaprecios-ca\/portaprecios-de-metacrilato\/","title":{"rendered":"Portapreus de metacrilat"},"content":{"rendered":"<p><strong>El portapreus de metacrilat<\/strong> \u00e9s una pe\u00e7a d&#8217;aparadorisme transparent i lleugera. Exhibeix el preu de qualsevol tipus de producte proporcionant suport i altura. A m\u00e9s, permet la inserci\u00f3 d&#8217;un format gr\u00e0fic amb el preu del producte exhibit.<\/p>\n<p>Fabricat \u00edntegrament de <a href=\"https:\/\/plasticexpress.es\/shop\/materiales\/metacrilato\/metacrilato-transparente\/\">metacrilat de colada incolor<\/a> , aquest <strong>portapreus<\/strong> \u00e9s un objecte amb singulars caracter\u00edstiques \u00f2ptiques. Est\u00e0 compost per una pe\u00e7a, una \u00fanica placa de metacrilat corbada diverses vegades en diferents angles.<\/p>\n<p>Per tant, durant la fabricaci\u00f3 d&#8217;aquest article <strong>aparadorisme<\/strong>es van emprar els processos de <a href=\"https:\/\/plasticexpress.es\/procesos-de-manufactura-de-materiales-plasticos\/corte-y-grabado-a-laser\/\">tall l\u00e0ser de metacrilat<\/a>, i <a href=\"https:\/\/plasticexpress.es\/procesos-de-manufactura-de-materiales-plasticos\/doblado-de-materiales-plasticos\/\">doblegat de metacrilat.<\/a><\/p>\n<h2><strong>APLICACIONS<\/strong><\/h2>\n<ul>\n<li>Aparadors comercials<\/li>\n<li>PLV<\/li>\n<li>Col\u00b7leccionisme<\/li>\n<li>Exhibicions d&#8217;articles d&#8217;alt valor<\/li>\n<li>Comer\u00e7os electr\u00f2nics<\/li>\n<li>\u00d2ptiques<\/li>\n<li>Joieries<\/li>\n<li>Sabateries<\/li>\n<li>Decoraci\u00f3<\/li>\n<li>Estands<\/li>\n<li>Boutiques<\/li>\n<\/ul>\n<p>A partir d&#8217;un recull d&#8217;articles selectes pel nostre equip, Plastic Express ha creat una l\u00ednia de <strong>aparadorisme<\/strong>de metacrilat. Si est\u00e0s interessat en comprar un <strong>portapreus<\/strong>pots fer-ho mitjan\u00e7ant la nostra botiga online.<\/p>\n<h2><strong>COM SOL\u00b7LICITO UN portapreus DE METACRILAT A MIDA?<\/strong><\/h2>\n<p>En cas de necessitar un article de metacrilat amb mesures diferents als models exhibits, pots demanar un <a href=\"https:\/\/plasticexpress.es\/procesos-de-manufactura-de-materiales-plasticos\/presupuestos-a-medida\/\">pressupost a mida aqu\u00ed<\/a> o envia&#8217;ns un correu a l&#8217;email <a href=\"mailto:info@plasticexpress.es\"><strong>info@plasticexpress.es<\/strong><\/a> amb la seg\u00fcent informaci\u00f3:<\/p>\n<p>En l&#8217;assumpte indica l&#8217;article en el qual est\u00e0s interessat i el material com, per exemple, <strong>portapreus<\/strong><b>+<\/b>Metacrilat.<\/p>\n<p>Finalment, recorda que si ets un professional de la ind\u00fastria pots obtenir descomptes especials accedint a el formulari de <a href=\"https:\/\/plasticexpress.es\/procesos-de-manufactura-de-materiales-plasticos\/presupuestos-para-profesionales\/\">pressupostos per a professionals<\/a>.<\/p>\n<p>&nbsp;<\/p>\n","protected":false},"excerpt":{"rendered":"<p>El portapreus de metacrilat \u00e9s una pe\u00e7a d&#8217;aparadorisme transparent i lleugera. Exhibeix el preu de qualsevol tipus de producte proporcionant suport i altura. A m\u00e9s, permet la inserci\u00f3 d&#8217;un format gr\u00e0fic amb el preu del producte exhibit. Fabricat \u00edntegrament de metacrilat de colada incolor , aquest portapreus \u00e9s un objecte amb singulars caracter\u00edstiques \u00f2ptiques. Est\u00e0 [&hellip;]<\/p>\n","protected":false},"featured_media":18925,"comment_status":"open","ping_status":"closed","template":"","meta":{"_acf_changed":false},"product_brand":[],"product_cat":[611,582,628],"product_tag":[],"class_list":{"0":"post-9072","1":"product","2":"type-product","3":"status-publish","4":"has-post-thumbnail","6":"product_cat-escaparatismo-ca","7":"product_cat-articles-ca","8":"product_cat-portaprecios-ca","10":"first","11":"instock","12":"shipping-taxable","13":"purchasable","14":"product-type-simple"},"acf":{"photo_gallery":{"opciones_de_agujeros":[[]]}},"yoast_head":"<!-- This site is optimized with the Yoast SEO plugin v27.2 - https:\/\/yoast.com\/product\/yoast-seo-wordpress\/ -->\n<title>Portapreus de Metacrilat | PlasticExpress<\/title>\n<meta name=\"description\" content=\"Compra els teus mostradors de preu de metacrilat transparent per a mostrar els preus de cadascun dels teus productes de manera f\u00e0cil a Plastic Express.\" \/>\n<meta name=\"robots\" content=\"index, follow, max-snippet:-1, max-image-preview:large, max-video-preview:-1\" \/>\n<link rel=\"canonical\" href=\"https:\/\/plasticexpress.es\/ca\/producto\/articles-ca\/escaparatismo-ca\/portaprecios-ca\/portaprecios-de-metacrilato\/\" \/>\n<meta property=\"og:locale\" content=\"ca_ES\" \/>\n<meta property=\"og:type\" content=\"article\" \/>\n<meta property=\"og:title\" content=\"Portapreus de Metacrilat | PlasticExpress\" \/>\n<meta property=\"og:description\" content=\"Compra els teus mostradors de preu de metacrilat transparent per a mostrar els preus de cadascun dels teus productes de manera f\u00e0cil a Plastic Express.\" \/>\n<meta property=\"og:url\" content=\"https:\/\/plasticexpress.es\/ca\/producto\/articles-ca\/escaparatismo-ca\/portaprecios-ca\/portaprecios-de-metacrilato\/\" \/>\n<meta property=\"og:site_name\" content=\"Plasticexpress\" \/>\n<meta property=\"article:modified_time\" content=\"2024-01-29T12:00:22+00:00\" \/>\n<meta property=\"og:image\" content=\"https:\/\/plasticexpress.es\/wp-content\/uploads\/2020\/10\/Expositor-portaprecios-de-metacrilato-1-1.jpg\" \/>\n\t<meta property=\"og:image:width\" content=\"1296\" \/>\n\t<meta property=\"og:image:height\" content=\"864\" \/>\n\t<meta property=\"og:image:type\" content=\"image\/jpeg\" \/>\n<meta name=\"twitter:card\" content=\"summary_large_image\" \/>\n<meta name=\"twitter:label1\" content=\"Temps estimat de lectura\" \/>\n\t<meta name=\"twitter:data1\" content=\"2 minuts\" \/>\n<script type=\"application\/ld+json\" class=\"yoast-schema-graph\">{\"@context\":\"https:\/\/schema.org\",\"@graph\":[{\"@type\":\"WebPage\",\"@id\":\"https:\/\/plasticexpress.es\/ca\/producto\/articles-ca\/escaparatismo-ca\/portaprecios-ca\/portaprecios-de-metacrilato\/\",\"url\":\"https:\/\/plasticexpress.es\/ca\/producto\/articles-ca\/escaparatismo-ca\/portaprecios-ca\/portaprecios-de-metacrilato\/\",\"name\":\"Portapreus de Metacrilat | PlasticExpress\",\"isPartOf\":{\"@id\":\"https:\/\/plasticexpress.es\/ca\/#website\"},\"primaryImageOfPage\":{\"@id\":\"https:\/\/plasticexpress.es\/ca\/producto\/articles-ca\/escaparatismo-ca\/portaprecios-ca\/portaprecios-de-metacrilato\/#primaryimage\"},\"image\":{\"@id\":\"https:\/\/plasticexpress.es\/ca\/producto\/articles-ca\/escaparatismo-ca\/portaprecios-ca\/portaprecios-de-metacrilato\/#primaryimage\"},\"thumbnailUrl\":\"https:\/\/plasticexpress.es\/wp-content\/uploads\/2020\/10\/Expositor-portaprecios-de-metacrilato-1-1.jpg\",\"datePublished\":\"2021-04-05T03:12:16+00:00\",\"dateModified\":\"2024-01-29T12:00:22+00:00\",\"description\":\"Compra els teus mostradors de preu de metacrilat transparent per a mostrar els preus de cadascun dels teus productes de manera f\u00e0cil a Plastic Express.\",\"breadcrumb\":{\"@id\":\"https:\/\/plasticexpress.es\/ca\/producto\/articles-ca\/escaparatismo-ca\/portaprecios-ca\/portaprecios-de-metacrilato\/#breadcrumb\"},\"inLanguage\":\"ca\",\"potentialAction\":[{\"@type\":\"ReadAction\",\"target\":[\"https:\/\/plasticexpress.es\/ca\/producto\/articles-ca\/escaparatismo-ca\/portaprecios-ca\/portaprecios-de-metacrilato\/\"]}]},{\"@type\":\"ImageObject\",\"inLanguage\":\"ca\",\"@id\":\"https:\/\/plasticexpress.es\/ca\/producto\/articles-ca\/escaparatismo-ca\/portaprecios-ca\/portaprecios-de-metacrilato\/#primaryimage\",\"url\":\"https:\/\/plasticexpress.es\/wp-content\/uploads\/2020\/10\/Expositor-portaprecios-de-metacrilato-1-1.jpg\",\"contentUrl\":\"https:\/\/plasticexpress.es\/wp-content\/uploads\/2020\/10\/Expositor-portaprecios-de-metacrilato-1-1.jpg\",\"width\":1296,\"height\":864},{\"@type\":\"BreadcrumbList\",\"@id\":\"https:\/\/plasticexpress.es\/ca\/producto\/articles-ca\/escaparatismo-ca\/portaprecios-ca\/portaprecios-de-metacrilato\/#breadcrumb\",\"itemListElement\":[{\"@type\":\"ListItem\",\"position\":1,\"name\":\"Portada\",\"item\":\"https:\/\/plasticexpress.es\/ca\/\"},{\"@type\":\"ListItem\",\"position\":2,\"name\":\"Shop\",\"item\":\"https:\/\/plasticexpress.es\/ca\/shop\/\"},{\"@type\":\"ListItem\",\"position\":3,\"name\":\"Portapreus de metacrilat\"}]},{\"@type\":\"WebSite\",\"@id\":\"https:\/\/plasticexpress.es\/ca\/#website\",\"url\":\"https:\/\/plasticexpress.es\/ca\/\",\"name\":\"Plasticexpress\",\"description\":\"Venta de materiales y art\u00edculos de Metacrilato\",\"potentialAction\":[{\"@type\":\"SearchAction\",\"target\":{\"@type\":\"EntryPoint\",\"urlTemplate\":\"https:\/\/plasticexpress.es\/ca\/?s={search_term_string}\"},\"query-input\":{\"@type\":\"PropertyValueSpecification\",\"valueRequired\":true,\"valueName\":\"search_term_string\"}}],\"inLanguage\":\"ca\"}]}<\/script>\n<!-- \/ Yoast SEO plugin. -->","yoast_head_json":{"title":"Portapreus de Metacrilat | PlasticExpress","description":"Compra els teus mostradors de preu de metacrilat transparent per a mostrar els preus de cadascun dels teus productes de manera f\u00e0cil a Plastic Express.","robots":{"index":"index","follow":"follow","max-snippet":"max-snippet:-1","max-image-preview":"max-image-preview:large","max-video-preview":"max-video-preview:-1"},"canonical":"https:\/\/plasticexpress.es\/ca\/producto\/articles-ca\/escaparatismo-ca\/portaprecios-ca\/portaprecios-de-metacrilato\/","og_locale":"ca_ES","og_type":"article","og_title":"Portapreus de Metacrilat | PlasticExpress","og_description":"Compra els teus mostradors de preu de metacrilat transparent per a mostrar els preus de cadascun dels teus productes de manera f\u00e0cil a Plastic Express.","og_url":"https:\/\/plasticexpress.es\/ca\/producto\/articles-ca\/escaparatismo-ca\/portaprecios-ca\/portaprecios-de-metacrilato\/","og_site_name":"Plasticexpress","article_modified_time":"2024-01-29T12:00:22+00:00","og_image":[{"width":1296,"height":864,"url":"https:\/\/plasticexpress.es\/wp-content\/uploads\/2020\/10\/Expositor-portaprecios-de-metacrilato-1-1.jpg","type":"image\/jpeg"}],"twitter_card":"summary_large_image","twitter_misc":{"Temps estimat de lectura":"2 minuts"},"schema":{"@context":"https:\/\/schema.org","@graph":[{"@type":"WebPage","@id":"https:\/\/plasticexpress.es\/ca\/producto\/articles-ca\/escaparatismo-ca\/portaprecios-ca\/portaprecios-de-metacrilato\/","url":"https:\/\/plasticexpress.es\/ca\/producto\/articles-ca\/escaparatismo-ca\/portaprecios-ca\/portaprecios-de-metacrilato\/","name":"Portapreus de Metacrilat | PlasticExpress","isPartOf":{"@id":"https:\/\/plasticexpress.es\/ca\/#website"},"primaryImageOfPage":{"@id":"https:\/\/plasticexpress.es\/ca\/producto\/articles-ca\/escaparatismo-ca\/portaprecios-ca\/portaprecios-de-metacrilato\/#primaryimage"},"image":{"@id":"https:\/\/plasticexpress.es\/ca\/producto\/articles-ca\/escaparatismo-ca\/portaprecios-ca\/portaprecios-de-metacrilato\/#primaryimage"},"thumbnailUrl":"https:\/\/plasticexpress.es\/wp-content\/uploads\/2020\/10\/Expositor-portaprecios-de-metacrilato-1-1.jpg","datePublished":"2021-04-05T03:12:16+00:00","dateModified":"2024-01-29T12:00:22+00:00","description":"Compra els teus mostradors de preu de metacrilat transparent per a mostrar els preus de cadascun dels teus productes de manera f\u00e0cil a Plastic Express.","breadcrumb":{"@id":"https:\/\/plasticexpress.es\/ca\/producto\/articles-ca\/escaparatismo-ca\/portaprecios-ca\/portaprecios-de-metacrilato\/#breadcrumb"},"inLanguage":"ca","potentialAction":[{"@type":"ReadAction","target":["https:\/\/plasticexpress.es\/ca\/producto\/articles-ca\/escaparatismo-ca\/portaprecios-ca\/portaprecios-de-metacrilato\/"]}]},{"@type":"ImageObject","inLanguage":"ca","@id":"https:\/\/plasticexpress.es\/ca\/producto\/articles-ca\/escaparatismo-ca\/portaprecios-ca\/portaprecios-de-metacrilato\/#primaryimage","url":"https:\/\/plasticexpress.es\/wp-content\/uploads\/2020\/10\/Expositor-portaprecios-de-metacrilato-1-1.jpg","contentUrl":"https:\/\/plasticexpress.es\/wp-content\/uploads\/2020\/10\/Expositor-portaprecios-de-metacrilato-1-1.jpg","width":1296,"height":864},{"@type":"BreadcrumbList","@id":"https:\/\/plasticexpress.es\/ca\/producto\/articles-ca\/escaparatismo-ca\/portaprecios-ca\/portaprecios-de-metacrilato\/#breadcrumb","itemListElement":[{"@type":"ListItem","position":1,"name":"Portada","item":"https:\/\/plasticexpress.es\/ca\/"},{"@type":"ListItem","position":2,"name":"Shop","item":"https:\/\/plasticexpress.es\/ca\/shop\/"},{"@type":"ListItem","position":3,"name":"Portapreus de metacrilat"}]},{"@type":"WebSite","@id":"https:\/\/plasticexpress.es\/ca\/#website","url":"https:\/\/plasticexpress.es\/ca\/","name":"Plasticexpress","description":"Venta de materiales y art\u00edculos de Metacrilato","potentialAction":[{"@type":"SearchAction","target":{"@type":"EntryPoint","urlTemplate":"https:\/\/plasticexpress.es\/ca\/?s={search_term_string}"},"query-input":{"@type":"PropertyValueSpecification","valueRequired":true,"valueName":"search_term_string"}}],"inLanguage":"ca"}]}},"_links":{"self":[{"href":"https:\/\/plasticexpress.es\/ca\/wp-json\/wp\/v2\/product\/9072","targetHints":{"allow":["GET"]}}],"collection":[{"href":"https:\/\/plasticexpress.es\/ca\/wp-json\/wp\/v2\/product"}],"about":[{"href":"https:\/\/plasticexpress.es\/ca\/wp-json\/wp\/v2\/types\/product"}],"replies":[{"embeddable":true,"href":"https:\/\/plasticexpress.es\/ca\/wp-json\/wp\/v2\/comments?post=9072"}],"version-history":[{"count":3,"href":"https:\/\/plasticexpress.es\/ca\/wp-json\/wp\/v2\/product\/9072\/revisions"}],"predecessor-version":[{"id":20559,"href":"https:\/\/plasticexpress.es\/ca\/wp-json\/wp\/v2\/product\/9072\/revisions\/20559"}],"wp:featuredmedia":[{"embeddable":true,"href":"https:\/\/plasticexpress.es\/ca\/wp-json\/wp\/v2\/media\/18925"}],"wp:attachment":[{"href":"https:\/\/plasticexpress.es\/ca\/wp-json\/wp\/v2\/media?parent=9072"}],"wp:term":[{"taxonomy":"product_brand","embeddable":true,"href":"https:\/\/plasticexpress.es\/ca\/wp-json\/wp\/v2\/product_brand?post=9072"},{"taxonomy":"product_cat","embeddable":true,"href":"https:\/\/plasticexpress.es\/ca\/wp-json\/wp\/v2\/product_cat?post=9072"},{"taxonomy":"product_tag","embeddable":true,"href":"https:\/\/plasticexpress.es\/ca\/wp-json\/wp\/v2\/product_tag?post=9072"}],"curies":[{"name":"wp","href":"https:\/\/api.w.org\/{rel}","templated":true}]}}