

{"id":9086,"date":"2020-10-01T16:19:43","date_gmt":"2021-04-05T03:28:38","guid":{"rendered":"https:\/\/plasticexpress.es\/producto\/Sense%20categoria\/tovalloner-de-metacrilat\/"},"modified":"2024-01-29T12:34:45","modified_gmt":"2024-01-29T11:34:45","slug":"servilletero-de-metacrilato","status":"publish","type":"product","link":"https:\/\/plasticexpress.es\/ca\/producto\/articles-ca\/hosteleria-ca-2\/servilletero-ca\/servilletero-de-metacrilato\/","title":{"rendered":"Tovalloner de metacrilat"},"content":{"rendered":"<p>Les <b>tovalloneres compleixen una funci\u00f3 essencial <\/b>en restaurants, bars i espais d&#8217;hostaleria en general. T\u00e9 una utilitat constant i \u00e9s un servei s\u2019ofereix al p\u00fablic de manera constant; per aix\u00f2, \u00e9s imprescindible comptar amb recipients de qualitat que siguin eficients i resistents al pas del temps.<\/p>\n<p>&nbsp;<\/p>\n<p>A <b>Plastic Express<\/b> realitzem <b>tovalloneres de metacrilat<\/b> que compleixen amb les expectatives del client. Aquest material \u00e9s r\u00edgid i transparent, de tal manera que queden visibles els tovallons i amb un disseny modern, funcional i de f\u00e0cil maneig. Al seu torn, \u00e9s resistent davant d&#8217;agents atmosf\u00e8rics i a l&#8217;\u00fas diari,aix\u00ed com quan est\u00e0 en contacte amb humitat o si requereix l&#8217;aplicaci\u00f3 de productes de neteja.<\/p>\n<p>&nbsp;<\/p>\n<h2>Com \u00e9s una tovallonera de metacrilat<\/h2>\n<p>Cal tenir en compte que \u00e9s un recurs fabricat a partir de la polimeritzaci\u00f3 d&#8217;\u00e0cid acr\u00edlic, encara que tamb\u00e9 \u00e9s possible trobar-lo en els seus derivats, quelcom fonamental per a aconseguir<b> durabilitat al pas del temps<\/b>. En realitat, t\u00e9 una qualitat especial: exhibeix els tovallons subtilment i de manera discreta. El metacrilat de colada incolor ressalta la seva innocu\u00eftat i es converteix en un bon producte que es complementa amb la decoraci\u00f3 del mobiliari sense ressaltar est\u00e8ticament.<\/p>\n<p>&nbsp;<\/p>\n<p>En aquest sentit, cal assenyalar que la fabricaci\u00f3 es basa en l&#8217;\u00fas de diferents eines que serviran per a configurar el disseny i oferir, aix\u00ed, una imatge atractiva i interessant que quedi b\u00e9 en combinaci\u00f3 amb la resta de recursos. Per a aix\u00f2, s&#8217;empra el <b>tall de l\u00e0ser de metacrilat i el seu doblegat<\/b>, de tal manera que s&#8217;aconsegueix perfilar les formes i ajustar la tovallonera a unes mesures exactes amb les quals acollir als tovallons.<\/p>\n<p>&nbsp;<\/p>\n<h2>Per a qu\u00e8 serveix una tovallonera de metacrilat<\/h2>\n<p>Una tovallonera de metacrilat es converteix en una pe\u00e7a d&#8217;organitzaci\u00f3 d&#8217;attrezzo; \u00e9s a dir, es disposa com un recurs on situar els tovallons per a proporcionar un<b> \u00fas funcional al client<\/b>. Al seu torn, es pot considerar tamb\u00e9 com un element d&#8217;exposici\u00f3 perqu\u00e8 sempre quedin accessibles els tovallons i es mostri una imatge acceptable.<\/p>\n<p>&nbsp;<\/p>\n<p>Els principals espais d&#8217;hostaleria on prenen pres\u00e8ncia aquestes tovalloneres s\u00f3n els bars i restaurants. Queden disponibles per al client i sempre a m\u00e0 perqu\u00e8, f\u00e0cilment, es puguin recollir els tovallons sempre que sigui necessari. Els hotels i hostals s\u00f3n uns altres dels centres on tamb\u00e9 es disposen. En qualsevol d&#8217;aquests llocs prenen pres\u00e8ncia notable, per aix\u00f2 \u00e9s necessari un producte de qualitat que <b>ofereixi resist\u00e8ncia al dia a dia<\/b>.<\/p>\n<p>&nbsp;<\/p>\n<p><b>Plastic Express ha creat una l\u00ednia de mobiliari de metacrilat <\/b>que, indubtablement, pot ser de gran utilitat en el m\u00f3n de l&#8217;hostaleria. Aquesta col\u00b7lecci\u00f3 d&#8217;articles ofereix alta qualitat, com pot ser el prototip de tovallonera per a bar o altres models semblants apropiats per a altres espais hostalers. Cal assenyalar que el metacrilat adquireix una condici\u00f3 rellevant per la seva fermesa i resist\u00e8ncia front possibles cops o davant el propi desgast diari.<\/p>\n<p>&nbsp;<\/p>\n<h2>Qu\u00e8 \u00e9s el metacrilat i els seus avantatges<\/h2>\n<p>&nbsp;<\/p>\n<p>El metacrilat rep el nom pel polimetacrilato de metil (PMMA), encara que tamb\u00e9 se&#8217;l coneix com a <b>material acr\u00edlic<\/b>. La seva fabricaci\u00f3 s&#8217;obt\u00e9 a partir de la polimeritzaci\u00f3 del metacrilat de metil, d&#8217;aqu\u00ed ve que sigui habitual trobar-lo en format placa o granulat. En aquest cas, es disposa com un material adequat per a la fabricaci\u00f3 de tovalloneres, sense oblidar que tamb\u00e9 t\u00e9 aparen\u00e7a transparent.<\/p>\n<p>&nbsp;<\/p>\n<p>Es caracteritza per ser <b>pl\u00e0stic r\u00edgid i un a\u00efllant t\u00e8rmic <\/b>efica\u00e7. Pot suportar perfectament situacions en les quals la humitat intervingui de manera directa. El seu pes \u00e9s lleuger, ofereix gran duresa, \u00e9s flexible i resisteix perfectament a la intemp\u00e8rie, tant si hi ha pluja com si se sotmet als raigs ultraviolats del sol. No obstant aix\u00f2, \u00e9s de f\u00e0cil combusti\u00f3 i no resisteix uns certs productes qu\u00edmics.<\/p>\n<p>&nbsp;<\/p>\n<h2>Com sol\u00b7licitar una tovallonera de metacrilat a mesura?<\/h2>\n<p>Una de les possibilitats que ofereix Plastic Express \u00e9s la realitzaci\u00f3 d&#8217;una tovallonera de pl\u00e0stic o metacrilat a mida. Per a aix\u00f2, el nostre equip de professionals t&#8217;assessoren i t&#8217;expliquen quines s\u00f3n les possibilitats respecte al producte, el material i les seves mides. Aquest sistema et permet resoldre els dubtes i con\u00e8ixer, de manera precisa i pr\u00f2xima, quins s\u00f3n els<b> models que estan disponibles i que m\u00e9s s&#8217;adeq\u00fcen <\/b>a les teves necessitats.<\/p>\n<p>El <b>pressupost es pot sol\u00b7licitar a Plastic Express <\/b>o enviant un correu a l&#8217;email <a href=\"mailto:info@plasticexpress.es\">info@plasticexpress.es<\/a>. \u00c9s important que s&#8217;especifiquin les necessitats, all\u00f2 que es desitgi i, d&#8217;altra banda, es poden formular totes les preguntes que es vulguin resoldre. En l&#8217;assumpte s&#8217;ha d&#8217;indicar l&#8217;article d&#8217;inter\u00e8s i el material. Un exemple pot ser el seg\u00fcent: <b>tovallonera + metacrilat<\/b>. D&#8217;aquesta manera, els nostres professionals poden tenir una primera aproximaci\u00f3 al servei que es desitja complir.<\/p>\n<p>Els professionals de la ind\u00fastria que demostrin que treballen en el sector, poden rebre un descompte especial emplenant el formulari de <a href=\"https:\/\/plasticexpress.es\/ca\/procesos\/presupusto-per-a-professionals\/\">pressupostos per a professionals<\/a>. Una manera de beneficiar al consumidor i que pugui gaudir d&#8217;un producte al millor preu i amb la garantia de qualitat de Plastic Express.<\/p>\n","protected":false},"excerpt":{"rendered":"<p>Les tovalloneres compleixen una funci\u00f3 essencial en restaurants, bars i espais d&#8217;hostaleria en general. T\u00e9 una utilitat constant i \u00e9s un servei s\u2019ofereix al p\u00fablic de manera constant; per aix\u00f2, \u00e9s imprescindible comptar amb recipients de qualitat que siguin eficients i resistents al pas del temps. &nbsp; A Plastic Express realitzem tovalloneres de metacrilat que [&hellip;]<\/p>\n","protected":false},"featured_media":18931,"comment_status":"open","ping_status":"closed","template":"","meta":{"_acf_changed":false},"product_brand":[],"product_cat":[582,632,640],"product_tag":[],"class_list":{"0":"post-9086","1":"product","2":"type-product","3":"status-publish","4":"has-post-thumbnail","6":"product_cat-articles-ca","7":"product_cat-hosteleria-ca-2","8":"product_cat-servilletero-ca","10":"first","11":"instock","12":"shipping-taxable","13":"purchasable","14":"product-type-variable"},"acf":{"photo_gallery":{"opciones_de_agujeros":[[]]}},"yoast_head":"<!-- This site is optimized with the Yoast SEO plugin v27.2 - https:\/\/yoast.com\/product\/yoast-seo-wordpress\/ -->\n<title>Tovallonera Transparent de Metacrilat | PlasticExpress<\/title>\n<meta name=\"description\" content=\"Compra les teves tovalloneres de metacrilat al millor preu. Demana pressupostos per a compres de m\u00e9s de 10 tovalloneres de pl\u00e0stic per a bars i restaurants.\" \/>\n<meta name=\"robots\" content=\"index, follow, max-snippet:-1, max-image-preview:large, max-video-preview:-1\" \/>\n<link rel=\"canonical\" href=\"https:\/\/plasticexpress.es\/ca\/producto\/articles-ca\/hosteleria-ca-2\/servilletero-ca\/servilletero-de-metacrilato\/\" \/>\n<meta property=\"og:locale\" content=\"ca_ES\" \/>\n<meta property=\"og:type\" content=\"article\" \/>\n<meta property=\"og:title\" content=\"Tovallonera Transparent de Metacrilat | PlasticExpress\" \/>\n<meta property=\"og:description\" content=\"Compra les teves tovalloneres de metacrilat al millor preu. Demana pressupostos per a compres de m\u00e9s de 10 tovalloneres de pl\u00e0stic per a bars i restaurants.\" \/>\n<meta property=\"og:url\" content=\"https:\/\/plasticexpress.es\/ca\/producto\/articles-ca\/hosteleria-ca-2\/servilletero-ca\/servilletero-de-metacrilato\/\" \/>\n<meta property=\"og:site_name\" content=\"Plasticexpress\" \/>\n<meta property=\"article:modified_time\" content=\"2024-01-29T11:34:45+00:00\" \/>\n<meta property=\"og:image\" content=\"https:\/\/plasticexpress.es\/wp-content\/uploads\/2020\/10\/Servilletero-de-metacrilato.jpg\" \/>\n\t<meta property=\"og:image:width\" content=\"1296\" \/>\n\t<meta property=\"og:image:height\" content=\"864\" \/>\n\t<meta property=\"og:image:type\" content=\"image\/jpeg\" \/>\n<meta name=\"twitter:card\" content=\"summary_large_image\" \/>\n<meta name=\"twitter:label1\" content=\"Temps estimat de lectura\" \/>\n\t<meta name=\"twitter:data1\" content=\"4 minuts\" \/>\n<script type=\"application\/ld+json\" class=\"yoast-schema-graph\">{\"@context\":\"https:\/\/schema.org\",\"@graph\":[{\"@type\":\"WebPage\",\"@id\":\"https:\/\/plasticexpress.es\/ca\/producto\/articles-ca\/hosteleria-ca-2\/servilletero-ca\/servilletero-de-metacrilato\/\",\"url\":\"https:\/\/plasticexpress.es\/ca\/producto\/articles-ca\/hosteleria-ca-2\/servilletero-ca\/servilletero-de-metacrilato\/\",\"name\":\"Tovallonera Transparent de Metacrilat | PlasticExpress\",\"isPartOf\":{\"@id\":\"https:\/\/plasticexpress.es\/ca\/#website\"},\"primaryImageOfPage\":{\"@id\":\"https:\/\/plasticexpress.es\/ca\/producto\/articles-ca\/hosteleria-ca-2\/servilletero-ca\/servilletero-de-metacrilato\/#primaryimage\"},\"image\":{\"@id\":\"https:\/\/plasticexpress.es\/ca\/producto\/articles-ca\/hosteleria-ca-2\/servilletero-ca\/servilletero-de-metacrilato\/#primaryimage\"},\"thumbnailUrl\":\"https:\/\/plasticexpress.es\/wp-content\/uploads\/2020\/10\/Servilletero-de-metacrilato.jpg\",\"datePublished\":\"2021-04-05T03:28:38+00:00\",\"dateModified\":\"2024-01-29T11:34:45+00:00\",\"description\":\"Compra les teves tovalloneres de metacrilat al millor preu. Demana pressupostos per a compres de m\u00e9s de 10 tovalloneres de pl\u00e0stic per a bars i restaurants.\",\"breadcrumb\":{\"@id\":\"https:\/\/plasticexpress.es\/ca\/producto\/articles-ca\/hosteleria-ca-2\/servilletero-ca\/servilletero-de-metacrilato\/#breadcrumb\"},\"inLanguage\":\"ca\",\"potentialAction\":[{\"@type\":\"ReadAction\",\"target\":[\"https:\/\/plasticexpress.es\/ca\/producto\/articles-ca\/hosteleria-ca-2\/servilletero-ca\/servilletero-de-metacrilato\/\"]}]},{\"@type\":\"ImageObject\",\"inLanguage\":\"ca\",\"@id\":\"https:\/\/plasticexpress.es\/ca\/producto\/articles-ca\/hosteleria-ca-2\/servilletero-ca\/servilletero-de-metacrilato\/#primaryimage\",\"url\":\"https:\/\/plasticexpress.es\/wp-content\/uploads\/2020\/10\/Servilletero-de-metacrilato.jpg\",\"contentUrl\":\"https:\/\/plasticexpress.es\/wp-content\/uploads\/2020\/10\/Servilletero-de-metacrilato.jpg\",\"width\":1296,\"height\":864},{\"@type\":\"BreadcrumbList\",\"@id\":\"https:\/\/plasticexpress.es\/ca\/producto\/articles-ca\/hosteleria-ca-2\/servilletero-ca\/servilletero-de-metacrilato\/#breadcrumb\",\"itemListElement\":[{\"@type\":\"ListItem\",\"position\":1,\"name\":\"Portada\",\"item\":\"https:\/\/plasticexpress.es\/ca\/\"},{\"@type\":\"ListItem\",\"position\":2,\"name\":\"Shop\",\"item\":\"https:\/\/plasticexpress.es\/ca\/shop\/\"},{\"@type\":\"ListItem\",\"position\":3,\"name\":\"Tovalloner de metacrilat\"}]},{\"@type\":\"WebSite\",\"@id\":\"https:\/\/plasticexpress.es\/ca\/#website\",\"url\":\"https:\/\/plasticexpress.es\/ca\/\",\"name\":\"Plasticexpress\",\"description\":\"Venta de materiales y art\u00edculos de Metacrilato\",\"potentialAction\":[{\"@type\":\"SearchAction\",\"target\":{\"@type\":\"EntryPoint\",\"urlTemplate\":\"https:\/\/plasticexpress.es\/ca\/?s={search_term_string}\"},\"query-input\":{\"@type\":\"PropertyValueSpecification\",\"valueRequired\":true,\"valueName\":\"search_term_string\"}}],\"inLanguage\":\"ca\"}]}<\/script>\n<!-- \/ Yoast SEO plugin. -->","yoast_head_json":{"title":"Tovallonera Transparent de Metacrilat | PlasticExpress","description":"Compra les teves tovalloneres de metacrilat al millor preu. Demana pressupostos per a compres de m\u00e9s de 10 tovalloneres de pl\u00e0stic per a bars i restaurants.","robots":{"index":"index","follow":"follow","max-snippet":"max-snippet:-1","max-image-preview":"max-image-preview:large","max-video-preview":"max-video-preview:-1"},"canonical":"https:\/\/plasticexpress.es\/ca\/producto\/articles-ca\/hosteleria-ca-2\/servilletero-ca\/servilletero-de-metacrilato\/","og_locale":"ca_ES","og_type":"article","og_title":"Tovallonera Transparent de Metacrilat | PlasticExpress","og_description":"Compra les teves tovalloneres de metacrilat al millor preu. Demana pressupostos per a compres de m\u00e9s de 10 tovalloneres de pl\u00e0stic per a bars i restaurants.","og_url":"https:\/\/plasticexpress.es\/ca\/producto\/articles-ca\/hosteleria-ca-2\/servilletero-ca\/servilletero-de-metacrilato\/","og_site_name":"Plasticexpress","article_modified_time":"2024-01-29T11:34:45+00:00","og_image":[{"width":1296,"height":864,"url":"https:\/\/plasticexpress.es\/wp-content\/uploads\/2020\/10\/Servilletero-de-metacrilato.jpg","type":"image\/jpeg"}],"twitter_card":"summary_large_image","twitter_misc":{"Temps estimat de lectura":"4 minuts"},"schema":{"@context":"https:\/\/schema.org","@graph":[{"@type":"WebPage","@id":"https:\/\/plasticexpress.es\/ca\/producto\/articles-ca\/hosteleria-ca-2\/servilletero-ca\/servilletero-de-metacrilato\/","url":"https:\/\/plasticexpress.es\/ca\/producto\/articles-ca\/hosteleria-ca-2\/servilletero-ca\/servilletero-de-metacrilato\/","name":"Tovallonera Transparent de Metacrilat | PlasticExpress","isPartOf":{"@id":"https:\/\/plasticexpress.es\/ca\/#website"},"primaryImageOfPage":{"@id":"https:\/\/plasticexpress.es\/ca\/producto\/articles-ca\/hosteleria-ca-2\/servilletero-ca\/servilletero-de-metacrilato\/#primaryimage"},"image":{"@id":"https:\/\/plasticexpress.es\/ca\/producto\/articles-ca\/hosteleria-ca-2\/servilletero-ca\/servilletero-de-metacrilato\/#primaryimage"},"thumbnailUrl":"https:\/\/plasticexpress.es\/wp-content\/uploads\/2020\/10\/Servilletero-de-metacrilato.jpg","datePublished":"2021-04-05T03:28:38+00:00","dateModified":"2024-01-29T11:34:45+00:00","description":"Compra les teves tovalloneres de metacrilat al millor preu. Demana pressupostos per a compres de m\u00e9s de 10 tovalloneres de pl\u00e0stic per a bars i restaurants.","breadcrumb":{"@id":"https:\/\/plasticexpress.es\/ca\/producto\/articles-ca\/hosteleria-ca-2\/servilletero-ca\/servilletero-de-metacrilato\/#breadcrumb"},"inLanguage":"ca","potentialAction":[{"@type":"ReadAction","target":["https:\/\/plasticexpress.es\/ca\/producto\/articles-ca\/hosteleria-ca-2\/servilletero-ca\/servilletero-de-metacrilato\/"]}]},{"@type":"ImageObject","inLanguage":"ca","@id":"https:\/\/plasticexpress.es\/ca\/producto\/articles-ca\/hosteleria-ca-2\/servilletero-ca\/servilletero-de-metacrilato\/#primaryimage","url":"https:\/\/plasticexpress.es\/wp-content\/uploads\/2020\/10\/Servilletero-de-metacrilato.jpg","contentUrl":"https:\/\/plasticexpress.es\/wp-content\/uploads\/2020\/10\/Servilletero-de-metacrilato.jpg","width":1296,"height":864},{"@type":"BreadcrumbList","@id":"https:\/\/plasticexpress.es\/ca\/producto\/articles-ca\/hosteleria-ca-2\/servilletero-ca\/servilletero-de-metacrilato\/#breadcrumb","itemListElement":[{"@type":"ListItem","position":1,"name":"Portada","item":"https:\/\/plasticexpress.es\/ca\/"},{"@type":"ListItem","position":2,"name":"Shop","item":"https:\/\/plasticexpress.es\/ca\/shop\/"},{"@type":"ListItem","position":3,"name":"Tovalloner de metacrilat"}]},{"@type":"WebSite","@id":"https:\/\/plasticexpress.es\/ca\/#website","url":"https:\/\/plasticexpress.es\/ca\/","name":"Plasticexpress","description":"Venta de materiales y art\u00edculos de Metacrilato","potentialAction":[{"@type":"SearchAction","target":{"@type":"EntryPoint","urlTemplate":"https:\/\/plasticexpress.es\/ca\/?s={search_term_string}"},"query-input":{"@type":"PropertyValueSpecification","valueRequired":true,"valueName":"search_term_string"}}],"inLanguage":"ca"}]}},"_links":{"self":[{"href":"https:\/\/plasticexpress.es\/ca\/wp-json\/wp\/v2\/product\/9086","targetHints":{"allow":["GET"]}}],"collection":[{"href":"https:\/\/plasticexpress.es\/ca\/wp-json\/wp\/v2\/product"}],"about":[{"href":"https:\/\/plasticexpress.es\/ca\/wp-json\/wp\/v2\/types\/product"}],"replies":[{"embeddable":true,"href":"https:\/\/plasticexpress.es\/ca\/wp-json\/wp\/v2\/comments?post=9086"}],"version-history":[{"count":3,"href":"https:\/\/plasticexpress.es\/ca\/wp-json\/wp\/v2\/product\/9086\/revisions"}],"predecessor-version":[{"id":16090,"href":"https:\/\/plasticexpress.es\/ca\/wp-json\/wp\/v2\/product\/9086\/revisions\/16090"}],"wp:featuredmedia":[{"embeddable":true,"href":"https:\/\/plasticexpress.es\/ca\/wp-json\/wp\/v2\/media\/18931"}],"wp:attachment":[{"href":"https:\/\/plasticexpress.es\/ca\/wp-json\/wp\/v2\/media?parent=9086"}],"wp:term":[{"taxonomy":"product_brand","embeddable":true,"href":"https:\/\/plasticexpress.es\/ca\/wp-json\/wp\/v2\/product_brand?post=9086"},{"taxonomy":"product_cat","embeddable":true,"href":"https:\/\/plasticexpress.es\/ca\/wp-json\/wp\/v2\/product_cat?post=9086"},{"taxonomy":"product_tag","embeddable":true,"href":"https:\/\/plasticexpress.es\/ca\/wp-json\/wp\/v2\/product_tag?post=9086"}],"curies":[{"name":"wp","href":"https:\/\/api.w.org\/{rel}","templated":true}]}}