

{"id":9101,"date":"2020-12-18T19:33:40","date_gmt":"2021-04-05T03:46:03","guid":{"rendered":"https:\/\/plasticexpress.es\/producto\/Sense%20categoria\/balda-de-metacrilat\/"},"modified":"2024-01-29T12:40:26","modified_gmt":"2024-01-29T11:40:26","slug":"balda-de-metacrilato","status":"publish","type":"product","link":"https:\/\/plasticexpress.es\/ca\/producto\/articles-ca\/mobiliario-ca\/baldas-ca\/balda-de-metacrilato\/","title":{"rendered":"Balda de metacrilat"},"content":{"rendered":"<p>A l&#8217;hora de decorar un espai, sigui una casa o un negoci, les <b>baldes de metacrilat <\/b>s\u00f3n una opci\u00f3 magn\u00edfica. Si en aquests moments est\u00e0s buscant un material resistent per a les teves <b>prestatgeries<\/b>, confia en el treball professional de <b>Plastic Express<\/b>.<\/p>\n<p>Des d&#8217;aqu\u00ed et donarem els motius que necessites per a decantar-te per aquesta mena d&#8217;<a href=\"https:\/\/plasticexpress.es\/ca\/articles-ca\/\">articles de metacrilat<\/a>, que destaquen per la seva \u00e0mplia variabilitat d&#8217;opcions, durabilitat i est\u00e8tica moderna.<\/p>\n<h2>Qu\u00e8 s\u00f3n les baldes de metacrilat?<\/h2>\n<p>El metacrilat \u00e9s un termopl\u00e0stic r\u00edgid que ofereix una incre\u00efble durabilitat, aix\u00ed com una alta capacitat de resist\u00e8ncia i estabilitat. \u00c9s molt similar al vidre en tant que ofereix el mateix nivell de transpar\u00e8ncia, tot i que estiguem parlant d&#8217;un material que <b>el supera en resist\u00e8ncia i lleugeresa<\/b>.<\/p>\n<p>Les baldes de metacrilat modernes s\u00f3n magn\u00edfiques per a exposar qualsevol tipus de producte. El seu objectiu \u00e9s proporcionar el suport i al\u00e7ada necessaris per a col\u00b7locar-hi i exhibir-hi tot tipus d&#8217;objectes.<\/p>\n<p>Les baldes o prestatgeries flotants que et mostrem estan formades per<b> plaques de metacrilat i dos suports fabricats en acer<\/b>. Per a concedir-te un servei de qualitat s&#8217;han emprat en el proc\u00e9s talls l\u00e0ser de metacrilat o <a href=\"https:\/\/plasticexpress.es\/ca\/procesos\/mecanitzat-per-cnc\/\"><b>mecanitzat per CNC<\/b><\/a>, i poliment i abrillantat de metacrilat.<\/p>\n<p>Indicar-te que nostres baldes de metacrilat es troben disponibles en diverses mides, encara que tamb\u00e9 <b>podem fabricar-les al teu gust<\/b>. A m\u00e9s, tenen un preu econ\u00f2mic per a adaptar-se al teu pressupost.<\/p>\n<p>Nom\u00e9s haur\u00e0s de mesurar b\u00e9 la zona on les col\u00b7locar\u00e0s i caragolar els seus perfils de manera precisa i correcta. Una vegada fet, insereix el metacrilat en la ranura corresponent i les teves baldes ja estaran llestes per a ser utilitzades.<\/p>\n<p>Una de les seves principals avantatges \u00e9s que <b>s\u00f3n bastant f\u00e0cils de muntar<\/b>. En pocs minuts estaran caragolades a la paret, encara que si tens algun dubte, n&#8217;hi ha prou amb preguntar al nostre personal.<\/p>\n<p>Sens dubte, estem parlant del material perfecte per a fabricar prestatgeries i des d&#8217;aqu\u00ed podem ajudar-te en els teus projectes de decoraci\u00f3, proporcionant-te les baldes de metacrilat que necessitis, aix\u00ed com altres <a href=\"https:\/\/plasticexpress.es\/ca\/articles-ca\/mobiliario-ca\/\"><b>peces de mobiliari<\/b><\/a> fabricades en aquest mateix material. Simplement, contacta amb nosaltres i t&#8217;informarem sense cap comprom\u00eds i al m\u00e9s aviat possible.<\/p>\n<h2>Aplicacions de les prestatgeries de metacrilat<\/h2>\n<p>Les baldes de metacrilat a mida ofereixen una \u00e0mplia varietat d&#8217;opcions. Des d&#8217;aqu\u00ed volem posar-te al corrent d&#8217;algunes propostes perqu\u00e8 tinguis una idea de la imatge moderna i atrevida que poden concedir a qualsevol espai.<\/p>\n<p>Es tracta d&#8217;una aposta segura que encaixa perfectament en qualsevol mena d&#8217;estan\u00e7a. S\u00f3n <b>molt f\u00e0cils de netejar<\/b> i en elles podr\u00e0s col\u00b7locar qualsevol element que vulguis. S\u00f3n tan resistents que no tindr\u00e0s cap problema. A m\u00e9s, la seva <b>funci\u00f3 decorativa <\/b>\u00e9s una altra de les seves aportacions, perqu\u00e8 la seva transpar\u00e8ncia i disseny minimalista dona lloc a una aparen\u00e7a original que no et decebr\u00e0.<\/p>\n<p>D&#8217;aquesta manera, dins de les <b>principals aplicacions<\/b> d&#8217;aquestes prestatgeries destaquen les seg\u00fcents:<\/p>\n<ul>\n<li aria-level=\"1\">Interiorisme<\/li>\n<li aria-level=\"1\">Decoraci\u00f3<\/li>\n<li aria-level=\"1\">Estands<\/li>\n<li aria-level=\"1\">Suport per a articles de decoraci\u00f3<\/li>\n<li aria-level=\"1\">Suport incolor<\/li>\n<\/ul>\n<p>En Plastic Express som especialista a fabricar tot tipus d&#8217;articles amb aquest material tan resistent. Dins de la nostra col\u00b7lecci\u00f3, les baldes de metacrilat s&#8217;han convertit en una de les opcions m\u00e9s demandades pels nostres clients.<\/p>\n<p>Si est\u00e0s interessat a comprar una d&#8217;aquestes peces pr\u00e0ctiques i lleugeres, pots posar-te en contacte amb nosaltres o fer la teva comanda a trav\u00e9s de la nostra botiga en l\u00ednia.<\/p>\n<h2>Raons per les quals triar les nostres prestatgeries de metacrilat<\/h2>\n<p>En primer lloc, dir que el metacrilat \u00e9s molt resistent. Ofereix una<b> gran duresa <\/b>i en incloure-ho en prestatgeries suportar\u00e0 diferents pesos.<\/p>\n<p>A Plastic Express pots comprar <b>baldes de metacrilat a mida<\/b> i triar el gruix que prefereixis en funci\u00f3 de les teves necessitats. Tot dependr\u00e0 del pes que hagi de suportar la balda.<\/p>\n<p>Comptem amb una<b> f\u00e0brica pr\u00f2pia de peces de metacrilat<\/b>, d&#8217;aqu\u00ed ve que puguis triar les mesures exactes per a fabricar tantes prestatgeries transparents com vulguis. Fins i tot si l\u2019hi poses una mica d&#8217;imaginaci\u00f3, ofereix diferents possibilitats quant a disseny es refereix, com per exemple, <b>afegir il\u00b7luminaci\u00f3<\/b> o apostar per les <a href=\"https:\/\/plasticexpress.es\/ca\/producto\/articles-ca\/mobiliario-ca\/baldas-de-colores-ca\/balda-de-metacrilato-de-colores\/\"><b>baldes de metacrilat de colors<\/b><\/a>.<\/p>\n<p>El metacrilat s&#8217;ha convertit en un material tend\u00e8ncia i mai passar\u00e0 de moda. Aquest tipus de peces s\u00f3n emprades habitualment en decoraci\u00f3 a causa de l&#8217;<b>elevada qualitat del material <\/b>i a les seves moltes possibilitats.<\/p>\n<p>Cada vegada s\u00f3n m\u00e9s els projectes originals que inclouen baldes de metacrilat per a decorar les parets i si des de la nostra empresa<b> podem adaptar-nos perfectament al teu projecte.<\/b> Per qu\u00e8 no incloure aquestes peces de metacrilat <b>m\u00e9s duradores i resistents que el vidre<\/b>?<\/p>\n<p>El metacrilat est\u00e0 agafant impuls i \u00e9s un material que no passar\u00e0 de moda amb el pas del temps. Sens dubte, \u00e9s el substitut perfecte del vidre o del cristall. D&#8217;aquesta manera podr\u00e0s col\u00b7locar tot tipus d&#8217;objectes damunt sense preocupacions.<\/p>\n<h2>Com sol\u00b7licito una balda de metacrilat a mesura?<\/h2>\n<p>En cas de necessitar un article de metacrilat amb mesures diferents als models exhibits, pots demanar un <a href=\"https:\/\/plasticexpress.es\/ca\/procesos\/pressupostos-a-mida\/\">pressupost a mesura<\/a> des d&#8217;aqu\u00ed o enviar-nos un correu a l&#8217;email <a href=\"mailto:info@plasticexpress.es\">info@plasticexpress.es<\/a> amb la seg\u00fcent informaci\u00f3:<\/p>\n<ul>\n<li aria-level=\"1\">En l&#8217;<b>assumpte<\/b> indica l&#8217;article en el qual est\u00e0s interessat i el material de fabricaci\u00f3. En aquest cas, per exemple, seria balda + metacrilat.<\/li>\n<li aria-level=\"1\">Recorda que si ets un <b>professional de la ind\u00fastria<\/b> pots obtenir descomptes especials accedint al <a href=\"https:\/\/plasticexpress.es\/ca\/procesos\/presupusto-per-a-professionals\/\"><b>formulari de pressupostos per a professionals<\/b><\/a>.<\/li>\n<\/ul>\n","protected":false},"excerpt":{"rendered":"<p>A l&#8217;hora de decorar un espai, sigui una casa o un negoci, les baldes de metacrilat s\u00f3n una opci\u00f3 magn\u00edfica. Si en aquests moments est\u00e0s buscant un material resistent per a les teves prestatgeries, confia en el treball professional de Plastic Express. Des d&#8217;aqu\u00ed et donarem els motius que necessites per a decantar-te per aquesta [&hellip;]<\/p>\n","protected":false},"featured_media":5442,"comment_status":"open","ping_status":"closed","template":"","meta":{"_acf_changed":false},"product_brand":[],"product_cat":[582,643,641],"product_tag":[760,1141,813,1297,756],"class_list":{"0":"post-9101","1":"product","2":"type-product","3":"status-publish","4":"has-post-thumbnail","6":"product_cat-articles-ca","7":"product_cat-baldas-ca","8":"product_cat-mobiliario-ca","9":"product_tag-balda-transparent","10":"product_tag-cerca-per-autor-de-metacrilat","11":"product_tag-metacrilat","12":"product_tag-mobiliario-metacrilato-ca","13":"product_tag-prestatge-de-metacrilat","15":"first","16":"instock","17":"shipping-taxable","18":"purchasable","19":"product-type-variable"},"acf":{"photo_gallery":{"opciones_de_agujeros":[[]]}},"yoast_head":"<!-- This site is optimized with the Yoast SEO plugin v27.4 - https:\/\/yoast.com\/product\/yoast-seo-wordpress\/ -->\n<title>Estanter\u00edes de Metacrilat al Millor Preu | PlasticExpress<\/title>\n<meta name=\"description\" content=\"Compra les teves estanter\u00edes de metacrilat per a paret a Plastic Express. Aquestes baldes transparents s\u00f3n ideals per a interiorisme, garatges o estands.\" \/>\n<meta name=\"robots\" content=\"index, follow, max-snippet:-1, max-image-preview:large, max-video-preview:-1\" \/>\n<link rel=\"canonical\" href=\"https:\/\/plasticexpress.es\/ca\/producto\/articles-ca\/mobiliario-ca\/baldas-ca\/balda-de-metacrilato\/\" \/>\n<meta property=\"og:locale\" content=\"ca_ES\" \/>\n<meta property=\"og:type\" content=\"article\" \/>\n<meta property=\"og:title\" content=\"Estanter\u00edes de Metacrilat al Millor Preu | PlasticExpress\" \/>\n<meta property=\"og:description\" content=\"Compra les teves estanter\u00edes de metacrilat per a paret a Plastic Express. Aquestes baldes transparents s\u00f3n ideals per a interiorisme, garatges o estands.\" \/>\n<meta property=\"og:url\" content=\"https:\/\/plasticexpress.es\/ca\/producto\/articles-ca\/mobiliario-ca\/baldas-ca\/balda-de-metacrilato\/\" \/>\n<meta property=\"og:site_name\" content=\"Plasticexpress\" \/>\n<meta property=\"article:modified_time\" content=\"2024-01-29T11:40:26+00:00\" \/>\n<meta property=\"og:image\" content=\"https:\/\/plasticexpress.es\/wp-content\/uploads\/2020\/12\/Balda-incoloro-1.jpg\" \/>\n\t<meta property=\"og:image:width\" content=\"850\" \/>\n\t<meta property=\"og:image:height\" content=\"604\" \/>\n\t<meta property=\"og:image:type\" content=\"image\/jpeg\" \/>\n<meta name=\"twitter:card\" content=\"summary_large_image\" \/>\n<meta name=\"twitter:label1\" content=\"Temps estimat de lectura\" \/>\n\t<meta name=\"twitter:data1\" content=\"5 minuts\" \/>\n<script type=\"application\/ld+json\" class=\"yoast-schema-graph\">{\"@context\":\"https:\\\/\\\/schema.org\",\"@graph\":[{\"@type\":\"WebPage\",\"@id\":\"https:\\\/\\\/plasticexpress.es\\\/ca\\\/producto\\\/articles-ca\\\/mobiliario-ca\\\/baldas-ca\\\/balda-de-metacrilato\\\/\",\"url\":\"https:\\\/\\\/plasticexpress.es\\\/ca\\\/producto\\\/articles-ca\\\/mobiliario-ca\\\/baldas-ca\\\/balda-de-metacrilato\\\/\",\"name\":\"Estanter\u00edes de Metacrilat al Millor Preu | PlasticExpress\",\"isPartOf\":{\"@id\":\"https:\\\/\\\/plasticexpress.es\\\/ca\\\/#website\"},\"primaryImageOfPage\":{\"@id\":\"https:\\\/\\\/plasticexpress.es\\\/ca\\\/producto\\\/articles-ca\\\/mobiliario-ca\\\/baldas-ca\\\/balda-de-metacrilato\\\/#primaryimage\"},\"image\":{\"@id\":\"https:\\\/\\\/plasticexpress.es\\\/ca\\\/producto\\\/articles-ca\\\/mobiliario-ca\\\/baldas-ca\\\/balda-de-metacrilato\\\/#primaryimage\"},\"thumbnailUrl\":\"https:\\\/\\\/plasticexpress.es\\\/wp-content\\\/uploads\\\/2020\\\/12\\\/Balda-incoloro-1.jpg\",\"datePublished\":\"2021-04-05T03:46:03+00:00\",\"dateModified\":\"2024-01-29T11:40:26+00:00\",\"description\":\"Compra les teves estanter\u00edes de metacrilat per a paret a Plastic Express. Aquestes baldes transparents s\u00f3n ideals per a interiorisme, garatges o estands.\",\"breadcrumb\":{\"@id\":\"https:\\\/\\\/plasticexpress.es\\\/ca\\\/producto\\\/articles-ca\\\/mobiliario-ca\\\/baldas-ca\\\/balda-de-metacrilato\\\/#breadcrumb\"},\"inLanguage\":\"ca\",\"potentialAction\":[{\"@type\":\"ReadAction\",\"target\":[\"https:\\\/\\\/plasticexpress.es\\\/ca\\\/producto\\\/articles-ca\\\/mobiliario-ca\\\/baldas-ca\\\/balda-de-metacrilato\\\/\"]}]},{\"@type\":\"ImageObject\",\"inLanguage\":\"ca\",\"@id\":\"https:\\\/\\\/plasticexpress.es\\\/ca\\\/producto\\\/articles-ca\\\/mobiliario-ca\\\/baldas-ca\\\/balda-de-metacrilato\\\/#primaryimage\",\"url\":\"https:\\\/\\\/plasticexpress.es\\\/wp-content\\\/uploads\\\/2020\\\/12\\\/Balda-incoloro-1.jpg\",\"contentUrl\":\"https:\\\/\\\/plasticexpress.es\\\/wp-content\\\/uploads\\\/2020\\\/12\\\/Balda-incoloro-1.jpg\",\"width\":850,\"height\":604,\"caption\":\"Balda de metacrilat\"},{\"@type\":\"BreadcrumbList\",\"@id\":\"https:\\\/\\\/plasticexpress.es\\\/ca\\\/producto\\\/articles-ca\\\/mobiliario-ca\\\/baldas-ca\\\/balda-de-metacrilato\\\/#breadcrumb\",\"itemListElement\":[{\"@type\":\"ListItem\",\"position\":1,\"name\":\"Portada\",\"item\":\"https:\\\/\\\/plasticexpress.es\\\/ca\\\/\"},{\"@type\":\"ListItem\",\"position\":2,\"name\":\"Shop\",\"item\":\"https:\\\/\\\/plasticexpress.es\\\/ca\\\/shop\\\/\"},{\"@type\":\"ListItem\",\"position\":3,\"name\":\"Balda de metacrilat\"}]},{\"@type\":\"WebSite\",\"@id\":\"https:\\\/\\\/plasticexpress.es\\\/ca\\\/#website\",\"url\":\"https:\\\/\\\/plasticexpress.es\\\/ca\\\/\",\"name\":\"Plasticexpress\",\"description\":\"Venta de materiales y art\u00edculos de Metacrilato\",\"potentialAction\":[{\"@type\":\"SearchAction\",\"target\":{\"@type\":\"EntryPoint\",\"urlTemplate\":\"https:\\\/\\\/plasticexpress.es\\\/ca\\\/?s={search_term_string}\"},\"query-input\":{\"@type\":\"PropertyValueSpecification\",\"valueRequired\":true,\"valueName\":\"search_term_string\"}}],\"inLanguage\":\"ca\"}]}<\/script>\n<!-- \/ Yoast SEO plugin. -->","yoast_head_json":{"title":"Estanter\u00edes de Metacrilat al Millor Preu | PlasticExpress","description":"Compra les teves estanter\u00edes de metacrilat per a paret a Plastic Express. Aquestes baldes transparents s\u00f3n ideals per a interiorisme, garatges o estands.","robots":{"index":"index","follow":"follow","max-snippet":"max-snippet:-1","max-image-preview":"max-image-preview:large","max-video-preview":"max-video-preview:-1"},"canonical":"https:\/\/plasticexpress.es\/ca\/producto\/articles-ca\/mobiliario-ca\/baldas-ca\/balda-de-metacrilato\/","og_locale":"ca_ES","og_type":"article","og_title":"Estanter\u00edes de Metacrilat al Millor Preu | PlasticExpress","og_description":"Compra les teves estanter\u00edes de metacrilat per a paret a Plastic Express. Aquestes baldes transparents s\u00f3n ideals per a interiorisme, garatges o estands.","og_url":"https:\/\/plasticexpress.es\/ca\/producto\/articles-ca\/mobiliario-ca\/baldas-ca\/balda-de-metacrilato\/","og_site_name":"Plasticexpress","article_modified_time":"2024-01-29T11:40:26+00:00","og_image":[{"width":850,"height":604,"url":"https:\/\/plasticexpress.es\/wp-content\/uploads\/2020\/12\/Balda-incoloro-1.jpg","type":"image\/jpeg"}],"twitter_card":"summary_large_image","twitter_misc":{"Temps estimat de lectura":"5 minuts"},"schema":{"@context":"https:\/\/schema.org","@graph":[{"@type":"WebPage","@id":"https:\/\/plasticexpress.es\/ca\/producto\/articles-ca\/mobiliario-ca\/baldas-ca\/balda-de-metacrilato\/","url":"https:\/\/plasticexpress.es\/ca\/producto\/articles-ca\/mobiliario-ca\/baldas-ca\/balda-de-metacrilato\/","name":"Estanter\u00edes de Metacrilat al Millor Preu | PlasticExpress","isPartOf":{"@id":"https:\/\/plasticexpress.es\/ca\/#website"},"primaryImageOfPage":{"@id":"https:\/\/plasticexpress.es\/ca\/producto\/articles-ca\/mobiliario-ca\/baldas-ca\/balda-de-metacrilato\/#primaryimage"},"image":{"@id":"https:\/\/plasticexpress.es\/ca\/producto\/articles-ca\/mobiliario-ca\/baldas-ca\/balda-de-metacrilato\/#primaryimage"},"thumbnailUrl":"https:\/\/plasticexpress.es\/wp-content\/uploads\/2020\/12\/Balda-incoloro-1.jpg","datePublished":"2021-04-05T03:46:03+00:00","dateModified":"2024-01-29T11:40:26+00:00","description":"Compra les teves estanter\u00edes de metacrilat per a paret a Plastic Express. Aquestes baldes transparents s\u00f3n ideals per a interiorisme, garatges o estands.","breadcrumb":{"@id":"https:\/\/plasticexpress.es\/ca\/producto\/articles-ca\/mobiliario-ca\/baldas-ca\/balda-de-metacrilato\/#breadcrumb"},"inLanguage":"ca","potentialAction":[{"@type":"ReadAction","target":["https:\/\/plasticexpress.es\/ca\/producto\/articles-ca\/mobiliario-ca\/baldas-ca\/balda-de-metacrilato\/"]}]},{"@type":"ImageObject","inLanguage":"ca","@id":"https:\/\/plasticexpress.es\/ca\/producto\/articles-ca\/mobiliario-ca\/baldas-ca\/balda-de-metacrilato\/#primaryimage","url":"https:\/\/plasticexpress.es\/wp-content\/uploads\/2020\/12\/Balda-incoloro-1.jpg","contentUrl":"https:\/\/plasticexpress.es\/wp-content\/uploads\/2020\/12\/Balda-incoloro-1.jpg","width":850,"height":604,"caption":"Balda de metacrilat"},{"@type":"BreadcrumbList","@id":"https:\/\/plasticexpress.es\/ca\/producto\/articles-ca\/mobiliario-ca\/baldas-ca\/balda-de-metacrilato\/#breadcrumb","itemListElement":[{"@type":"ListItem","position":1,"name":"Portada","item":"https:\/\/plasticexpress.es\/ca\/"},{"@type":"ListItem","position":2,"name":"Shop","item":"https:\/\/plasticexpress.es\/ca\/shop\/"},{"@type":"ListItem","position":3,"name":"Balda de metacrilat"}]},{"@type":"WebSite","@id":"https:\/\/plasticexpress.es\/ca\/#website","url":"https:\/\/plasticexpress.es\/ca\/","name":"Plasticexpress","description":"Venta de materiales y art\u00edculos de Metacrilato","potentialAction":[{"@type":"SearchAction","target":{"@type":"EntryPoint","urlTemplate":"https:\/\/plasticexpress.es\/ca\/?s={search_term_string}"},"query-input":{"@type":"PropertyValueSpecification","valueRequired":true,"valueName":"search_term_string"}}],"inLanguage":"ca"}]}},"_links":{"self":[{"href":"https:\/\/plasticexpress.es\/ca\/wp-json\/wp\/v2\/product\/9101","targetHints":{"allow":["GET"]}}],"collection":[{"href":"https:\/\/plasticexpress.es\/ca\/wp-json\/wp\/v2\/product"}],"about":[{"href":"https:\/\/plasticexpress.es\/ca\/wp-json\/wp\/v2\/types\/product"}],"replies":[{"embeddable":true,"href":"https:\/\/plasticexpress.es\/ca\/wp-json\/wp\/v2\/comments?post=9101"}],"version-history":[{"count":5,"href":"https:\/\/plasticexpress.es\/ca\/wp-json\/wp\/v2\/product\/9101\/revisions"}],"predecessor-version":[{"id":19133,"href":"https:\/\/plasticexpress.es\/ca\/wp-json\/wp\/v2\/product\/9101\/revisions\/19133"}],"wp:featuredmedia":[{"embeddable":true,"href":"https:\/\/plasticexpress.es\/ca\/wp-json\/wp\/v2\/media\/5442"}],"wp:attachment":[{"href":"https:\/\/plasticexpress.es\/ca\/wp-json\/wp\/v2\/media?parent=9101"}],"wp:term":[{"taxonomy":"product_brand","embeddable":true,"href":"https:\/\/plasticexpress.es\/ca\/wp-json\/wp\/v2\/product_brand?post=9101"},{"taxonomy":"product_cat","embeddable":true,"href":"https:\/\/plasticexpress.es\/ca\/wp-json\/wp\/v2\/product_cat?post=9101"},{"taxonomy":"product_tag","embeddable":true,"href":"https:\/\/plasticexpress.es\/ca\/wp-json\/wp\/v2\/product_tag?post=9101"}],"curies":[{"name":"wp","href":"https:\/\/api.w.org\/{rel}","templated":true}]}}