

{"id":9121,"date":"2020-12-18T19:26:07","date_gmt":"2021-04-05T04:54:33","guid":{"rendered":"https:\/\/plasticexpress.es\/producto\/Sense%20categoria\/taula-de-metacrilat\/"},"modified":"2022-05-26T11:01:39","modified_gmt":"2022-05-26T10:01:39","slug":"mesa-metacrilato","status":"publish","type":"product","link":"https:\/\/plasticexpress.es\/ca\/producto\/articles-ca\/mobiliario-ca\/mesa-nido-ca\/mesa-metacrilato\/","title":{"rendered":"Taula de metacrilat"},"content":{"rendered":"<p>Les <b>taules s\u00f3n elements de decoraci\u00f3 i mobiliari<\/b> als quals donem molt \u00fas. S&#8217;estableixen com les parts centrals d&#8217;una gran quantitat d&#8217;habitacions, combinen amb altres peces i sovint suporten una diversitat d&#8217;activitat\u00a0 important, perqu\u00e8 en elles es col\u00b7loquen documents, utensilis, menjars\u2026 S\u00f3n altament funcionals, a m\u00e9s d&#8217;est\u00e8tiques.<\/p>\n<p>&nbsp;<\/p>\n<p>Per a conservar la integritat d&#8217;aquests productes sense renunciar a l&#8217;est\u00e8tica s\u00f3n cada vegada m\u00e9s les persones que es decanten per una <b>taula de metacrilat<\/b>. Aquest material atorga una excel\u00b7lent resist\u00e8ncia al producte final, <b>encaixa perfectament amb qualsevol concepte decoratiu <\/b>i proporciona la soluci\u00f3 definitiva per a armar tant una casa com una oficina.<\/p>\n<p>&nbsp;<\/p>\n<h2>Qu\u00e8 \u00e9s una taula de metacrilat<\/h2>\n<p>&nbsp;<\/p>\n<p>La <b>taula de metacrilat <\/b>\u00e9s una pe\u00e7a de mobiliari de color transparent molt lleugera, per la qual cosa es pot moure amb comoditat i instal\u00b7lar sense ajuda professional.<\/p>\n<p>&nbsp;<\/p>\n<p>Pot <b>exhibir qualsevol tipus de producte<\/b>, mentre que proporciona el suport i l&#8217;al\u00e7ada necess\u00e0ria. Gr\u00e0cies a aquestes caracter\u00edstiques s&#8217;ha convertit en una de les millors alternatives per a integrar en decoracions contempor\u00e0nies i en diversitat d&#8217;entorns.<\/p>\n<p>&nbsp;<\/p>\n<p>Es tracta d&#8217;un producte fabricat \u00edntegrament de <b>metacrilat de colada incolor<\/b>, per la qual cosa aquesta taula \u00e9s un objecte amb unes caracter\u00edstiques \u00f2ptiques molt particulars. Est\u00e0 composta per una sola pe\u00e7a, una \u00fanica placa de metacrilat que ha estat corbada dues vegades a 90 graus per a obtenir aquest resultat tan especial i vers\u00e0til.<\/p>\n<p>&nbsp;<\/p>\n<p>Durant la fabricaci\u00f3 d&#8217;aquest article de mobiliari s&#8217;empren dos tipus de processos. Un d&#8217;ells \u00e9s el <a href=\"https:\/\/plasticexpress.es\/ca\/procesos\/tall-i-gravat-a-laser\/\"><b>tall l\u00e0ser de metacrilat<\/b><\/a>, que consisteix a tallar la pe\u00e7a mitjan\u00e7ant un raig l\u00e0ser que escalfa el material fins a fondre&#8217;l o evaporar-lo, donant com a resultat un acabat molt prec\u00eds. L&#8217;altre proc\u00e9s per a la creaci\u00f3 de la taula transparent de metacrilat \u00e9s el <b>doblegat <\/b>d&#8217;aquest material, s&#8217;efectua escalfant la pe\u00e7a per a atorgar la forma desitjada i despr\u00e9s refredant-la de nou perqu\u00e8 aquesta quedi amb la curvatura desitjada.<\/p>\n<p>&nbsp;<\/p>\n<p>Comptem amb experts qualificats en aquestes t\u00e8cniques per a proporcionar el resultat m\u00e9s s\u00f2lid, est\u00e8tic i prec\u00eds. Es tracta d&#8217;un moble que suportar\u00e0 molt b\u00e9 el pas del temps i exercir\u00e0 la seva funci\u00f3 sense problemes.<\/p>\n<h2>Qu\u00e8 \u00e9s una taula niu de metacrilat<\/h2>\n<p>La <b>taula niu de metacrilat <\/b>\u00e9s un moble molt eficient, que t\u00e9 un \u00fas excepcionalment \u00fatil en el context de la llar. Es tracta d&#8217;un format amb diverses taules en diferents escales i al\u00e7ades que funciona molt b\u00e9 com a <b>moble auxiliar<\/b>.<\/p>\n<p>&nbsp;<\/p>\n<p>A m\u00e9s, es pot utilitzar en conjunt o donar \u00fas a una sola part del producte quan es consideri oport\u00fa. \u00c9s ideal per als llocs amb poc espai o per a donar suport quan hi ha convidats o ocasions especials.<\/p>\n<p>&nbsp;<\/p>\n<h2>Per a qu\u00e8 utilitzar una taula de metacrilat<\/h2>\n<p>Les aplicacions d&#8217;aquest producte s\u00f3n molt variades gr\u00e0cies a les seves qualitats i el seu aspecte \u00fanic, tan camale\u00f3nic. Aquestes s\u00f3n les principals:<\/p>\n<p>&nbsp;<\/p>\n<ul>\n<li aria-level=\"1\">Interiorisme<\/li>\n<li aria-level=\"1\">Decoraci\u00f3<\/li>\n<li aria-level=\"1\">Estands<\/li>\n<li aria-level=\"1\">Suport per a articles de decoraci\u00f3<\/li>\n<li aria-level=\"1\">Suport incolor<\/li>\n<\/ul>\n<p>&nbsp;<\/p>\n<p>A partir d&#8217;una <b>col\u00b7lecci\u00f3 d&#8217;articles<\/b> selectes ideats pel nostre equip expert, Plastic Express ha creat una l\u00ednia de <a href=\"https:\/\/plasticexpress.es\/ca\/articles-ca\/mobiliario-ca\/\"><b>mobiliari de metacrilat<\/b><\/a> avantguardista a l&#8217;al\u00e7ada de les necessitats dels espais actuals. La taula de metacrilat pertany a aquesta acurada selecci\u00f3 que permet als usuaris renovar una bona part del mobiliari o simplement les peces triades, apostant pels bons resultats i la practicitat.<\/p>\n<p>&nbsp;<\/p>\n<p>Si est\u00e0s interessat a comprar una taula d&#8217;aquestes caracter\u00edstiques i donar un nou aire a qualsevol de les teves habitacions, pots fer-ho c\u00f2modament a trav\u00e9s de la nostra botiga en l\u00ednia sense necessitat de despla\u00e7ar-te.<\/p>\n<p>Si est\u00e0s interessat a comprar una taula d&#8217;aquestes caracter\u00edstiques i donar un nou aire a qualsevol de les teves habitacions, pots fer-ho c\u00f2modament a trav\u00e9s de la nostra botiga en l\u00ednia<b> sense necessitat de despla\u00e7ar-te<\/b>.<\/p>\n<p>&nbsp;<\/p>\n<h2>Com demanar una taula de metacrilat a mida?<\/h2>\n<p>En el cas de necessitar un article de metacrilat amb mesures diferents als models que trobar\u00e0s en el nostre cat\u00e0leg, pots demanar un pressupost a mesura aqu\u00ed o envia&#8217;ns un correu a l&#8217;email <a href=\"mailto:info@plasticexpress.es\"><b>info@plasticexpress.es<\/b><\/a> amb la seg\u00fcent informaci\u00f3:<\/p>\n<p>&nbsp;<\/p>\n<ul>\n<li aria-level=\"1\">Assumpte: indica l&#8217;article en el qual est\u00e0s interessat i el material de fabricaci\u00f3. Per exemple: taula + metacrilat.<\/li>\n<li aria-level=\"1\">Cos: explica&#8217;ns els detalls que consideris m\u00e9s importants sobre el producte que est\u00e0s buscant.<\/li>\n<\/ul>\n<p>&nbsp;<\/p>\n<p>Per a adquirir<b> quantitats superiors a 10 unitats<\/b>, sol\u00b7licita informaci\u00f3 en el nostre email de contacte. A m\u00e9s, en el correu electr\u00f2nic info@plasticexpress.es podr\u00e0s con\u00e8ixer descomptes i ofertes. Si no trobes el que est\u00e0s buscant, nosaltres ho fabriquem en exclusiva i a mesura mitjan\u00e7ant la sol\u00b7licitud esmentada.<\/p>\n<p>&nbsp;<\/p>\n<p>Recorda tamb\u00e9 que comptem amb <b>descomptes especials per als professionals de la ind\u00fastria<\/b>. Per a aix\u00f2, nom\u00e9s haur\u00e0s d&#8217;accedir al formulari de pressupostos per a professionals i emplenar-lo amb les dades corresponents, el nostre equip et respondr\u00e0 en un termini d&#8217;<b>entre 24 i 48 hores<\/b>.<\/p>\n","protected":false},"excerpt":{"rendered":"<p>Les taules s\u00f3n elements de decoraci\u00f3 i mobiliari als quals donem molt \u00fas. S&#8217;estableixen com les parts centrals d&#8217;una gran quantitat d&#8217;habitacions, combinen amb altres peces i sovint suporten una diversitat d&#8217;activitat\u00a0 important, perqu\u00e8 en elles es col\u00b7loquen documents, utensilis, menjars\u2026 S\u00f3n altament funcionals, a m\u00e9s d&#8217;est\u00e8tiques. &nbsp; Per a conservar la integritat d&#8217;aquests productes [&hellip;]<\/p>\n","protected":false},"featured_media":5438,"comment_status":"open","ping_status":"closed","template":"","meta":{"_acf_changed":false},"product_brand":[],"product_cat":[582,648,641],"product_tag":[1141,1313,1312,813,1297],"class_list":{"0":"post-9121","1":"product","2":"type-product","3":"status-publish","4":"has-post-thumbnail","6":"product_cat-articles-ca","7":"product_cat-mesa-nido-ca","8":"product_cat-mobiliario-ca","9":"product_tag-cerca-per-autor-de-metacrilat","10":"product_tag-mesa-auxiliar-ca","11":"product_tag-mesa-transparente-ca","12":"product_tag-metacrilat","13":"product_tag-mobiliario-metacrilato-ca","15":"first","16":"instock","17":"shipping-taxable","18":"purchasable","19":"product-type-variable"},"acf":{"photo_gallery":{"opciones_de_agujeros":[[]]}},"yoast_head":"<!-- This site is optimized with the Yoast SEO plugin v27.2 - https:\/\/yoast.com\/product\/yoast-seo-wordpress\/ -->\n<title>Taula de Metacrilat | Plastic Express<\/title>\n<meta name=\"description\" content=\"Fabricat \u00edntegrament de metacrilat de colada incolor, aquesta taula est\u00e0 composta per una sola pe\u00e7a, una placa de metacrilat corbada dues vegades a 90\u00ba.\" \/>\n<meta name=\"robots\" content=\"index, follow, max-snippet:-1, max-image-preview:large, max-video-preview:-1\" \/>\n<link rel=\"canonical\" href=\"https:\/\/plasticexpress.es\/ca\/producto\/articles-ca\/mobiliario-ca\/mesa-nido-ca\/mesa-metacrilato\/\" \/>\n<meta property=\"og:locale\" content=\"ca_ES\" \/>\n<meta property=\"og:type\" content=\"article\" \/>\n<meta property=\"og:title\" content=\"Taula de Metacrilat | Plastic Express\" \/>\n<meta property=\"og:description\" content=\"Fabricat \u00edntegrament de metacrilat de colada incolor, aquesta taula est\u00e0 composta per una sola pe\u00e7a, una placa de metacrilat corbada dues vegades a 90\u00ba.\" \/>\n<meta property=\"og:url\" content=\"https:\/\/plasticexpress.es\/ca\/producto\/articles-ca\/mobiliario-ca\/mesa-nido-ca\/mesa-metacrilato\/\" \/>\n<meta property=\"og:site_name\" content=\"Plasticexpress\" \/>\n<meta property=\"article:modified_time\" content=\"2022-05-26T10:01:39+00:00\" \/>\n<meta property=\"og:image\" content=\"https:\/\/plasticexpress.es\/wp-content\/uploads\/2020\/12\/Mesa-nido-1.jpg\" \/>\n\t<meta property=\"og:image:width\" content=\"850\" \/>\n\t<meta property=\"og:image:height\" content=\"604\" \/>\n\t<meta property=\"og:image:type\" content=\"image\/jpeg\" \/>\n<meta name=\"twitter:card\" content=\"summary_large_image\" \/>\n<meta name=\"twitter:label1\" content=\"Temps estimat de lectura\" \/>\n\t<meta name=\"twitter:data1\" content=\"4 minuts\" \/>\n<script type=\"application\/ld+json\" class=\"yoast-schema-graph\">{\"@context\":\"https:\/\/schema.org\",\"@graph\":[{\"@type\":\"WebPage\",\"@id\":\"https:\/\/plasticexpress.es\/ca\/producto\/articles-ca\/mobiliario-ca\/mesa-nido-ca\/mesa-metacrilato\/\",\"url\":\"https:\/\/plasticexpress.es\/ca\/producto\/articles-ca\/mobiliario-ca\/mesa-nido-ca\/mesa-metacrilato\/\",\"name\":\"Taula de Metacrilat | Plastic Express\",\"isPartOf\":{\"@id\":\"https:\/\/plasticexpress.es\/ca\/#website\"},\"primaryImageOfPage\":{\"@id\":\"https:\/\/plasticexpress.es\/ca\/producto\/articles-ca\/mobiliario-ca\/mesa-nido-ca\/mesa-metacrilato\/#primaryimage\"},\"image\":{\"@id\":\"https:\/\/plasticexpress.es\/ca\/producto\/articles-ca\/mobiliario-ca\/mesa-nido-ca\/mesa-metacrilato\/#primaryimage\"},\"thumbnailUrl\":\"https:\/\/plasticexpress.es\/wp-content\/uploads\/2020\/12\/Mesa-nido-1.jpg\",\"datePublished\":\"2021-04-05T04:54:33+00:00\",\"dateModified\":\"2022-05-26T10:01:39+00:00\",\"description\":\"Fabricat \u00edntegrament de metacrilat de colada incolor, aquesta taula est\u00e0 composta per una sola pe\u00e7a, una placa de metacrilat corbada dues vegades a 90\u00ba.\",\"breadcrumb\":{\"@id\":\"https:\/\/plasticexpress.es\/ca\/producto\/articles-ca\/mobiliario-ca\/mesa-nido-ca\/mesa-metacrilato\/#breadcrumb\"},\"inLanguage\":\"ca\",\"potentialAction\":[{\"@type\":\"ReadAction\",\"target\":[\"https:\/\/plasticexpress.es\/ca\/producto\/articles-ca\/mobiliario-ca\/mesa-nido-ca\/mesa-metacrilato\/\"]}]},{\"@type\":\"ImageObject\",\"inLanguage\":\"ca\",\"@id\":\"https:\/\/plasticexpress.es\/ca\/producto\/articles-ca\/mobiliario-ca\/mesa-nido-ca\/mesa-metacrilato\/#primaryimage\",\"url\":\"https:\/\/plasticexpress.es\/wp-content\/uploads\/2020\/12\/Mesa-nido-1.jpg\",\"contentUrl\":\"https:\/\/plasticexpress.es\/wp-content\/uploads\/2020\/12\/Mesa-nido-1.jpg\",\"width\":850,\"height\":604,\"caption\":\"Mesa nido 1\"},{\"@type\":\"BreadcrumbList\",\"@id\":\"https:\/\/plasticexpress.es\/ca\/producto\/articles-ca\/mobiliario-ca\/mesa-nido-ca\/mesa-metacrilato\/#breadcrumb\",\"itemListElement\":[{\"@type\":\"ListItem\",\"position\":1,\"name\":\"Portada\",\"item\":\"https:\/\/plasticexpress.es\/ca\/\"},{\"@type\":\"ListItem\",\"position\":2,\"name\":\"Shop\",\"item\":\"https:\/\/plasticexpress.es\/ca\/shop\/\"},{\"@type\":\"ListItem\",\"position\":3,\"name\":\"Taula de metacrilat\"}]},{\"@type\":\"WebSite\",\"@id\":\"https:\/\/plasticexpress.es\/ca\/#website\",\"url\":\"https:\/\/plasticexpress.es\/ca\/\",\"name\":\"Plasticexpress\",\"description\":\"Venta de materiales y art\u00edculos de Metacrilato\",\"potentialAction\":[{\"@type\":\"SearchAction\",\"target\":{\"@type\":\"EntryPoint\",\"urlTemplate\":\"https:\/\/plasticexpress.es\/ca\/?s={search_term_string}\"},\"query-input\":{\"@type\":\"PropertyValueSpecification\",\"valueRequired\":true,\"valueName\":\"search_term_string\"}}],\"inLanguage\":\"ca\"}]}<\/script>\n<!-- \/ Yoast SEO plugin. -->","yoast_head_json":{"title":"Taula de Metacrilat | Plastic Express","description":"Fabricat \u00edntegrament de metacrilat de colada incolor, aquesta taula est\u00e0 composta per una sola pe\u00e7a, una placa de metacrilat corbada dues vegades a 90\u00ba.","robots":{"index":"index","follow":"follow","max-snippet":"max-snippet:-1","max-image-preview":"max-image-preview:large","max-video-preview":"max-video-preview:-1"},"canonical":"https:\/\/plasticexpress.es\/ca\/producto\/articles-ca\/mobiliario-ca\/mesa-nido-ca\/mesa-metacrilato\/","og_locale":"ca_ES","og_type":"article","og_title":"Taula de Metacrilat | Plastic Express","og_description":"Fabricat \u00edntegrament de metacrilat de colada incolor, aquesta taula est\u00e0 composta per una sola pe\u00e7a, una placa de metacrilat corbada dues vegades a 90\u00ba.","og_url":"https:\/\/plasticexpress.es\/ca\/producto\/articles-ca\/mobiliario-ca\/mesa-nido-ca\/mesa-metacrilato\/","og_site_name":"Plasticexpress","article_modified_time":"2022-05-26T10:01:39+00:00","og_image":[{"width":850,"height":604,"url":"https:\/\/plasticexpress.es\/wp-content\/uploads\/2020\/12\/Mesa-nido-1.jpg","type":"image\/jpeg"}],"twitter_card":"summary_large_image","twitter_misc":{"Temps estimat de lectura":"4 minuts"},"schema":{"@context":"https:\/\/schema.org","@graph":[{"@type":"WebPage","@id":"https:\/\/plasticexpress.es\/ca\/producto\/articles-ca\/mobiliario-ca\/mesa-nido-ca\/mesa-metacrilato\/","url":"https:\/\/plasticexpress.es\/ca\/producto\/articles-ca\/mobiliario-ca\/mesa-nido-ca\/mesa-metacrilato\/","name":"Taula de Metacrilat | Plastic Express","isPartOf":{"@id":"https:\/\/plasticexpress.es\/ca\/#website"},"primaryImageOfPage":{"@id":"https:\/\/plasticexpress.es\/ca\/producto\/articles-ca\/mobiliario-ca\/mesa-nido-ca\/mesa-metacrilato\/#primaryimage"},"image":{"@id":"https:\/\/plasticexpress.es\/ca\/producto\/articles-ca\/mobiliario-ca\/mesa-nido-ca\/mesa-metacrilato\/#primaryimage"},"thumbnailUrl":"https:\/\/plasticexpress.es\/wp-content\/uploads\/2020\/12\/Mesa-nido-1.jpg","datePublished":"2021-04-05T04:54:33+00:00","dateModified":"2022-05-26T10:01:39+00:00","description":"Fabricat \u00edntegrament de metacrilat de colada incolor, aquesta taula est\u00e0 composta per una sola pe\u00e7a, una placa de metacrilat corbada dues vegades a 90\u00ba.","breadcrumb":{"@id":"https:\/\/plasticexpress.es\/ca\/producto\/articles-ca\/mobiliario-ca\/mesa-nido-ca\/mesa-metacrilato\/#breadcrumb"},"inLanguage":"ca","potentialAction":[{"@type":"ReadAction","target":["https:\/\/plasticexpress.es\/ca\/producto\/articles-ca\/mobiliario-ca\/mesa-nido-ca\/mesa-metacrilato\/"]}]},{"@type":"ImageObject","inLanguage":"ca","@id":"https:\/\/plasticexpress.es\/ca\/producto\/articles-ca\/mobiliario-ca\/mesa-nido-ca\/mesa-metacrilato\/#primaryimage","url":"https:\/\/plasticexpress.es\/wp-content\/uploads\/2020\/12\/Mesa-nido-1.jpg","contentUrl":"https:\/\/plasticexpress.es\/wp-content\/uploads\/2020\/12\/Mesa-nido-1.jpg","width":850,"height":604,"caption":"Mesa nido 1"},{"@type":"BreadcrumbList","@id":"https:\/\/plasticexpress.es\/ca\/producto\/articles-ca\/mobiliario-ca\/mesa-nido-ca\/mesa-metacrilato\/#breadcrumb","itemListElement":[{"@type":"ListItem","position":1,"name":"Portada","item":"https:\/\/plasticexpress.es\/ca\/"},{"@type":"ListItem","position":2,"name":"Shop","item":"https:\/\/plasticexpress.es\/ca\/shop\/"},{"@type":"ListItem","position":3,"name":"Taula de metacrilat"}]},{"@type":"WebSite","@id":"https:\/\/plasticexpress.es\/ca\/#website","url":"https:\/\/plasticexpress.es\/ca\/","name":"Plasticexpress","description":"Venta de materiales y art\u00edculos de Metacrilato","potentialAction":[{"@type":"SearchAction","target":{"@type":"EntryPoint","urlTemplate":"https:\/\/plasticexpress.es\/ca\/?s={search_term_string}"},"query-input":{"@type":"PropertyValueSpecification","valueRequired":true,"valueName":"search_term_string"}}],"inLanguage":"ca"}]}},"_links":{"self":[{"href":"https:\/\/plasticexpress.es\/ca\/wp-json\/wp\/v2\/product\/9121","targetHints":{"allow":["GET"]}}],"collection":[{"href":"https:\/\/plasticexpress.es\/ca\/wp-json\/wp\/v2\/product"}],"about":[{"href":"https:\/\/plasticexpress.es\/ca\/wp-json\/wp\/v2\/types\/product"}],"replies":[{"embeddable":true,"href":"https:\/\/plasticexpress.es\/ca\/wp-json\/wp\/v2\/comments?post=9121"}],"version-history":[{"count":2,"href":"https:\/\/plasticexpress.es\/ca\/wp-json\/wp\/v2\/product\/9121\/revisions"}],"predecessor-version":[{"id":16202,"href":"https:\/\/plasticexpress.es\/ca\/wp-json\/wp\/v2\/product\/9121\/revisions\/16202"}],"wp:featuredmedia":[{"embeddable":true,"href":"https:\/\/plasticexpress.es\/ca\/wp-json\/wp\/v2\/media\/5438"}],"wp:attachment":[{"href":"https:\/\/plasticexpress.es\/ca\/wp-json\/wp\/v2\/media?parent=9121"}],"wp:term":[{"taxonomy":"product_brand","embeddable":true,"href":"https:\/\/plasticexpress.es\/ca\/wp-json\/wp\/v2\/product_brand?post=9121"},{"taxonomy":"product_cat","embeddable":true,"href":"https:\/\/plasticexpress.es\/ca\/wp-json\/wp\/v2\/product_cat?post=9121"},{"taxonomy":"product_tag","embeddable":true,"href":"https:\/\/plasticexpress.es\/ca\/wp-json\/wp\/v2\/product_tag?post=9121"}],"curies":[{"name":"wp","href":"https:\/\/api.w.org\/{rel}","templated":true}]}}