

{"id":9130,"date":"2020-12-18T19:55:00","date_gmt":"2021-04-05T05:10:14","guid":{"rendered":"https:\/\/plasticexpress.es\/producto\/Sense%20categoria\/pedestal-de-metacrilat\/"},"modified":"2021-10-19T19:12:33","modified_gmt":"2021-10-19T18:12:33","slug":"pedestal-de-metacrilato","status":"publish","type":"product","link":"https:\/\/plasticexpress.es\/ca\/producto\/articles-ca\/mobiliario-ca\/pedestal-ca\/pedestal-de-metacrilato\/","title":{"rendered":"Pedestal de metacrilat"},"content":{"rendered":"<p>El pedestal de metacrilat \u00e9s un expositor subtil i modern. Exhibeix qualsevol tipus de producte proporcionant suport i altura.<\/p>\n<p>Fabricat \u00edntegrament de <a href=\"https:\/\/plasticexpress.es\/shop\/materiales\/metacrilato\/metacrilato-transparente\/\">metacrilat de colada incolor<\/a>, el <strong>pedestal<\/strong>\u00e9s un objecte amb singulars caracter\u00edstiques \u00f2ptiques. Est\u00e0 compost per dues plaques de metacrilat i perfils rectangulars de el mateix material. A m\u00e9s est\u00e0 acoblat amb cargols i cues per metacrilat.<\/p>\n<p>Durant la fabricaci\u00f3 d&#8217;aquest article <strong>mobiliari<\/strong>es van emprar els processos de <a href=\"https:\/\/plasticexpress.es\/procesos-de-manufactura-de-materiales-plasticos\/corte-y-grabado-a-laser\/\">tall l\u00e0ser de metacrilat<\/a> i <a href=\"https:\/\/plasticexpress.es\/procesos-de-manufactura-de-materiales-plasticos\/encolado-de-metacrilato\/\">encolat de metacrilat .<\/a><\/p>\n<h2><strong>APLICACIONS<\/strong><\/h2>\n<ul>\n<li>Interiorisme<\/li>\n<li>Decoraci\u00f3<\/li>\n<li>Estands<\/li>\n<li>Suport per a articles de decoraci\u00f3<\/li>\n<li>Suport incolor<\/li>\n<\/ul>\n<p>A partir d&#8217;un recull d&#8217;articles selectes pel nostre equip, Plastic Express ha creat una l\u00ednia de mobiliari de metacrilat. Si est\u00e0s interessat en comprar un <strong>pedestal<\/strong>pots fer-ho mitjan\u00e7ant la nostra botiga online.<\/p>\n<h2><strong>COM SOL\u00b7LICITO UN PEDESTAL DE METACRILAT A MIDA?<\/strong><\/h2>\n<p>En cas de necessitar un article de metacrilat amb mesures diferents els models exhibits, pots demanar un <a href=\"https:\/\/plasticexpress.es\/procesos-de-manufactura-de-materiales-plasticos\/presupuestos-a-medida\/\">pressupost a mida<\/a> aqu\u00ed o envia&#8217;ns un correu a l&#8217;email <a href=\"mailto:info@plasticexpress.es\"><strong>info@plasticexpress.es<\/strong><\/a> amb la seg\u00fcent informaci\u00f3:<\/p>\n<p>En l&#8217;assumpte indica l&#8217;article en el qual est\u00e0s interessat i el material com, per exemple, <strong>pedestal<\/strong> metacrilat.<\/p>\n<p>Recorda que si ets un professional de la ind\u00fastria pots obtenir descomptes especials accedint a el formulari de <a href=\"https:\/\/plasticexpress.es\/procesos-de-manufactura-de-materiales-plasticos\/presupuestos-para-profesionales\/\">pressupostos per a professionals<\/a>.<\/p>\n","protected":false},"excerpt":{"rendered":"<p>El pedestal de metacrilat \u00e9s un expositor subtil i modern. Exhibeix qualsevol tipus de producte proporcionant suport i altura. Fabricat \u00edntegrament de metacrilat de colada incolor, el pedestal\u00e9s un objecte amb singulars caracter\u00edstiques \u00f2ptiques. Est\u00e0 compost per dues plaques de metacrilat i perfils rectangulars de el mateix material. A m\u00e9s est\u00e0 acoblat amb cargols i [&hellip;]<\/p>\n","protected":false},"featured_media":5456,"comment_status":"open","ping_status":"closed","template":"","meta":{"_acf_changed":false},"product_brand":[],"product_cat":[582,641,649],"product_tag":[1141,813,1297,1322],"class_list":{"0":"post-9130","1":"product","2":"type-product","3":"status-publish","4":"has-post-thumbnail","6":"product_cat-articles-ca","7":"product_cat-mobiliario-ca","8":"product_cat-pedestal-ca","9":"product_tag-cerca-per-autor-de-metacrilat","10":"product_tag-metacrilat","11":"product_tag-mobiliario-metacrilato-ca","12":"product_tag-pedestal-transparent","14":"first","15":"instock","16":"shipping-taxable","17":"purchasable","18":"product-type-variable"},"acf":{"photo_gallery":{"opciones_de_agujeros":[[]]}},"yoast_head":"<!-- This site is optimized with the Yoast SEO plugin v27.2 - https:\/\/yoast.com\/product\/yoast-seo-wordpress\/ -->\n<title>Pedestal de Metacrilat al Millor Preu | PlasticExpress<\/title>\n<meta name=\"description\" content=\"Exposa els teus productes i objectes amb el pedestal de metacrilat de Plastic Express. Compra el teu pedestal r\u00e0pida i econ\u00f2micament.\" \/>\n<meta name=\"robots\" content=\"index, follow, max-snippet:-1, max-image-preview:large, max-video-preview:-1\" \/>\n<link rel=\"canonical\" href=\"https:\/\/plasticexpress.es\/ca\/producto\/articles-ca\/mobiliario-ca\/pedestal-ca\/pedestal-de-metacrilato\/\" \/>\n<meta property=\"og:locale\" content=\"ca_ES\" \/>\n<meta property=\"og:type\" content=\"article\" \/>\n<meta property=\"og:title\" content=\"Pedestal de Metacrilat al Millor Preu | PlasticExpress\" \/>\n<meta property=\"og:description\" content=\"Exposa els teus productes i objectes amb el pedestal de metacrilat de Plastic Express. Compra el teu pedestal r\u00e0pida i econ\u00f2micament.\" \/>\n<meta property=\"og:url\" content=\"https:\/\/plasticexpress.es\/ca\/producto\/articles-ca\/mobiliario-ca\/pedestal-ca\/pedestal-de-metacrilato\/\" \/>\n<meta property=\"og:site_name\" content=\"Plasticexpress\" \/>\n<meta property=\"article:modified_time\" content=\"2021-10-19T18:12:33+00:00\" \/>\n<meta property=\"og:image\" content=\"https:\/\/plasticexpress.es\/wp-content\/uploads\/2020\/12\/Pedestal-1.jpg\" \/>\n\t<meta property=\"og:image:width\" content=\"850\" \/>\n\t<meta property=\"og:image:height\" content=\"604\" \/>\n\t<meta property=\"og:image:type\" content=\"image\/jpeg\" \/>\n<meta name=\"twitter:card\" content=\"summary_large_image\" \/>\n<meta name=\"twitter:label1\" content=\"Temps estimat de lectura\" \/>\n\t<meta name=\"twitter:data1\" content=\"1 minut\" \/>\n<script type=\"application\/ld+json\" class=\"yoast-schema-graph\">{\"@context\":\"https:\/\/schema.org\",\"@graph\":[{\"@type\":\"WebPage\",\"@id\":\"https:\/\/plasticexpress.es\/ca\/producto\/articles-ca\/mobiliario-ca\/pedestal-ca\/pedestal-de-metacrilato\/\",\"url\":\"https:\/\/plasticexpress.es\/ca\/producto\/articles-ca\/mobiliario-ca\/pedestal-ca\/pedestal-de-metacrilato\/\",\"name\":\"Pedestal de Metacrilat al Millor Preu | PlasticExpress\",\"isPartOf\":{\"@id\":\"https:\/\/plasticexpress.es\/ca\/#website\"},\"primaryImageOfPage\":{\"@id\":\"https:\/\/plasticexpress.es\/ca\/producto\/articles-ca\/mobiliario-ca\/pedestal-ca\/pedestal-de-metacrilato\/#primaryimage\"},\"image\":{\"@id\":\"https:\/\/plasticexpress.es\/ca\/producto\/articles-ca\/mobiliario-ca\/pedestal-ca\/pedestal-de-metacrilato\/#primaryimage\"},\"thumbnailUrl\":\"https:\/\/plasticexpress.es\/wp-content\/uploads\/2020\/12\/Pedestal-1.jpg\",\"datePublished\":\"2021-04-05T05:10:14+00:00\",\"dateModified\":\"2021-10-19T18:12:33+00:00\",\"description\":\"Exposa els teus productes i objectes amb el pedestal de metacrilat de Plastic Express. Compra el teu pedestal r\u00e0pida i econ\u00f2micament.\",\"breadcrumb\":{\"@id\":\"https:\/\/plasticexpress.es\/ca\/producto\/articles-ca\/mobiliario-ca\/pedestal-ca\/pedestal-de-metacrilato\/#breadcrumb\"},\"inLanguage\":\"ca\",\"potentialAction\":[{\"@type\":\"ReadAction\",\"target\":[\"https:\/\/plasticexpress.es\/ca\/producto\/articles-ca\/mobiliario-ca\/pedestal-ca\/pedestal-de-metacrilato\/\"]}]},{\"@type\":\"ImageObject\",\"inLanguage\":\"ca\",\"@id\":\"https:\/\/plasticexpress.es\/ca\/producto\/articles-ca\/mobiliario-ca\/pedestal-ca\/pedestal-de-metacrilato\/#primaryimage\",\"url\":\"https:\/\/plasticexpress.es\/wp-content\/uploads\/2020\/12\/Pedestal-1.jpg\",\"contentUrl\":\"https:\/\/plasticexpress.es\/wp-content\/uploads\/2020\/12\/Pedestal-1.jpg\",\"width\":850,\"height\":604,\"caption\":\"Pedestal\"},{\"@type\":\"BreadcrumbList\",\"@id\":\"https:\/\/plasticexpress.es\/ca\/producto\/articles-ca\/mobiliario-ca\/pedestal-ca\/pedestal-de-metacrilato\/#breadcrumb\",\"itemListElement\":[{\"@type\":\"ListItem\",\"position\":1,\"name\":\"Portada\",\"item\":\"https:\/\/plasticexpress.es\/ca\/\"},{\"@type\":\"ListItem\",\"position\":2,\"name\":\"Shop\",\"item\":\"https:\/\/plasticexpress.es\/ca\/shop\/\"},{\"@type\":\"ListItem\",\"position\":3,\"name\":\"Pedestal de metacrilat\"}]},{\"@type\":\"WebSite\",\"@id\":\"https:\/\/plasticexpress.es\/ca\/#website\",\"url\":\"https:\/\/plasticexpress.es\/ca\/\",\"name\":\"Plasticexpress\",\"description\":\"Venta de materiales y art\u00edculos de Metacrilato\",\"potentialAction\":[{\"@type\":\"SearchAction\",\"target\":{\"@type\":\"EntryPoint\",\"urlTemplate\":\"https:\/\/plasticexpress.es\/ca\/?s={search_term_string}\"},\"query-input\":{\"@type\":\"PropertyValueSpecification\",\"valueRequired\":true,\"valueName\":\"search_term_string\"}}],\"inLanguage\":\"ca\"}]}<\/script>\n<!-- \/ Yoast SEO plugin. -->","yoast_head_json":{"title":"Pedestal de Metacrilat al Millor Preu | PlasticExpress","description":"Exposa els teus productes i objectes amb el pedestal de metacrilat de Plastic Express. Compra el teu pedestal r\u00e0pida i econ\u00f2micament.","robots":{"index":"index","follow":"follow","max-snippet":"max-snippet:-1","max-image-preview":"max-image-preview:large","max-video-preview":"max-video-preview:-1"},"canonical":"https:\/\/plasticexpress.es\/ca\/producto\/articles-ca\/mobiliario-ca\/pedestal-ca\/pedestal-de-metacrilato\/","og_locale":"ca_ES","og_type":"article","og_title":"Pedestal de Metacrilat al Millor Preu | PlasticExpress","og_description":"Exposa els teus productes i objectes amb el pedestal de metacrilat de Plastic Express. Compra el teu pedestal r\u00e0pida i econ\u00f2micament.","og_url":"https:\/\/plasticexpress.es\/ca\/producto\/articles-ca\/mobiliario-ca\/pedestal-ca\/pedestal-de-metacrilato\/","og_site_name":"Plasticexpress","article_modified_time":"2021-10-19T18:12:33+00:00","og_image":[{"width":850,"height":604,"url":"https:\/\/plasticexpress.es\/wp-content\/uploads\/2020\/12\/Pedestal-1.jpg","type":"image\/jpeg"}],"twitter_card":"summary_large_image","twitter_misc":{"Temps estimat de lectura":"1 minut"},"schema":{"@context":"https:\/\/schema.org","@graph":[{"@type":"WebPage","@id":"https:\/\/plasticexpress.es\/ca\/producto\/articles-ca\/mobiliario-ca\/pedestal-ca\/pedestal-de-metacrilato\/","url":"https:\/\/plasticexpress.es\/ca\/producto\/articles-ca\/mobiliario-ca\/pedestal-ca\/pedestal-de-metacrilato\/","name":"Pedestal de Metacrilat al Millor Preu | PlasticExpress","isPartOf":{"@id":"https:\/\/plasticexpress.es\/ca\/#website"},"primaryImageOfPage":{"@id":"https:\/\/plasticexpress.es\/ca\/producto\/articles-ca\/mobiliario-ca\/pedestal-ca\/pedestal-de-metacrilato\/#primaryimage"},"image":{"@id":"https:\/\/plasticexpress.es\/ca\/producto\/articles-ca\/mobiliario-ca\/pedestal-ca\/pedestal-de-metacrilato\/#primaryimage"},"thumbnailUrl":"https:\/\/plasticexpress.es\/wp-content\/uploads\/2020\/12\/Pedestal-1.jpg","datePublished":"2021-04-05T05:10:14+00:00","dateModified":"2021-10-19T18:12:33+00:00","description":"Exposa els teus productes i objectes amb el pedestal de metacrilat de Plastic Express. Compra el teu pedestal r\u00e0pida i econ\u00f2micament.","breadcrumb":{"@id":"https:\/\/plasticexpress.es\/ca\/producto\/articles-ca\/mobiliario-ca\/pedestal-ca\/pedestal-de-metacrilato\/#breadcrumb"},"inLanguage":"ca","potentialAction":[{"@type":"ReadAction","target":["https:\/\/plasticexpress.es\/ca\/producto\/articles-ca\/mobiliario-ca\/pedestal-ca\/pedestal-de-metacrilato\/"]}]},{"@type":"ImageObject","inLanguage":"ca","@id":"https:\/\/plasticexpress.es\/ca\/producto\/articles-ca\/mobiliario-ca\/pedestal-ca\/pedestal-de-metacrilato\/#primaryimage","url":"https:\/\/plasticexpress.es\/wp-content\/uploads\/2020\/12\/Pedestal-1.jpg","contentUrl":"https:\/\/plasticexpress.es\/wp-content\/uploads\/2020\/12\/Pedestal-1.jpg","width":850,"height":604,"caption":"Pedestal"},{"@type":"BreadcrumbList","@id":"https:\/\/plasticexpress.es\/ca\/producto\/articles-ca\/mobiliario-ca\/pedestal-ca\/pedestal-de-metacrilato\/#breadcrumb","itemListElement":[{"@type":"ListItem","position":1,"name":"Portada","item":"https:\/\/plasticexpress.es\/ca\/"},{"@type":"ListItem","position":2,"name":"Shop","item":"https:\/\/plasticexpress.es\/ca\/shop\/"},{"@type":"ListItem","position":3,"name":"Pedestal de metacrilat"}]},{"@type":"WebSite","@id":"https:\/\/plasticexpress.es\/ca\/#website","url":"https:\/\/plasticexpress.es\/ca\/","name":"Plasticexpress","description":"Venta de materiales y art\u00edculos de Metacrilato","potentialAction":[{"@type":"SearchAction","target":{"@type":"EntryPoint","urlTemplate":"https:\/\/plasticexpress.es\/ca\/?s={search_term_string}"},"query-input":{"@type":"PropertyValueSpecification","valueRequired":true,"valueName":"search_term_string"}}],"inLanguage":"ca"}]}},"_links":{"self":[{"href":"https:\/\/plasticexpress.es\/ca\/wp-json\/wp\/v2\/product\/9130","targetHints":{"allow":["GET"]}}],"collection":[{"href":"https:\/\/plasticexpress.es\/ca\/wp-json\/wp\/v2\/product"}],"about":[{"href":"https:\/\/plasticexpress.es\/ca\/wp-json\/wp\/v2\/types\/product"}],"replies":[{"embeddable":true,"href":"https:\/\/plasticexpress.es\/ca\/wp-json\/wp\/v2\/comments?post=9130"}],"version-history":[{"count":2,"href":"https:\/\/plasticexpress.es\/ca\/wp-json\/wp\/v2\/product\/9130\/revisions"}],"predecessor-version":[{"id":13350,"href":"https:\/\/plasticexpress.es\/ca\/wp-json\/wp\/v2\/product\/9130\/revisions\/13350"}],"wp:featuredmedia":[{"embeddable":true,"href":"https:\/\/plasticexpress.es\/ca\/wp-json\/wp\/v2\/media\/5456"}],"wp:attachment":[{"href":"https:\/\/plasticexpress.es\/ca\/wp-json\/wp\/v2\/media?parent=9130"}],"wp:term":[{"taxonomy":"product_brand","embeddable":true,"href":"https:\/\/plasticexpress.es\/ca\/wp-json\/wp\/v2\/product_brand?post=9130"},{"taxonomy":"product_cat","embeddable":true,"href":"https:\/\/plasticexpress.es\/ca\/wp-json\/wp\/v2\/product_cat?post=9130"},{"taxonomy":"product_tag","embeddable":true,"href":"https:\/\/plasticexpress.es\/ca\/wp-json\/wp\/v2\/product_tag?post=9130"}],"curies":[{"name":"wp","href":"https:\/\/api.w.org\/{rel}","templated":true}]}}