

{"id":9172,"date":"2020-05-21T15:31:45","date_gmt":"2021-04-05T05:42:18","guid":{"rendered":"https:\/\/plasticexpress.es\/producto\/Sense%20categoria\/mampara-de-sobretaula\/"},"modified":"2021-10-19T19:13:36","modified_gmt":"2021-10-19T18:13:36","slug":"mampara-de-sobremesa-hosteleria","status":"publish","type":"product","link":"https:\/\/plasticexpress.es\/ca\/producto\/articles-ca\/mampares-protectores\/mampares-anticontagio-hostaleria\/mampara-de-sobremesa-hosteleria\/","title":{"rendered":"Mampara de sobretaula"},"content":{"rendered":"<p>Mampara de metacrilat transparent de sobretaula. Especial per a hostaleria.<\/p>\n<p>Protegeix el personal i als clients de possibles contagis minimitzant el contacte interpersonal.<\/p>\n<p>\u00c9s autosoportante ja que no requereix cargols. F\u00e0cil neteja i desinfecci\u00f3<\/p>\n","protected":false},"excerpt":{"rendered":"<p>Mampara de metacrilat transparent de sobretaula. Especial per a hostaleria. Protegeix el personal i als clients de possibles contagis minimitzant el contacte interpersonal. \u00c9s autosoportante ja que no requereix cargols. F\u00e0cil neteja i desinfecci\u00f3<\/p>\n","protected":false},"featured_media":5121,"comment_status":"open","ping_status":"closed","template":"","meta":{"_acf_changed":false},"product_brand":[],"product_cat":[653],"product_tag":[732,1370,1369,1372,1342,1371,857],"class_list":{"0":"post-9172","1":"product","2":"type-product","3":"status-publish","4":"has-post-thumbnail","6":"product_cat-mampares-anticontagio-hostaleria","7":"product_tag-mampara-anticontagio-per-a-hostaleria","8":"product_tag-mampara-hostaleria","9":"product_tag-mampara-metacrilat","10":"product_tag-mampara-per-a-taules","11":"product_tag-mampara-protectora-ca","12":"product_tag-mampara-sobretaula","13":"product_tag-mampara-transparent","15":"first","16":"instock","17":"shipping-taxable","18":"purchasable","19":"product-type-variable"},"acf":{"photo_gallery":{"opciones_de_agujeros":[[]]}},"yoast_head":"<!-- This site is optimized with the Yoast SEO plugin v27.4 - https:\/\/yoast.com\/product\/yoast-seo-wordpress\/ -->\n<title>Mampara de sobretaula hosteler\u00eda - Plasticexpress<\/title>\n<meta name=\"description\" content=\"Mampara de metacrilat transparent de sobretaula per a hostaleria. Protegeix el personal i els clients de possibles contagis\" \/>\n<meta name=\"robots\" content=\"index, follow, max-snippet:-1, max-image-preview:large, max-video-preview:-1\" \/>\n<link rel=\"canonical\" href=\"https:\/\/plasticexpress.es\/ca\/producto\/articles-ca\/mampares-protectores\/mampares-anticontagio-hostaleria\/mampara-de-sobremesa-hosteleria\/\" \/>\n<meta property=\"og:locale\" content=\"ca_ES\" \/>\n<meta property=\"og:type\" content=\"article\" \/>\n<meta property=\"og:title\" content=\"Mampara de sobretaula hosteler\u00eda - Plasticexpress\" \/>\n<meta property=\"og:description\" content=\"Mampara de metacrilat transparent de sobretaula per a hostaleria. Protegeix el personal i els clients de possibles contagis\" \/>\n<meta property=\"og:url\" content=\"https:\/\/plasticexpress.es\/ca\/producto\/articles-ca\/mampares-protectores\/mampares-anticontagio-hostaleria\/mampara-de-sobremesa-hosteleria\/\" \/>\n<meta property=\"og:site_name\" content=\"Plasticexpress\" \/>\n<meta property=\"article:modified_time\" content=\"2021-10-19T18:13:36+00:00\" \/>\n<meta property=\"og:image\" content=\"https:\/\/plasticexpress.es\/wp-content\/uploads\/2020\/10\/mampara-de-sobremesa-oficina-01.jpg\" \/>\n\t<meta property=\"og:image:width\" content=\"1000\" \/>\n\t<meta property=\"og:image:height\" content=\"667\" \/>\n\t<meta property=\"og:image:type\" content=\"image\/jpeg\" \/>\n<meta name=\"twitter:card\" content=\"summary_large_image\" \/>\n<script type=\"application\/ld+json\" class=\"yoast-schema-graph\">{\"@context\":\"https:\\\/\\\/schema.org\",\"@graph\":[{\"@type\":\"WebPage\",\"@id\":\"https:\\\/\\\/plasticexpress.es\\\/ca\\\/producto\\\/articles-ca\\\/mampares-protectores\\\/mampares-anticontagio-hostaleria\\\/mampara-de-sobremesa-hosteleria\\\/\",\"url\":\"https:\\\/\\\/plasticexpress.es\\\/ca\\\/producto\\\/articles-ca\\\/mampares-protectores\\\/mampares-anticontagio-hostaleria\\\/mampara-de-sobremesa-hosteleria\\\/\",\"name\":\"Mampara de sobretaula hosteler\u00eda - Plasticexpress\",\"isPartOf\":{\"@id\":\"https:\\\/\\\/plasticexpress.es\\\/ca\\\/#website\"},\"primaryImageOfPage\":{\"@id\":\"https:\\\/\\\/plasticexpress.es\\\/ca\\\/producto\\\/articles-ca\\\/mampares-protectores\\\/mampares-anticontagio-hostaleria\\\/mampara-de-sobremesa-hosteleria\\\/#primaryimage\"},\"image\":{\"@id\":\"https:\\\/\\\/plasticexpress.es\\\/ca\\\/producto\\\/articles-ca\\\/mampares-protectores\\\/mampares-anticontagio-hostaleria\\\/mampara-de-sobremesa-hosteleria\\\/#primaryimage\"},\"thumbnailUrl\":\"https:\\\/\\\/plasticexpress.es\\\/wp-content\\\/uploads\\\/2020\\\/10\\\/mampara-de-sobremesa-oficina-01.jpg\",\"datePublished\":\"2021-04-05T05:42:18+00:00\",\"dateModified\":\"2021-10-19T18:13:36+00:00\",\"description\":\"Mampara de metacrilat transparent de sobretaula per a hostaleria. Protegeix el personal i els clients de possibles contagis\",\"breadcrumb\":{\"@id\":\"https:\\\/\\\/plasticexpress.es\\\/ca\\\/producto\\\/articles-ca\\\/mampares-protectores\\\/mampares-anticontagio-hostaleria\\\/mampara-de-sobremesa-hosteleria\\\/#breadcrumb\"},\"inLanguage\":\"ca\",\"potentialAction\":[{\"@type\":\"ReadAction\",\"target\":[\"https:\\\/\\\/plasticexpress.es\\\/ca\\\/producto\\\/articles-ca\\\/mampares-protectores\\\/mampares-anticontagio-hostaleria\\\/mampara-de-sobremesa-hosteleria\\\/\"]}]},{\"@type\":\"ImageObject\",\"inLanguage\":\"ca\",\"@id\":\"https:\\\/\\\/plasticexpress.es\\\/ca\\\/producto\\\/articles-ca\\\/mampares-protectores\\\/mampares-anticontagio-hostaleria\\\/mampara-de-sobremesa-hosteleria\\\/#primaryimage\",\"url\":\"https:\\\/\\\/plasticexpress.es\\\/wp-content\\\/uploads\\\/2020\\\/10\\\/mampara-de-sobremesa-oficina-01.jpg\",\"contentUrl\":\"https:\\\/\\\/plasticexpress.es\\\/wp-content\\\/uploads\\\/2020\\\/10\\\/mampara-de-sobremesa-oficina-01.jpg\",\"width\":1000,\"height\":667,\"caption\":\"Mampara de sobretaula\"},{\"@type\":\"BreadcrumbList\",\"@id\":\"https:\\\/\\\/plasticexpress.es\\\/ca\\\/producto\\\/articles-ca\\\/mampares-protectores\\\/mampares-anticontagio-hostaleria\\\/mampara-de-sobremesa-hosteleria\\\/#breadcrumb\",\"itemListElement\":[{\"@type\":\"ListItem\",\"position\":1,\"name\":\"Portada\",\"item\":\"https:\\\/\\\/plasticexpress.es\\\/ca\\\/\"},{\"@type\":\"ListItem\",\"position\":2,\"name\":\"Shop\",\"item\":\"https:\\\/\\\/plasticexpress.es\\\/ca\\\/shop\\\/\"},{\"@type\":\"ListItem\",\"position\":3,\"name\":\"Mampara de sobretaula\"}]},{\"@type\":\"WebSite\",\"@id\":\"https:\\\/\\\/plasticexpress.es\\\/ca\\\/#website\",\"url\":\"https:\\\/\\\/plasticexpress.es\\\/ca\\\/\",\"name\":\"Plasticexpress\",\"description\":\"Venta de materiales y art\u00edculos de Metacrilato\",\"potentialAction\":[{\"@type\":\"SearchAction\",\"target\":{\"@type\":\"EntryPoint\",\"urlTemplate\":\"https:\\\/\\\/plasticexpress.es\\\/ca\\\/?s={search_term_string}\"},\"query-input\":{\"@type\":\"PropertyValueSpecification\",\"valueRequired\":true,\"valueName\":\"search_term_string\"}}],\"inLanguage\":\"ca\"}]}<\/script>\n<!-- \/ Yoast SEO plugin. -->","yoast_head_json":{"title":"Mampara de sobretaula hosteler\u00eda - Plasticexpress","description":"Mampara de metacrilat transparent de sobretaula per a hostaleria. Protegeix el personal i els clients de possibles contagis","robots":{"index":"index","follow":"follow","max-snippet":"max-snippet:-1","max-image-preview":"max-image-preview:large","max-video-preview":"max-video-preview:-1"},"canonical":"https:\/\/plasticexpress.es\/ca\/producto\/articles-ca\/mampares-protectores\/mampares-anticontagio-hostaleria\/mampara-de-sobremesa-hosteleria\/","og_locale":"ca_ES","og_type":"article","og_title":"Mampara de sobretaula hosteler\u00eda - Plasticexpress","og_description":"Mampara de metacrilat transparent de sobretaula per a hostaleria. Protegeix el personal i els clients de possibles contagis","og_url":"https:\/\/plasticexpress.es\/ca\/producto\/articles-ca\/mampares-protectores\/mampares-anticontagio-hostaleria\/mampara-de-sobremesa-hosteleria\/","og_site_name":"Plasticexpress","article_modified_time":"2021-10-19T18:13:36+00:00","og_image":[{"width":1000,"height":667,"url":"https:\/\/plasticexpress.es\/wp-content\/uploads\/2020\/10\/mampara-de-sobremesa-oficina-01.jpg","type":"image\/jpeg"}],"twitter_card":"summary_large_image","schema":{"@context":"https:\/\/schema.org","@graph":[{"@type":"WebPage","@id":"https:\/\/plasticexpress.es\/ca\/producto\/articles-ca\/mampares-protectores\/mampares-anticontagio-hostaleria\/mampara-de-sobremesa-hosteleria\/","url":"https:\/\/plasticexpress.es\/ca\/producto\/articles-ca\/mampares-protectores\/mampares-anticontagio-hostaleria\/mampara-de-sobremesa-hosteleria\/","name":"Mampara de sobretaula hosteler\u00eda - Plasticexpress","isPartOf":{"@id":"https:\/\/plasticexpress.es\/ca\/#website"},"primaryImageOfPage":{"@id":"https:\/\/plasticexpress.es\/ca\/producto\/articles-ca\/mampares-protectores\/mampares-anticontagio-hostaleria\/mampara-de-sobremesa-hosteleria\/#primaryimage"},"image":{"@id":"https:\/\/plasticexpress.es\/ca\/producto\/articles-ca\/mampares-protectores\/mampares-anticontagio-hostaleria\/mampara-de-sobremesa-hosteleria\/#primaryimage"},"thumbnailUrl":"https:\/\/plasticexpress.es\/wp-content\/uploads\/2020\/10\/mampara-de-sobremesa-oficina-01.jpg","datePublished":"2021-04-05T05:42:18+00:00","dateModified":"2021-10-19T18:13:36+00:00","description":"Mampara de metacrilat transparent de sobretaula per a hostaleria. Protegeix el personal i els clients de possibles contagis","breadcrumb":{"@id":"https:\/\/plasticexpress.es\/ca\/producto\/articles-ca\/mampares-protectores\/mampares-anticontagio-hostaleria\/mampara-de-sobremesa-hosteleria\/#breadcrumb"},"inLanguage":"ca","potentialAction":[{"@type":"ReadAction","target":["https:\/\/plasticexpress.es\/ca\/producto\/articles-ca\/mampares-protectores\/mampares-anticontagio-hostaleria\/mampara-de-sobremesa-hosteleria\/"]}]},{"@type":"ImageObject","inLanguage":"ca","@id":"https:\/\/plasticexpress.es\/ca\/producto\/articles-ca\/mampares-protectores\/mampares-anticontagio-hostaleria\/mampara-de-sobremesa-hosteleria\/#primaryimage","url":"https:\/\/plasticexpress.es\/wp-content\/uploads\/2020\/10\/mampara-de-sobremesa-oficina-01.jpg","contentUrl":"https:\/\/plasticexpress.es\/wp-content\/uploads\/2020\/10\/mampara-de-sobremesa-oficina-01.jpg","width":1000,"height":667,"caption":"Mampara de sobretaula"},{"@type":"BreadcrumbList","@id":"https:\/\/plasticexpress.es\/ca\/producto\/articles-ca\/mampares-protectores\/mampares-anticontagio-hostaleria\/mampara-de-sobremesa-hosteleria\/#breadcrumb","itemListElement":[{"@type":"ListItem","position":1,"name":"Portada","item":"https:\/\/plasticexpress.es\/ca\/"},{"@type":"ListItem","position":2,"name":"Shop","item":"https:\/\/plasticexpress.es\/ca\/shop\/"},{"@type":"ListItem","position":3,"name":"Mampara de sobretaula"}]},{"@type":"WebSite","@id":"https:\/\/plasticexpress.es\/ca\/#website","url":"https:\/\/plasticexpress.es\/ca\/","name":"Plasticexpress","description":"Venta de materiales y art\u00edculos de Metacrilato","potentialAction":[{"@type":"SearchAction","target":{"@type":"EntryPoint","urlTemplate":"https:\/\/plasticexpress.es\/ca\/?s={search_term_string}"},"query-input":{"@type":"PropertyValueSpecification","valueRequired":true,"valueName":"search_term_string"}}],"inLanguage":"ca"}]}},"_links":{"self":[{"href":"https:\/\/plasticexpress.es\/ca\/wp-json\/wp\/v2\/product\/9172","targetHints":{"allow":["GET"]}}],"collection":[{"href":"https:\/\/plasticexpress.es\/ca\/wp-json\/wp\/v2\/product"}],"about":[{"href":"https:\/\/plasticexpress.es\/ca\/wp-json\/wp\/v2\/types\/product"}],"replies":[{"embeddable":true,"href":"https:\/\/plasticexpress.es\/ca\/wp-json\/wp\/v2\/comments?post=9172"}],"version-history":[{"count":1,"href":"https:\/\/plasticexpress.es\/ca\/wp-json\/wp\/v2\/product\/9172\/revisions"}],"predecessor-version":[{"id":13658,"href":"https:\/\/plasticexpress.es\/ca\/wp-json\/wp\/v2\/product\/9172\/revisions\/13658"}],"wp:featuredmedia":[{"embeddable":true,"href":"https:\/\/plasticexpress.es\/ca\/wp-json\/wp\/v2\/media\/5121"}],"wp:attachment":[{"href":"https:\/\/plasticexpress.es\/ca\/wp-json\/wp\/v2\/media?parent=9172"}],"wp:term":[{"taxonomy":"product_brand","embeddable":true,"href":"https:\/\/plasticexpress.es\/ca\/wp-json\/wp\/v2\/product_brand?post=9172"},{"taxonomy":"product_cat","embeddable":true,"href":"https:\/\/plasticexpress.es\/ca\/wp-json\/wp\/v2\/product_cat?post=9172"},{"taxonomy":"product_tag","embeddable":true,"href":"https:\/\/plasticexpress.es\/ca\/wp-json\/wp\/v2\/product_tag?post=9172"}],"curies":[{"name":"wp","href":"https:\/\/api.w.org\/{rel}","templated":true}]}}