

{"id":9204,"date":"2020-10-29T16:42:46","date_gmt":"2021-04-05T06:08:06","guid":{"rendered":"https:\/\/plasticexpress.es\/producto\/Sense%20categoria\/mampara-protectora-transparent-estandard\/"},"modified":"2021-10-19T19:12:47","modified_gmt":"2021-10-19T18:12:47","slug":"mampara-protectora-transparente-estandar-hosteleria","status":"publish","type":"product","link":"https:\/\/plasticexpress.es\/ca\/producto\/articles-ca\/mampares-protectores\/mampares-anticontagio-hostaleria\/mampara-protectora-transparente-estandar-hosteleria\/","title":{"rendered":"Mampara protectora transparent est\u00e0ndard"},"content":{"rendered":"<p>Mampara de protecci\u00f3 de metacrilat transparent per taulell de f\u00e0cil instal\u00b7laci\u00f3.<\/p>\n<p>Obligatori per decret llei en Ajuntaments i Centres Sanitaris. Protegeix a empleats i clients de possibles contagis minimitzant el contacte interpersonal.<\/p>\n<p>Tenen una gran estabilitat, de manera que no requereixen instal\u00b7laci\u00f3, i permeten el pas de productes o diners per a la seva obertura inferior.<\/p>\n<p>Per altres mides consultar<\/p>\n","protected":false},"excerpt":{"rendered":"<p>Mampara de protecci\u00f3 de metacrilat transparent per taulell de f\u00e0cil instal\u00b7laci\u00f3. Obligatori per decret llei en Ajuntaments i Centres Sanitaris. Protegeix a empleats i clients de possibles contagis minimitzant el contacte interpersonal. Tenen una gran estabilitat, de manera que no requereixen instal\u00b7laci\u00f3, i permeten el pas de productes o diners per a la seva obertura [&hellip;]<\/p>\n","protected":false},"featured_media":5119,"comment_status":"open","ping_status":"closed","template":"","meta":{"_acf_changed":false},"product_brand":[],"product_cat":[653],"product_tag":[731,1343,1418,1417,1419,745],"class_list":{"0":"post-9204","1":"product","2":"type-product","3":"status-publish","4":"has-post-thumbnail","6":"product_cat-mampares-anticontagio-hostaleria","7":"product_tag-mampara-anticontagio-ca","8":"product_tag-mampara-de-proteccio","9":"product_tag-mampara-metacrilat-transparent","10":"product_tag-mampara-per-taulell","11":"product_tag-mampara-taulell","12":"product_tag-protector-taulell","14":"first","15":"instock","16":"shipping-taxable","17":"purchasable","18":"product-type-variable"},"acf":{"photo_gallery":{"opciones_de_agujeros":[[]]}},"yoast_head":"<!-- This site is optimized with the Yoast SEO plugin v27.4 - https:\/\/yoast.com\/product\/yoast-seo-wordpress\/ -->\n<title>Mampara protectora transparent est\u00e0ndard hosteleria - Plasticexpress<\/title>\n<meta name=\"description\" content=\"Pantalla transparent de protecci\u00f3 per a hotels. Metacrilat No necessita instal\u00b7laci\u00f3. Eviteu el contacte interpersonal\" \/>\n<meta name=\"robots\" content=\"index, follow, max-snippet:-1, max-image-preview:large, max-video-preview:-1\" \/>\n<link rel=\"canonical\" href=\"https:\/\/plasticexpress.es\/ca\/producto\/articles-ca\/mampares-protectores\/mampares-anticontagio-hostaleria\/mampara-protectora-transparente-estandar-hosteleria\/\" \/>\n<meta property=\"og:locale\" content=\"ca_ES\" \/>\n<meta property=\"og:type\" content=\"article\" \/>\n<meta property=\"og:title\" content=\"Mampara protectora transparent est\u00e0ndard hosteleria - Plasticexpress\" \/>\n<meta property=\"og:description\" content=\"Pantalla transparent de protecci\u00f3 per a hotels. Metacrilat No necessita instal\u00b7laci\u00f3. Eviteu el contacte interpersonal\" \/>\n<meta property=\"og:url\" content=\"https:\/\/plasticexpress.es\/ca\/producto\/articles-ca\/mampares-protectores\/mampares-anticontagio-hostaleria\/mampara-protectora-transparente-estandar-hosteleria\/\" \/>\n<meta property=\"og:site_name\" content=\"Plasticexpress\" \/>\n<meta property=\"article:modified_time\" content=\"2021-10-19T18:12:47+00:00\" \/>\n<meta property=\"og:image\" content=\"https:\/\/plasticexpress.es\/wp-content\/uploads\/2020\/10\/mampara-protectora-transparente-estandar-oficina-01.jpg\" \/>\n\t<meta property=\"og:image:width\" content=\"1000\" \/>\n\t<meta property=\"og:image:height\" content=\"667\" \/>\n\t<meta property=\"og:image:type\" content=\"image\/jpeg\" \/>\n<meta name=\"twitter:card\" content=\"summary_large_image\" \/>\n<script type=\"application\/ld+json\" class=\"yoast-schema-graph\">{\"@context\":\"https:\\\/\\\/schema.org\",\"@graph\":[{\"@type\":\"WebPage\",\"@id\":\"https:\\\/\\\/plasticexpress.es\\\/ca\\\/producto\\\/articles-ca\\\/mampares-protectores\\\/mampares-anticontagio-hostaleria\\\/mampara-protectora-transparente-estandar-hosteleria\\\/\",\"url\":\"https:\\\/\\\/plasticexpress.es\\\/ca\\\/producto\\\/articles-ca\\\/mampares-protectores\\\/mampares-anticontagio-hostaleria\\\/mampara-protectora-transparente-estandar-hosteleria\\\/\",\"name\":\"Mampara protectora transparent est\u00e0ndard hosteleria - Plasticexpress\",\"isPartOf\":{\"@id\":\"https:\\\/\\\/plasticexpress.es\\\/ca\\\/#website\"},\"primaryImageOfPage\":{\"@id\":\"https:\\\/\\\/plasticexpress.es\\\/ca\\\/producto\\\/articles-ca\\\/mampares-protectores\\\/mampares-anticontagio-hostaleria\\\/mampara-protectora-transparente-estandar-hosteleria\\\/#primaryimage\"},\"image\":{\"@id\":\"https:\\\/\\\/plasticexpress.es\\\/ca\\\/producto\\\/articles-ca\\\/mampares-protectores\\\/mampares-anticontagio-hostaleria\\\/mampara-protectora-transparente-estandar-hosteleria\\\/#primaryimage\"},\"thumbnailUrl\":\"https:\\\/\\\/plasticexpress.es\\\/wp-content\\\/uploads\\\/2020\\\/10\\\/mampara-protectora-transparente-estandar-oficina-01.jpg\",\"datePublished\":\"2021-04-05T06:08:06+00:00\",\"dateModified\":\"2021-10-19T18:12:47+00:00\",\"description\":\"Pantalla transparent de protecci\u00f3 per a hotels. Metacrilat No necessita instal\u00b7laci\u00f3. Eviteu el contacte interpersonal\",\"breadcrumb\":{\"@id\":\"https:\\\/\\\/plasticexpress.es\\\/ca\\\/producto\\\/articles-ca\\\/mampares-protectores\\\/mampares-anticontagio-hostaleria\\\/mampara-protectora-transparente-estandar-hosteleria\\\/#breadcrumb\"},\"inLanguage\":\"ca\",\"potentialAction\":[{\"@type\":\"ReadAction\",\"target\":[\"https:\\\/\\\/plasticexpress.es\\\/ca\\\/producto\\\/articles-ca\\\/mampares-protectores\\\/mampares-anticontagio-hostaleria\\\/mampara-protectora-transparente-estandar-hosteleria\\\/\"]}]},{\"@type\":\"ImageObject\",\"inLanguage\":\"ca\",\"@id\":\"https:\\\/\\\/plasticexpress.es\\\/ca\\\/producto\\\/articles-ca\\\/mampares-protectores\\\/mampares-anticontagio-hostaleria\\\/mampara-protectora-transparente-estandar-hosteleria\\\/#primaryimage\",\"url\":\"https:\\\/\\\/plasticexpress.es\\\/wp-content\\\/uploads\\\/2020\\\/10\\\/mampara-protectora-transparente-estandar-oficina-01.jpg\",\"contentUrl\":\"https:\\\/\\\/plasticexpress.es\\\/wp-content\\\/uploads\\\/2020\\\/10\\\/mampara-protectora-transparente-estandar-oficina-01.jpg\",\"width\":1000,\"height\":667,\"caption\":\"Mampara protectora transparent est\u00e0ndard\"},{\"@type\":\"BreadcrumbList\",\"@id\":\"https:\\\/\\\/plasticexpress.es\\\/ca\\\/producto\\\/articles-ca\\\/mampares-protectores\\\/mampares-anticontagio-hostaleria\\\/mampara-protectora-transparente-estandar-hosteleria\\\/#breadcrumb\",\"itemListElement\":[{\"@type\":\"ListItem\",\"position\":1,\"name\":\"Portada\",\"item\":\"https:\\\/\\\/plasticexpress.es\\\/ca\\\/\"},{\"@type\":\"ListItem\",\"position\":2,\"name\":\"Shop\",\"item\":\"https:\\\/\\\/plasticexpress.es\\\/ca\\\/shop\\\/\"},{\"@type\":\"ListItem\",\"position\":3,\"name\":\"Mampara protectora transparent est\u00e0ndard\"}]},{\"@type\":\"WebSite\",\"@id\":\"https:\\\/\\\/plasticexpress.es\\\/ca\\\/#website\",\"url\":\"https:\\\/\\\/plasticexpress.es\\\/ca\\\/\",\"name\":\"Plasticexpress\",\"description\":\"Venta de materiales y art\u00edculos de Metacrilato\",\"potentialAction\":[{\"@type\":\"SearchAction\",\"target\":{\"@type\":\"EntryPoint\",\"urlTemplate\":\"https:\\\/\\\/plasticexpress.es\\\/ca\\\/?s={search_term_string}\"},\"query-input\":{\"@type\":\"PropertyValueSpecification\",\"valueRequired\":true,\"valueName\":\"search_term_string\"}}],\"inLanguage\":\"ca\"}]}<\/script>\n<!-- \/ Yoast SEO plugin. -->","yoast_head_json":{"title":"Mampara protectora transparent est\u00e0ndard hosteleria - Plasticexpress","description":"Pantalla transparent de protecci\u00f3 per a hotels. Metacrilat No necessita instal\u00b7laci\u00f3. Eviteu el contacte interpersonal","robots":{"index":"index","follow":"follow","max-snippet":"max-snippet:-1","max-image-preview":"max-image-preview:large","max-video-preview":"max-video-preview:-1"},"canonical":"https:\/\/plasticexpress.es\/ca\/producto\/articles-ca\/mampares-protectores\/mampares-anticontagio-hostaleria\/mampara-protectora-transparente-estandar-hosteleria\/","og_locale":"ca_ES","og_type":"article","og_title":"Mampara protectora transparent est\u00e0ndard hosteleria - Plasticexpress","og_description":"Pantalla transparent de protecci\u00f3 per a hotels. Metacrilat No necessita instal\u00b7laci\u00f3. Eviteu el contacte interpersonal","og_url":"https:\/\/plasticexpress.es\/ca\/producto\/articles-ca\/mampares-protectores\/mampares-anticontagio-hostaleria\/mampara-protectora-transparente-estandar-hosteleria\/","og_site_name":"Plasticexpress","article_modified_time":"2021-10-19T18:12:47+00:00","og_image":[{"width":1000,"height":667,"url":"https:\/\/plasticexpress.es\/wp-content\/uploads\/2020\/10\/mampara-protectora-transparente-estandar-oficina-01.jpg","type":"image\/jpeg"}],"twitter_card":"summary_large_image","schema":{"@context":"https:\/\/schema.org","@graph":[{"@type":"WebPage","@id":"https:\/\/plasticexpress.es\/ca\/producto\/articles-ca\/mampares-protectores\/mampares-anticontagio-hostaleria\/mampara-protectora-transparente-estandar-hosteleria\/","url":"https:\/\/plasticexpress.es\/ca\/producto\/articles-ca\/mampares-protectores\/mampares-anticontagio-hostaleria\/mampara-protectora-transparente-estandar-hosteleria\/","name":"Mampara protectora transparent est\u00e0ndard hosteleria - Plasticexpress","isPartOf":{"@id":"https:\/\/plasticexpress.es\/ca\/#website"},"primaryImageOfPage":{"@id":"https:\/\/plasticexpress.es\/ca\/producto\/articles-ca\/mampares-protectores\/mampares-anticontagio-hostaleria\/mampara-protectora-transparente-estandar-hosteleria\/#primaryimage"},"image":{"@id":"https:\/\/plasticexpress.es\/ca\/producto\/articles-ca\/mampares-protectores\/mampares-anticontagio-hostaleria\/mampara-protectora-transparente-estandar-hosteleria\/#primaryimage"},"thumbnailUrl":"https:\/\/plasticexpress.es\/wp-content\/uploads\/2020\/10\/mampara-protectora-transparente-estandar-oficina-01.jpg","datePublished":"2021-04-05T06:08:06+00:00","dateModified":"2021-10-19T18:12:47+00:00","description":"Pantalla transparent de protecci\u00f3 per a hotels. Metacrilat No necessita instal\u00b7laci\u00f3. Eviteu el contacte interpersonal","breadcrumb":{"@id":"https:\/\/plasticexpress.es\/ca\/producto\/articles-ca\/mampares-protectores\/mampares-anticontagio-hostaleria\/mampara-protectora-transparente-estandar-hosteleria\/#breadcrumb"},"inLanguage":"ca","potentialAction":[{"@type":"ReadAction","target":["https:\/\/plasticexpress.es\/ca\/producto\/articles-ca\/mampares-protectores\/mampares-anticontagio-hostaleria\/mampara-protectora-transparente-estandar-hosteleria\/"]}]},{"@type":"ImageObject","inLanguage":"ca","@id":"https:\/\/plasticexpress.es\/ca\/producto\/articles-ca\/mampares-protectores\/mampares-anticontagio-hostaleria\/mampara-protectora-transparente-estandar-hosteleria\/#primaryimage","url":"https:\/\/plasticexpress.es\/wp-content\/uploads\/2020\/10\/mampara-protectora-transparente-estandar-oficina-01.jpg","contentUrl":"https:\/\/plasticexpress.es\/wp-content\/uploads\/2020\/10\/mampara-protectora-transparente-estandar-oficina-01.jpg","width":1000,"height":667,"caption":"Mampara protectora transparent est\u00e0ndard"},{"@type":"BreadcrumbList","@id":"https:\/\/plasticexpress.es\/ca\/producto\/articles-ca\/mampares-protectores\/mampares-anticontagio-hostaleria\/mampara-protectora-transparente-estandar-hosteleria\/#breadcrumb","itemListElement":[{"@type":"ListItem","position":1,"name":"Portada","item":"https:\/\/plasticexpress.es\/ca\/"},{"@type":"ListItem","position":2,"name":"Shop","item":"https:\/\/plasticexpress.es\/ca\/shop\/"},{"@type":"ListItem","position":3,"name":"Mampara protectora transparent est\u00e0ndard"}]},{"@type":"WebSite","@id":"https:\/\/plasticexpress.es\/ca\/#website","url":"https:\/\/plasticexpress.es\/ca\/","name":"Plasticexpress","description":"Venta de materiales y art\u00edculos de Metacrilato","potentialAction":[{"@type":"SearchAction","target":{"@type":"EntryPoint","urlTemplate":"https:\/\/plasticexpress.es\/ca\/?s={search_term_string}"},"query-input":{"@type":"PropertyValueSpecification","valueRequired":true,"valueName":"search_term_string"}}],"inLanguage":"ca"}]}},"_links":{"self":[{"href":"https:\/\/plasticexpress.es\/ca\/wp-json\/wp\/v2\/product\/9204","targetHints":{"allow":["GET"]}}],"collection":[{"href":"https:\/\/plasticexpress.es\/ca\/wp-json\/wp\/v2\/product"}],"about":[{"href":"https:\/\/plasticexpress.es\/ca\/wp-json\/wp\/v2\/types\/product"}],"replies":[{"embeddable":true,"href":"https:\/\/plasticexpress.es\/ca\/wp-json\/wp\/v2\/comments?post=9204"}],"version-history":[{"count":1,"href":"https:\/\/plasticexpress.es\/ca\/wp-json\/wp\/v2\/product\/9204\/revisions"}],"predecessor-version":[{"id":13408,"href":"https:\/\/plasticexpress.es\/ca\/wp-json\/wp\/v2\/product\/9204\/revisions\/13408"}],"wp:featuredmedia":[{"embeddable":true,"href":"https:\/\/plasticexpress.es\/ca\/wp-json\/wp\/v2\/media\/5119"}],"wp:attachment":[{"href":"https:\/\/plasticexpress.es\/ca\/wp-json\/wp\/v2\/media?parent=9204"}],"wp:term":[{"taxonomy":"product_brand","embeddable":true,"href":"https:\/\/plasticexpress.es\/ca\/wp-json\/wp\/v2\/product_brand?post=9204"},{"taxonomy":"product_cat","embeddable":true,"href":"https:\/\/plasticexpress.es\/ca\/wp-json\/wp\/v2\/product_cat?post=9204"},{"taxonomy":"product_tag","embeddable":true,"href":"https:\/\/plasticexpress.es\/ca\/wp-json\/wp\/v2\/product_tag?post=9204"}],"curies":[{"name":"wp","href":"https:\/\/api.w.org\/{rel}","templated":true}]}}