

{"id":9395,"date":"2020-10-01T16:19:12","date_gmt":"2021-04-05T19:19:27","guid":{"rendered":"https:\/\/plasticexpress.es\/producto\/Sense%20categoria\/peanes-de-metacrilat\/"},"modified":"2022-07-14T09:22:14","modified_gmt":"2022-07-14T08:22:14","slug":"peanas-de-metacrilato","status":"publish","type":"product","link":"https:\/\/plasticexpress.es\/ca\/producto\/articles-ca\/escaparatismo-ca\/peanas-escaparatismo-ca\/peanas-de-metacrilato\/","title":{"rendered":"Peanes de metacrilat"},"content":{"rendered":"<p>Les peanyes de metacrilat s\u00f3n articles utilitzats per a l&#8217;aparadorisme. Solen complir la funci\u00f3 de suport, garantint resist\u00e8ncia i fermesa. Est\u00e8ticament, estan fetes de pl\u00e0stic de colada incolor, \u00e9s a dir, un material transparent que t\u00e9 una finalitat funcional per a oferir una imatge m\u00e9s vistosa i moderna com per a donar-li un estil m\u00e9s atractiu i singular a l&#8217;aparador; d&#8217;aquesta manera, s&#8217;aconsegueix un concepte est\u00e8tic singular amb caracter\u00edstiques \u00f2ptiques interessants per a la decoraci\u00f3.<\/p>\n<p>&nbsp;<\/p>\n<h2>Qu\u00e8 s\u00f3n les peanyes de metacrilat i les seves caracter\u00edstiques<\/h2>\n<p>Aquestes peces es constitueixen d&#8217;<b>un bloc de metacrilat polit i abrillantat<\/b>, de format quadrangular o circular, amb la finalitat d&#8217;oferir una <b>adaptabilitat als productes<\/b> que s\u2019hi col\u00b7loquin a sobr.<\/p>\n<p>&nbsp;<\/p>\n<p>Es caracteritzen per ser peces \u00faniques i simples, els treballs de les quals s&#8217;han realitzat mitjan\u00e7ant l&#8217;\u00fas de la millor tecnologia per al <b>tall a trav\u00e9s del l\u00e0ser de metacrilat<\/b>. Quant a la depuraci\u00f3 formal externa, s&#8217;ha recorregut a un proc\u00e9s de <b>poliment i abrillantat<\/b> que deixa una textura suau i f\u00e0cil de manipular per tal de disposar aquests articles a l&#8217;aparador.<\/p>\n<p>&nbsp;<\/p>\n<h2>Per a qu\u00e8 s&#8217;utilitzen les peanyes de metacrilat<\/h2>\n<p>S\u00f3n diverses les aplicaciones que se li poden donar a aquestes peces de metacrilat. Cal tenir en compte que compleixen una funci\u00f3 est\u00e8tica interessant per a l&#8217;<b>exposici\u00f3 de productes<\/b>, d&#8217;aqu\u00ed ve que s&#8217;empren principalment en \u00e0mbit comercial, d&#8217;hostaleria i de col\u00b7leccionisme d&#8217;art. Per aquesta ra\u00f3, alguns dels <b>principals usos<\/b> que se li dona es dirigeix als seg\u00fcents espais:<\/p>\n<ul>\n<li aria-level=\"1\">Aparadors comercials<\/li>\n<li aria-level=\"1\">PLV<\/li>\n<li aria-level=\"1\">Col\u00b7leccionisme<\/li>\n<li aria-level=\"1\">Exhibicions d&#8217;articles d&#8217;alt valor<\/li>\n<li aria-level=\"1\">Comer\u00e7os electr\u00f2nics<\/li>\n<li aria-level=\"1\">\u00d2ptiques<\/li>\n<li aria-level=\"1\">Joieries<\/li>\n<li aria-level=\"1\">Sabateries<\/li>\n<li aria-level=\"1\">Decoraci\u00f3<\/li>\n<li aria-level=\"1\">Estands<\/li>\n<li aria-level=\"1\">Boutiques<\/li>\n<\/ul>\n<p>Des de Plastic Express, s&#8217;ha dut a terme la <b>creaci\u00f3 d&#8217;una l\u00ednia d&#8217;aparadorisme de metacrilat<\/b>. A partir d&#8217;una col\u00b7lecci\u00f3 d&#8217;articles seleccionats pel nostre equip, s&#8217;ha constitu\u00eft un ampli conjunt de productes que estan accessibles segons les necessitats que tinguis. L&#8217;\u00e0mplia gamma de peanyes ofereix l&#8217;oportunitat que puguis triar la que millor s&#8217;adapti a les teves necessitats, ja que es poden trobar en diferents grand\u00e0ries i amb un format diferent; aix\u00f2 s\u00ed, totes s\u00f3n d&#8217;alta qualitat i es converteixen en recursos resistents per a l&#8217;\u00fas quotidi\u00e0.<\/p>\n<p>&nbsp;<\/p>\n<p>Si est\u00e0s interessat a comprar peanyes de metacrilat pots fer-ho a trav\u00e9s de la nostra botiga en l\u00ednia. Aqu\u00ed podr\u00e0s trobar un selecte grup de peanyes classificades per <b>grand\u00e0ries i dissenys<\/b>, complint la funci\u00f3 de peanyes com a pedestal.<\/p>\n<p>Cal assenyalar que, dins del grup de les peanyes de pl\u00e0stic, el metacrilat \u00e9s el m\u00e9s resistent i que ofereix majors garanties a llarg termini. T\u00e9 una <b>durabilitat extraordin\u00e0ria<\/b>, fins i tot si s&#8217;empra ass\u00edduament, sense oblidar que es pot treballar amb diferents acabats i colors, per la qual cosa els formats queden perfectament dissenyats com per a aconseguir un treball m\u00e9s perfeccionat i resultats apropiats per a la seva exposici\u00f3 en p\u00fablic.<\/p>\n<p>&nbsp;<\/p>\n<h2>Comprar peanyes de metacrilat a mida<\/h2>\n<p>A Plastic Express oferim la possibilitat de crear peanyes de metacrilat a mida. Quan es necessita una adaptabilitat a un producte espec\u00edfic, \u00e9s bo posar-se en mans de professionals. Per aix\u00f2, s&#8217;ofereixen tot tipus d&#8217;<b>avantatges i comoditats<\/b> en cas de necessitar un article que sigui diferent dels models que oferim online, de tal manera que pots enviar-nos la sol\u00b7licitud, escrivint-nos una descripci\u00f3 de les teves necessitats i demanant un <a href=\"https:\/\/plasticexpress.es\/ca\/procesos\/pressupostos-a-mida\/\">pressupost a mida aqu\u00ed<\/a> o envia&#8217;ns un correu a l&#8217;email <a href=\"mailto:info@plasticexpress.es\">info@plasticexpress.es<\/a> amb la seg\u00fcent informaci\u00f3:<\/p>\n<p>En l&#8217;assumpte indica l&#8217;article en el qual est\u00e0s interessat i el material com, per exemple, peanya + metacrilat.<\/p>\n<p>Finalment, recorda que si ets un professional de la ind\u00fastria i desitges comprar una peanya de metacrilat, pots obtenir descomptes especials accedint al <a href=\"https:\/\/plasticexpress.es\/ca\/procesos\/presupusto-per-a-professionals\/\"><b>formulari de pressupostos per a professionals<\/b><\/a>. Nom\u00e9s a Plastic Express pots aconseguir els millors resultats amb una atenci\u00f3 precisa i personal.<\/p>\n","protected":false},"excerpt":{"rendered":"<p>Les peanyes de metacrilat s\u00f3n articles utilitzats per a l&#8217;aparadorisme. Solen complir la funci\u00f3 de suport, garantint resist\u00e8ncia i fermesa. Est\u00e8ticament, estan fetes de pl\u00e0stic de colada incolor, \u00e9s a dir, un material transparent que t\u00e9 una finalitat funcional per a oferir una imatge m\u00e9s vistosa i moderna com per a donar-li un estil m\u00e9s [&hellip;]<\/p>\n","protected":false},"featured_media":18906,"comment_status":"open","ping_status":"closed","template":"","meta":{"_acf_changed":false},"product_brand":[],"product_cat":[611,582,625],"product_tag":[1141,813,740,1430],"class_list":{"0":"post-9395","1":"product","2":"type-product","3":"status-publish","4":"has-post-thumbnail","6":"product_cat-escaparatismo-ca","7":"product_cat-articles-ca","8":"product_cat-peanas-escaparatismo-ca","9":"product_tag-cerca-per-autor-de-metacrilat","10":"product_tag-metacrilat","11":"product_tag-metacrilat-incolor","12":"product_tag-peanes-de-metacrilat","14":"first","15":"instock","16":"shipping-taxable","17":"purchasable","18":"product-type-variable"},"acf":{"photo_gallery":{"opciones_de_agujeros":[[]]}},"yoast_head":"<!-- This site is optimized with the Yoast SEO plugin v27.2 - https:\/\/yoast.com\/product\/yoast-seo-wordpress\/ -->\n<title>Peanes de Metacrilat | Plastic Express<\/title>\n<meta name=\"description\" content=\"Les peanes de metacrilat s\u00f3n articles d&#039;aparadorisme transparents. Ideals per a aparadors, col\u00b7leccionisme, joieries o botigues.\" \/>\n<meta name=\"robots\" content=\"index, follow, max-snippet:-1, max-image-preview:large, max-video-preview:-1\" \/>\n<link rel=\"canonical\" href=\"https:\/\/plasticexpress.es\/ca\/producto\/articles-ca\/escaparatismo-ca\/peanas-escaparatismo-ca\/peanas-de-metacrilato\/\" \/>\n<meta property=\"og:locale\" content=\"ca_ES\" \/>\n<meta property=\"og:type\" content=\"article\" \/>\n<meta property=\"og:title\" content=\"Peanes de Metacrilat | Plastic Express\" \/>\n<meta property=\"og:description\" content=\"Les peanes de metacrilat s\u00f3n articles d&#039;aparadorisme transparents. Ideals per a aparadors, col\u00b7leccionisme, joieries o botigues.\" \/>\n<meta property=\"og:url\" content=\"https:\/\/plasticexpress.es\/ca\/producto\/articles-ca\/escaparatismo-ca\/peanas-escaparatismo-ca\/peanas-de-metacrilato\/\" \/>\n<meta property=\"og:site_name\" content=\"Plasticexpress\" \/>\n<meta property=\"article:modified_time\" content=\"2022-07-14T08:22:14+00:00\" \/>\n<meta property=\"og:image\" content=\"https:\/\/plasticexpress.es\/wp-content\/uploads\/2020\/10\/Peanas-de-metacrilato-1.jpg\" \/>\n\t<meta property=\"og:image:width\" content=\"1296\" \/>\n\t<meta property=\"og:image:height\" content=\"864\" \/>\n\t<meta property=\"og:image:type\" content=\"image\/jpeg\" \/>\n<meta name=\"twitter:card\" content=\"summary_large_image\" \/>\n<meta name=\"twitter:label1\" content=\"Temps estimat de lectura\" \/>\n\t<meta name=\"twitter:data1\" content=\"1 minut\" \/>\n<script type=\"application\/ld+json\" class=\"yoast-schema-graph\">{\"@context\":\"https:\/\/schema.org\",\"@graph\":[{\"@type\":\"WebPage\",\"@id\":\"https:\/\/plasticexpress.es\/ca\/producto\/articles-ca\/escaparatismo-ca\/peanas-escaparatismo-ca\/peanas-de-metacrilato\/\",\"url\":\"https:\/\/plasticexpress.es\/ca\/producto\/articles-ca\/escaparatismo-ca\/peanas-escaparatismo-ca\/peanas-de-metacrilato\/\",\"name\":\"Peanes de Metacrilat | Plastic Express\",\"isPartOf\":{\"@id\":\"https:\/\/plasticexpress.es\/ca\/#website\"},\"primaryImageOfPage\":{\"@id\":\"https:\/\/plasticexpress.es\/ca\/producto\/articles-ca\/escaparatismo-ca\/peanas-escaparatismo-ca\/peanas-de-metacrilato\/#primaryimage\"},\"image\":{\"@id\":\"https:\/\/plasticexpress.es\/ca\/producto\/articles-ca\/escaparatismo-ca\/peanas-escaparatismo-ca\/peanas-de-metacrilato\/#primaryimage\"},\"thumbnailUrl\":\"https:\/\/plasticexpress.es\/wp-content\/uploads\/2020\/10\/Peanas-de-metacrilato-1.jpg\",\"datePublished\":\"2021-04-05T19:19:27+00:00\",\"dateModified\":\"2022-07-14T08:22:14+00:00\",\"description\":\"Les peanes de metacrilat s\u00f3n articles d'aparadorisme transparents. Ideals per a aparadors, col\u00b7leccionisme, joieries o botigues.\",\"breadcrumb\":{\"@id\":\"https:\/\/plasticexpress.es\/ca\/producto\/articles-ca\/escaparatismo-ca\/peanas-escaparatismo-ca\/peanas-de-metacrilato\/#breadcrumb\"},\"inLanguage\":\"ca\",\"potentialAction\":[{\"@type\":\"ReadAction\",\"target\":[\"https:\/\/plasticexpress.es\/ca\/producto\/articles-ca\/escaparatismo-ca\/peanas-escaparatismo-ca\/peanas-de-metacrilato\/\"]}]},{\"@type\":\"ImageObject\",\"inLanguage\":\"ca\",\"@id\":\"https:\/\/plasticexpress.es\/ca\/producto\/articles-ca\/escaparatismo-ca\/peanas-escaparatismo-ca\/peanas-de-metacrilato\/#primaryimage\",\"url\":\"https:\/\/plasticexpress.es\/wp-content\/uploads\/2020\/10\/Peanas-de-metacrilato-1.jpg\",\"contentUrl\":\"https:\/\/plasticexpress.es\/wp-content\/uploads\/2020\/10\/Peanas-de-metacrilato-1.jpg\",\"width\":1296,\"height\":864},{\"@type\":\"BreadcrumbList\",\"@id\":\"https:\/\/plasticexpress.es\/ca\/producto\/articles-ca\/escaparatismo-ca\/peanas-escaparatismo-ca\/peanas-de-metacrilato\/#breadcrumb\",\"itemListElement\":[{\"@type\":\"ListItem\",\"position\":1,\"name\":\"Portada\",\"item\":\"https:\/\/plasticexpress.es\/ca\/\"},{\"@type\":\"ListItem\",\"position\":2,\"name\":\"Shop\",\"item\":\"https:\/\/plasticexpress.es\/ca\/shop\/\"},{\"@type\":\"ListItem\",\"position\":3,\"name\":\"Peanes de metacrilat\"}]},{\"@type\":\"WebSite\",\"@id\":\"https:\/\/plasticexpress.es\/ca\/#website\",\"url\":\"https:\/\/plasticexpress.es\/ca\/\",\"name\":\"Plasticexpress\",\"description\":\"Venta de materiales y art\u00edculos de Metacrilato\",\"potentialAction\":[{\"@type\":\"SearchAction\",\"target\":{\"@type\":\"EntryPoint\",\"urlTemplate\":\"https:\/\/plasticexpress.es\/ca\/?s={search_term_string}\"},\"query-input\":{\"@type\":\"PropertyValueSpecification\",\"valueRequired\":true,\"valueName\":\"search_term_string\"}}],\"inLanguage\":\"ca\"}]}<\/script>\n<!-- \/ Yoast SEO plugin. -->","yoast_head_json":{"title":"Peanes de Metacrilat | Plastic Express","description":"Les peanes de metacrilat s\u00f3n articles d'aparadorisme transparents. Ideals per a aparadors, col\u00b7leccionisme, joieries o botigues.","robots":{"index":"index","follow":"follow","max-snippet":"max-snippet:-1","max-image-preview":"max-image-preview:large","max-video-preview":"max-video-preview:-1"},"canonical":"https:\/\/plasticexpress.es\/ca\/producto\/articles-ca\/escaparatismo-ca\/peanas-escaparatismo-ca\/peanas-de-metacrilato\/","og_locale":"ca_ES","og_type":"article","og_title":"Peanes de Metacrilat | Plastic Express","og_description":"Les peanes de metacrilat s\u00f3n articles d'aparadorisme transparents. Ideals per a aparadors, col\u00b7leccionisme, joieries o botigues.","og_url":"https:\/\/plasticexpress.es\/ca\/producto\/articles-ca\/escaparatismo-ca\/peanas-escaparatismo-ca\/peanas-de-metacrilato\/","og_site_name":"Plasticexpress","article_modified_time":"2022-07-14T08:22:14+00:00","og_image":[{"width":1296,"height":864,"url":"https:\/\/plasticexpress.es\/wp-content\/uploads\/2020\/10\/Peanas-de-metacrilato-1.jpg","type":"image\/jpeg"}],"twitter_card":"summary_large_image","twitter_misc":{"Temps estimat de lectura":"1 minut"},"schema":{"@context":"https:\/\/schema.org","@graph":[{"@type":"WebPage","@id":"https:\/\/plasticexpress.es\/ca\/producto\/articles-ca\/escaparatismo-ca\/peanas-escaparatismo-ca\/peanas-de-metacrilato\/","url":"https:\/\/plasticexpress.es\/ca\/producto\/articles-ca\/escaparatismo-ca\/peanas-escaparatismo-ca\/peanas-de-metacrilato\/","name":"Peanes de Metacrilat | Plastic Express","isPartOf":{"@id":"https:\/\/plasticexpress.es\/ca\/#website"},"primaryImageOfPage":{"@id":"https:\/\/plasticexpress.es\/ca\/producto\/articles-ca\/escaparatismo-ca\/peanas-escaparatismo-ca\/peanas-de-metacrilato\/#primaryimage"},"image":{"@id":"https:\/\/plasticexpress.es\/ca\/producto\/articles-ca\/escaparatismo-ca\/peanas-escaparatismo-ca\/peanas-de-metacrilato\/#primaryimage"},"thumbnailUrl":"https:\/\/plasticexpress.es\/wp-content\/uploads\/2020\/10\/Peanas-de-metacrilato-1.jpg","datePublished":"2021-04-05T19:19:27+00:00","dateModified":"2022-07-14T08:22:14+00:00","description":"Les peanes de metacrilat s\u00f3n articles d'aparadorisme transparents. Ideals per a aparadors, col\u00b7leccionisme, joieries o botigues.","breadcrumb":{"@id":"https:\/\/plasticexpress.es\/ca\/producto\/articles-ca\/escaparatismo-ca\/peanas-escaparatismo-ca\/peanas-de-metacrilato\/#breadcrumb"},"inLanguage":"ca","potentialAction":[{"@type":"ReadAction","target":["https:\/\/plasticexpress.es\/ca\/producto\/articles-ca\/escaparatismo-ca\/peanas-escaparatismo-ca\/peanas-de-metacrilato\/"]}]},{"@type":"ImageObject","inLanguage":"ca","@id":"https:\/\/plasticexpress.es\/ca\/producto\/articles-ca\/escaparatismo-ca\/peanas-escaparatismo-ca\/peanas-de-metacrilato\/#primaryimage","url":"https:\/\/plasticexpress.es\/wp-content\/uploads\/2020\/10\/Peanas-de-metacrilato-1.jpg","contentUrl":"https:\/\/plasticexpress.es\/wp-content\/uploads\/2020\/10\/Peanas-de-metacrilato-1.jpg","width":1296,"height":864},{"@type":"BreadcrumbList","@id":"https:\/\/plasticexpress.es\/ca\/producto\/articles-ca\/escaparatismo-ca\/peanas-escaparatismo-ca\/peanas-de-metacrilato\/#breadcrumb","itemListElement":[{"@type":"ListItem","position":1,"name":"Portada","item":"https:\/\/plasticexpress.es\/ca\/"},{"@type":"ListItem","position":2,"name":"Shop","item":"https:\/\/plasticexpress.es\/ca\/shop\/"},{"@type":"ListItem","position":3,"name":"Peanes de metacrilat"}]},{"@type":"WebSite","@id":"https:\/\/plasticexpress.es\/ca\/#website","url":"https:\/\/plasticexpress.es\/ca\/","name":"Plasticexpress","description":"Venta de materiales y art\u00edculos de Metacrilato","potentialAction":[{"@type":"SearchAction","target":{"@type":"EntryPoint","urlTemplate":"https:\/\/plasticexpress.es\/ca\/?s={search_term_string}"},"query-input":{"@type":"PropertyValueSpecification","valueRequired":true,"valueName":"search_term_string"}}],"inLanguage":"ca"}]}},"_links":{"self":[{"href":"https:\/\/plasticexpress.es\/ca\/wp-json\/wp\/v2\/product\/9395","targetHints":{"allow":["GET"]}}],"collection":[{"href":"https:\/\/plasticexpress.es\/ca\/wp-json\/wp\/v2\/product"}],"about":[{"href":"https:\/\/plasticexpress.es\/ca\/wp-json\/wp\/v2\/types\/product"}],"replies":[{"embeddable":true,"href":"https:\/\/plasticexpress.es\/ca\/wp-json\/wp\/v2\/comments?post=9395"}],"version-history":[{"count":8,"href":"https:\/\/plasticexpress.es\/ca\/wp-json\/wp\/v2\/product\/9395\/revisions"}],"predecessor-version":[{"id":16787,"href":"https:\/\/plasticexpress.es\/ca\/wp-json\/wp\/v2\/product\/9395\/revisions\/16787"}],"wp:featuredmedia":[{"embeddable":true,"href":"https:\/\/plasticexpress.es\/ca\/wp-json\/wp\/v2\/media\/18906"}],"wp:attachment":[{"href":"https:\/\/plasticexpress.es\/ca\/wp-json\/wp\/v2\/media?parent=9395"}],"wp:term":[{"taxonomy":"product_brand","embeddable":true,"href":"https:\/\/plasticexpress.es\/ca\/wp-json\/wp\/v2\/product_brand?post=9395"},{"taxonomy":"product_cat","embeddable":true,"href":"https:\/\/plasticexpress.es\/ca\/wp-json\/wp\/v2\/product_cat?post=9395"},{"taxonomy":"product_tag","embeddable":true,"href":"https:\/\/plasticexpress.es\/ca\/wp-json\/wp\/v2\/product_tag?post=9395"}],"curies":[{"name":"wp","href":"https:\/\/api.w.org\/{rel}","templated":true}]}}