

{"id":9760,"date":"2020-10-29T16:46:25","date_gmt":"2021-04-13T23:08:23","guid":{"rendered":"https:\/\/plasticexpress.es\/producto\/Sense%20categoria\/m1ampara-penjant\/"},"modified":"2021-10-19T19:12:44","modified_gmt":"2021-10-19T18:12:44","slug":"mampara-colgante-industria","status":"publish","type":"product","link":"https:\/\/plasticexpress.es\/ca\/producto\/articles-ca\/mampares-protectores\/mampares-anticontagio-industria\/mampara-colgante-industria\/","title":{"rendered":"Mampara penjant"},"content":{"rendered":"<p>Mampara en Policarbonat compacte transparent per protegir el personal creant una barrera entre els teus clients i el personal de treball.<\/p>\n<p>T\u00e9 uns orificis circulars per on es subjectar\u00e0 els cables de nil\u00f3, inclou kit d&#8217;instal\u00b7laci\u00f3 i instruccions de muntatge. Ajustable en al\u00e7ada. Ajustable en altura<\/p>\n","protected":false},"excerpt":{"rendered":"<p>Mampara en Policarbonat compacte transparent per protegir el personal creant una barrera entre els teus clients i el personal de treball. T\u00e9 uns orificis circulars per on es subjectar\u00e0 els cables de nil\u00f3, inclou kit d&#8217;instal\u00b7laci\u00f3 i instruccions de muntatge. Ajustable en al\u00e7ada. Ajustable en altura<\/p>\n","protected":false},"featured_media":5117,"comment_status":"open","ping_status":"closed","template":"","meta":{"_acf_changed":false},"product_brand":[],"product_cat":[654],"product_tag":[855,731,856,853,858,857,854],"class_list":{"0":"post-9760","1":"product","2":"type-product","3":"status-publish","4":"has-post-thumbnail","6":"product_cat-mampares-anticontagio-industria","7":"product_tag-mampara-ajustable-ca","8":"product_tag-mampara-anticontagio-ca","9":"product_tag-mampara-de-policarbonat","10":"product_tag-mampara-penjant","11":"product_tag-mampara-proteccio","12":"product_tag-mampara-transparent","13":"product_tag-mampra-protectora-ca","15":"first","16":"instock","17":"shipping-taxable","18":"purchasable","19":"product-type-variable"},"acf":{"photo_gallery":{"opciones_de_agujeros":[[]]}},"yoast_head":"<!-- This site is optimized with the Yoast SEO plugin v27.4 - https:\/\/yoast.com\/product\/yoast-seo-wordpress\/ -->\n<title>Mampara Penjoll de Metacrilat per Ind\u00fastria | Plastic Express<\/title>\n<meta name=\"description\" content=\"Mampara de Policarbonat compacte transparent que funciona com a barrera d&#039;agents externs. Inclou kit d&#039;instal\u00b7laci\u00f3 i instruccions de muntatge\" \/>\n<meta name=\"robots\" content=\"index, follow, max-snippet:-1, max-image-preview:large, max-video-preview:-1\" \/>\n<link rel=\"canonical\" href=\"https:\/\/plasticexpress.es\/ca\/producto\/articles-ca\/mampares-protectores\/mampares-anticontagio-industria\/mampara-colgante-industria\/\" \/>\n<meta property=\"og:locale\" content=\"ca_ES\" \/>\n<meta property=\"og:type\" content=\"article\" \/>\n<meta property=\"og:title\" content=\"Mampara Penjoll de Metacrilat per Ind\u00fastria | Plastic Express\" \/>\n<meta property=\"og:description\" content=\"Mampara de Policarbonat compacte transparent que funciona com a barrera d&#039;agents externs. Inclou kit d&#039;instal\u00b7laci\u00f3 i instruccions de muntatge\" \/>\n<meta property=\"og:url\" content=\"https:\/\/plasticexpress.es\/ca\/producto\/articles-ca\/mampares-protectores\/mampares-anticontagio-industria\/mampara-colgante-industria\/\" \/>\n<meta property=\"og:site_name\" content=\"Plasticexpress\" \/>\n<meta property=\"article:modified_time\" content=\"2021-10-19T18:12:44+00:00\" \/>\n<meta property=\"og:image\" content=\"https:\/\/plasticexpress.es\/wp-content\/uploads\/2020\/10\/mampara-colgante-peluqueria-01.jpg\" \/>\n\t<meta property=\"og:image:width\" content=\"1000\" \/>\n\t<meta property=\"og:image:height\" content=\"667\" \/>\n\t<meta property=\"og:image:type\" content=\"image\/jpeg\" \/>\n<meta name=\"twitter:card\" content=\"summary_large_image\" \/>\n<script type=\"application\/ld+json\" class=\"yoast-schema-graph\">{\"@context\":\"https:\\\/\\\/schema.org\",\"@graph\":[{\"@type\":\"WebPage\",\"@id\":\"https:\\\/\\\/plasticexpress.es\\\/ca\\\/producto\\\/articles-ca\\\/mampares-protectores\\\/mampares-anticontagio-industria\\\/mampara-colgante-industria\\\/\",\"url\":\"https:\\\/\\\/plasticexpress.es\\\/ca\\\/producto\\\/articles-ca\\\/mampares-protectores\\\/mampares-anticontagio-industria\\\/mampara-colgante-industria\\\/\",\"name\":\"Mampara Penjoll de Metacrilat per Ind\u00fastria | Plastic Express\",\"isPartOf\":{\"@id\":\"https:\\\/\\\/plasticexpress.es\\\/ca\\\/#website\"},\"primaryImageOfPage\":{\"@id\":\"https:\\\/\\\/plasticexpress.es\\\/ca\\\/producto\\\/articles-ca\\\/mampares-protectores\\\/mampares-anticontagio-industria\\\/mampara-colgante-industria\\\/#primaryimage\"},\"image\":{\"@id\":\"https:\\\/\\\/plasticexpress.es\\\/ca\\\/producto\\\/articles-ca\\\/mampares-protectores\\\/mampares-anticontagio-industria\\\/mampara-colgante-industria\\\/#primaryimage\"},\"thumbnailUrl\":\"https:\\\/\\\/plasticexpress.es\\\/wp-content\\\/uploads\\\/2020\\\/10\\\/mampara-colgante-peluqueria-01.jpg\",\"datePublished\":\"2021-04-13T23:08:23+00:00\",\"dateModified\":\"2021-10-19T18:12:44+00:00\",\"description\":\"Mampara de Policarbonat compacte transparent que funciona com a barrera d'agents externs. Inclou kit d'instal\u00b7laci\u00f3 i instruccions de muntatge\",\"breadcrumb\":{\"@id\":\"https:\\\/\\\/plasticexpress.es\\\/ca\\\/producto\\\/articles-ca\\\/mampares-protectores\\\/mampares-anticontagio-industria\\\/mampara-colgante-industria\\\/#breadcrumb\"},\"inLanguage\":\"ca\",\"potentialAction\":[{\"@type\":\"ReadAction\",\"target\":[\"https:\\\/\\\/plasticexpress.es\\\/ca\\\/producto\\\/articles-ca\\\/mampares-protectores\\\/mampares-anticontagio-industria\\\/mampara-colgante-industria\\\/\"]}]},{\"@type\":\"ImageObject\",\"inLanguage\":\"ca\",\"@id\":\"https:\\\/\\\/plasticexpress.es\\\/ca\\\/producto\\\/articles-ca\\\/mampares-protectores\\\/mampares-anticontagio-industria\\\/mampara-colgante-industria\\\/#primaryimage\",\"url\":\"https:\\\/\\\/plasticexpress.es\\\/wp-content\\\/uploads\\\/2020\\\/10\\\/mampara-colgante-peluqueria-01.jpg\",\"contentUrl\":\"https:\\\/\\\/plasticexpress.es\\\/wp-content\\\/uploads\\\/2020\\\/10\\\/mampara-colgante-peluqueria-01.jpg\",\"width\":1000,\"height\":667,\"caption\":\"Mampara penjant\"},{\"@type\":\"BreadcrumbList\",\"@id\":\"https:\\\/\\\/plasticexpress.es\\\/ca\\\/producto\\\/articles-ca\\\/mampares-protectores\\\/mampares-anticontagio-industria\\\/mampara-colgante-industria\\\/#breadcrumb\",\"itemListElement\":[{\"@type\":\"ListItem\",\"position\":1,\"name\":\"Portada\",\"item\":\"https:\\\/\\\/plasticexpress.es\\\/ca\\\/\"},{\"@type\":\"ListItem\",\"position\":2,\"name\":\"Shop\",\"item\":\"https:\\\/\\\/plasticexpress.es\\\/ca\\\/shop\\\/\"},{\"@type\":\"ListItem\",\"position\":3,\"name\":\"Mampara penjant\"}]},{\"@type\":\"WebSite\",\"@id\":\"https:\\\/\\\/plasticexpress.es\\\/ca\\\/#website\",\"url\":\"https:\\\/\\\/plasticexpress.es\\\/ca\\\/\",\"name\":\"Plasticexpress\",\"description\":\"Venta de materiales y art\u00edculos de Metacrilato\",\"potentialAction\":[{\"@type\":\"SearchAction\",\"target\":{\"@type\":\"EntryPoint\",\"urlTemplate\":\"https:\\\/\\\/plasticexpress.es\\\/ca\\\/?s={search_term_string}\"},\"query-input\":{\"@type\":\"PropertyValueSpecification\",\"valueRequired\":true,\"valueName\":\"search_term_string\"}}],\"inLanguage\":\"ca\"}]}<\/script>\n<!-- \/ Yoast SEO plugin. -->","yoast_head_json":{"title":"Mampara Penjoll de Metacrilat per Ind\u00fastria | Plastic Express","description":"Mampara de Policarbonat compacte transparent que funciona com a barrera d'agents externs. Inclou kit d'instal\u00b7laci\u00f3 i instruccions de muntatge","robots":{"index":"index","follow":"follow","max-snippet":"max-snippet:-1","max-image-preview":"max-image-preview:large","max-video-preview":"max-video-preview:-1"},"canonical":"https:\/\/plasticexpress.es\/ca\/producto\/articles-ca\/mampares-protectores\/mampares-anticontagio-industria\/mampara-colgante-industria\/","og_locale":"ca_ES","og_type":"article","og_title":"Mampara Penjoll de Metacrilat per Ind\u00fastria | Plastic Express","og_description":"Mampara de Policarbonat compacte transparent que funciona com a barrera d'agents externs. Inclou kit d'instal\u00b7laci\u00f3 i instruccions de muntatge","og_url":"https:\/\/plasticexpress.es\/ca\/producto\/articles-ca\/mampares-protectores\/mampares-anticontagio-industria\/mampara-colgante-industria\/","og_site_name":"Plasticexpress","article_modified_time":"2021-10-19T18:12:44+00:00","og_image":[{"width":1000,"height":667,"url":"https:\/\/plasticexpress.es\/wp-content\/uploads\/2020\/10\/mampara-colgante-peluqueria-01.jpg","type":"image\/jpeg"}],"twitter_card":"summary_large_image","schema":{"@context":"https:\/\/schema.org","@graph":[{"@type":"WebPage","@id":"https:\/\/plasticexpress.es\/ca\/producto\/articles-ca\/mampares-protectores\/mampares-anticontagio-industria\/mampara-colgante-industria\/","url":"https:\/\/plasticexpress.es\/ca\/producto\/articles-ca\/mampares-protectores\/mampares-anticontagio-industria\/mampara-colgante-industria\/","name":"Mampara Penjoll de Metacrilat per Ind\u00fastria | Plastic Express","isPartOf":{"@id":"https:\/\/plasticexpress.es\/ca\/#website"},"primaryImageOfPage":{"@id":"https:\/\/plasticexpress.es\/ca\/producto\/articles-ca\/mampares-protectores\/mampares-anticontagio-industria\/mampara-colgante-industria\/#primaryimage"},"image":{"@id":"https:\/\/plasticexpress.es\/ca\/producto\/articles-ca\/mampares-protectores\/mampares-anticontagio-industria\/mampara-colgante-industria\/#primaryimage"},"thumbnailUrl":"https:\/\/plasticexpress.es\/wp-content\/uploads\/2020\/10\/mampara-colgante-peluqueria-01.jpg","datePublished":"2021-04-13T23:08:23+00:00","dateModified":"2021-10-19T18:12:44+00:00","description":"Mampara de Policarbonat compacte transparent que funciona com a barrera d'agents externs. Inclou kit d'instal\u00b7laci\u00f3 i instruccions de muntatge","breadcrumb":{"@id":"https:\/\/plasticexpress.es\/ca\/producto\/articles-ca\/mampares-protectores\/mampares-anticontagio-industria\/mampara-colgante-industria\/#breadcrumb"},"inLanguage":"ca","potentialAction":[{"@type":"ReadAction","target":["https:\/\/plasticexpress.es\/ca\/producto\/articles-ca\/mampares-protectores\/mampares-anticontagio-industria\/mampara-colgante-industria\/"]}]},{"@type":"ImageObject","inLanguage":"ca","@id":"https:\/\/plasticexpress.es\/ca\/producto\/articles-ca\/mampares-protectores\/mampares-anticontagio-industria\/mampara-colgante-industria\/#primaryimage","url":"https:\/\/plasticexpress.es\/wp-content\/uploads\/2020\/10\/mampara-colgante-peluqueria-01.jpg","contentUrl":"https:\/\/plasticexpress.es\/wp-content\/uploads\/2020\/10\/mampara-colgante-peluqueria-01.jpg","width":1000,"height":667,"caption":"Mampara penjant"},{"@type":"BreadcrumbList","@id":"https:\/\/plasticexpress.es\/ca\/producto\/articles-ca\/mampares-protectores\/mampares-anticontagio-industria\/mampara-colgante-industria\/#breadcrumb","itemListElement":[{"@type":"ListItem","position":1,"name":"Portada","item":"https:\/\/plasticexpress.es\/ca\/"},{"@type":"ListItem","position":2,"name":"Shop","item":"https:\/\/plasticexpress.es\/ca\/shop\/"},{"@type":"ListItem","position":3,"name":"Mampara penjant"}]},{"@type":"WebSite","@id":"https:\/\/plasticexpress.es\/ca\/#website","url":"https:\/\/plasticexpress.es\/ca\/","name":"Plasticexpress","description":"Venta de materiales y art\u00edculos de Metacrilato","potentialAction":[{"@type":"SearchAction","target":{"@type":"EntryPoint","urlTemplate":"https:\/\/plasticexpress.es\/ca\/?s={search_term_string}"},"query-input":{"@type":"PropertyValueSpecification","valueRequired":true,"valueName":"search_term_string"}}],"inLanguage":"ca"}]}},"_links":{"self":[{"href":"https:\/\/plasticexpress.es\/ca\/wp-json\/wp\/v2\/product\/9760","targetHints":{"allow":["GET"]}}],"collection":[{"href":"https:\/\/plasticexpress.es\/ca\/wp-json\/wp\/v2\/product"}],"about":[{"href":"https:\/\/plasticexpress.es\/ca\/wp-json\/wp\/v2\/types\/product"}],"replies":[{"embeddable":true,"href":"https:\/\/plasticexpress.es\/ca\/wp-json\/wp\/v2\/comments?post=9760"}],"version-history":[{"count":1,"href":"https:\/\/plasticexpress.es\/ca\/wp-json\/wp\/v2\/product\/9760\/revisions"}],"predecessor-version":[{"id":13366,"href":"https:\/\/plasticexpress.es\/ca\/wp-json\/wp\/v2\/product\/9760\/revisions\/13366"}],"wp:featuredmedia":[{"embeddable":true,"href":"https:\/\/plasticexpress.es\/ca\/wp-json\/wp\/v2\/media\/5117"}],"wp:attachment":[{"href":"https:\/\/plasticexpress.es\/ca\/wp-json\/wp\/v2\/media?parent=9760"}],"wp:term":[{"taxonomy":"product_brand","embeddable":true,"href":"https:\/\/plasticexpress.es\/ca\/wp-json\/wp\/v2\/product_brand?post=9760"},{"taxonomy":"product_cat","embeddable":true,"href":"https:\/\/plasticexpress.es\/ca\/wp-json\/wp\/v2\/product_cat?post=9760"},{"taxonomy":"product_tag","embeddable":true,"href":"https:\/\/plasticexpress.es\/ca\/wp-json\/wp\/v2\/product_tag?post=9760"}],"curies":[{"name":"wp","href":"https:\/\/api.w.org\/{rel}","templated":true}]}}