

{"id":25418,"date":"2024-12-03T13:23:57","date_gmt":"2024-12-03T12:23:57","guid":{"rendered":"https:\/\/plasticexpress.es\/?page_id=25418"},"modified":"2024-12-03T13:42:46","modified_gmt":"2024-12-03T12:42:46","slug":"devis-pour-les-professionnels-news-fr","status":"publish","type":"page","link":"https:\/\/plasticexpress.es\/en\/devis-pour-les-professionnels-news-fr\/","title":{"rendered":"Devis pour les professionnels"},"content":{"rendered":"\t\t<div data-elementor-type=\"wp-page\" data-elementor-id=\"25418\" class=\"elementor elementor-25418\" data-elementor-post-type=\"page\">\n\t\t\t\t\t\t<section class=\"elementor-section elementor-top-section elementor-element elementor-element-625b49bd elementor-section-boxed elementor-section-height-default elementor-section-height-default\" data-id=\"625b49bd\" data-element_type=\"section\" data-e-type=\"section\">\n\t\t\t\t\t\t<div class=\"elementor-container elementor-column-gap-default\">\n\t\t\t\t\t<div class=\"elementor-column elementor-col-100 elementor-top-column elementor-element elementor-element-3bf905f1\" data-id=\"3bf905f1\" data-element_type=\"column\" data-e-type=\"column\">\n\t\t\t<div class=\"elementor-widget-wrap elementor-element-populated\">\n\t\t\t\t\t\t<div class=\"elementor-element elementor-element-26f0eba4 elementor-widget elementor-widget-text-editor\" data-id=\"26f0eba4\" data-element_type=\"widget\" data-e-type=\"widget\" data-widget_type=\"text-editor.default\">\n\t\t\t\t<div class=\"elementor-widget-container\">\n\t\t\t\t\t\t\t\t\t<h2>Comment demander un devis &agrave; des professionnels ?<\/h2>\r\n<p>Si aucun des produits standard que nous proposons dans le magasin ne correspond &agrave; vos besoins, nous pouvons vous proposer un devis pour les professionnels pour l&#8217;un des mat&eacute;riaux que nous vendons. Nous pouvons vous proposer un devis de professionnels pour l&#8217;un des mat&eacute;riaux que nous vendons. Pour ce faire, envoyez-nous un courriel &agrave; info@plasticexpress.es avec les informations suivantes :<\/p>\r\n<p>Dans l&#8217;objet, indiquez Budget pour les professionnels + le mat&eacute;riau int&eacute;ress&eacute;, par exemple, budget pour mesurer le m&eacute;thacrylate.<\/p>\r\n<p>Dans le texte, indiquez les donn&eacute;es n&eacute;cessaires pour pouvoir r&eacute;aliser le formulaire de commande :<\/p>\r\n<ul>\r\n<li>Nom et pr&eacute;nom ou Soci&eacute;t&eacute;.<br \/><li>DNI ou CIF.<br \/><li>T&eacute;l&eacute;phone et e-mail.<br \/><li>Adresse (y compris la ville et le code postal).<br \/><li>Type de mat&eacute;riau (y compris les unit&eacute;s, l&#8217;&eacute;paisseur, la largeur, la hauteur et la couleur si n&eacute;cessaire).<br \/><li>Une description du travail &agrave; effectuer dans le cadre de ce processus, si vous avez besoin de pr&eacute;ciser le type de coupe ou d&#8217;inclure des pi&egrave;ces jointes afin d&#8217;adapter le budget le plus possible &agrave; vos besoins.<br \/><\/li><\/ul>\r\n\r\n  Si toutes les informations sont correctes, nous vous r&eacute;pondrons dans les 24 \/ 48 heures en joignant le formulaire de commande. Veuillez noter qu&#8217;&eacute;tant donn&eacute; qu&#8217;il s&#8217;agit d&#8217;un devis sur mesure qui n&eacute;cessite un processus plus long que les devis standard, le prix que nous proposons ne b&eacute;n&eacute;ficiera pas des remises en ligne.\r\n\t\t\t\t\t\t\t\t<\/div>\n\t\t\t\t<\/div>\n\t\t\t\t\t<\/div>\n\t\t<\/div>\n\t\t\t\t\t<\/div>\n\t\t<\/section>\n\t\t\t\t<section class=\"elementor-section elementor-top-section elementor-element elementor-element-f7d061a elementor-section-stretched elementor-section-boxed elementor-section-height-default elementor-section-height-default\" data-id=\"f7d061a\" data-element_type=\"section\" data-e-type=\"section\" data-settings=\"{&quot;stretch_section&quot;:&quot;section-stretched&quot;,&quot;background_background&quot;:&quot;classic&quot;}\">\n\t\t\t\t\t\t<div class=\"elementor-container elementor-column-gap-default\">\n\t\t\t\t\t<div class=\"elementor-column elementor-col-100 elementor-top-column elementor-element elementor-element-aee658a\" data-id=\"aee658a\" data-element_type=\"column\" data-e-type=\"column\">\n\t\t\t<div class=\"elementor-widget-wrap elementor-element-populated\">\n\t\t\t\t\t\t<div class=\"elementor-element elementor-element-c69cd1b uael-cf7-style-box uael-cf7-input-size-sm uael-cf7-button-left uael-cf7-btn-size-sm uael-cf7-highlight-style-default elementor-widget elementor-widget-uael-cf7-styler\" data-id=\"c69cd1b\" data-element_type=\"widget\" data-e-type=\"widget\" data-widget_type=\"uael-cf7-styler.default\">\n\t\t\t\t<div class=\"elementor-widget-container\">\n\t\t\t\t\t\t\t\t\t<div class = \"uael-cf7-container\">\n\t\t\t\t\t\t<div class = \"uael-cf7 uael-cf7-style elementor-clickable\">\n\t\t\t\t\t\t\n<div class=\"wpcf7 no-js\" id=\"wpcf7-f25417-o1\" lang=\"es-ES\" dir=\"ltr\" data-wpcf7-id=\"25417\">\n<div class=\"screen-reader-response\"><p role=\"status\" aria-live=\"polite\" aria-atomic=\"true\"><\/p> <ul><\/ul><\/div>\n<form action=\"\/en\/wp-json\/wp\/v2\/pages\/25418#wpcf7-f25417-o1\" method=\"post\" class=\"wpcf7-form init\" aria-label=\"Formulario de contacto\" enctype=\"multipart\/form-data\" novalidate=\"novalidate\" data-status=\"init\">\n<fieldset class=\"hidden-fields-container\"><input type=\"hidden\" name=\"_wpcf7\" value=\"25417\" \/><input type=\"hidden\" name=\"_wpcf7_version\" value=\"6.1.5\" \/><input type=\"hidden\" name=\"_wpcf7_locale\" value=\"es_ES\" \/><input type=\"hidden\" name=\"_wpcf7_unit_tag\" value=\"wpcf7-f25417-o1\" \/><input type=\"hidden\" name=\"_wpcf7_container_post\" value=\"0\" \/><input type=\"hidden\" name=\"_wpcf7_posted_data_hash\" value=\"\" \/><input type=\"hidden\" name=\"_wpcf7_recaptcha_response\" value=\"\" \/>\n<\/fieldset>\n<div class=\"form_toppresu\">\n\t<div class=\"topinfo_formpresu\">\n\t\t<h2><strong>Formulaire de devis pour les professionnels :<\/strong>\n\t\t<\/h2>\n\t\t<p>Vous pouvez \u00e9galement remplir notre formulaire et nous vous r\u00e9pondrons dans les plus brefs d\u00e9lais.\n\t\t<\/p>\n\t<\/div>\n\t<div>\n\t\t<p><span class=\"wpcf7-form-control-wrap\" data-name=\"your-name\"><input size=\"40\" maxlength=\"400\" class=\"wpcf7-form-control wpcf7-text wpcf7-validates-as-required\" aria-required=\"true\" aria-invalid=\"false\" placeholder=\"Nom et pr\u00e9nom *\" value=\"\" type=\"text\" name=\"your-name\" \/><\/span>\n\t\t<\/p>\n\t<\/div>\n\t<div>\n\t\t<p><span class=\"wpcf7-form-control-wrap\" data-name=\"your-dni\"><input size=\"40\" maxlength=\"400\" class=\"wpcf7-form-control wpcf7-text wpcf7-validates-as-required\" aria-required=\"true\" aria-invalid=\"false\" placeholder=\"DNI *\" value=\"\" type=\"text\" name=\"your-dni\" \/><\/span>\n\t\t<\/p>\n\t<\/div>\n\t<div>\n\t\t<p><span class=\"wpcf7-form-control-wrap\" data-name=\"your-empresa\"><input size=\"40\" maxlength=\"400\" class=\"wpcf7-form-control wpcf7-text wpcf7-validates-as-required\" aria-required=\"true\" aria-invalid=\"false\" placeholder=\"Entreprise *\" value=\"\" type=\"text\" name=\"your-empresa\" \/><\/span>\n\t\t<\/p>\n\t<\/div>\n\t<div>\n\t\t<p><span class=\"wpcf7-form-control-wrap\" data-name=\"your-cif\"><input size=\"40\" maxlength=\"400\" class=\"wpcf7-form-control wpcf7-text wpcf7-validates-as-required\" aria-required=\"true\" aria-invalid=\"false\" placeholder=\"NUM\u00c9RO DE TVA *\" value=\"\" type=\"text\" name=\"your-cif\" \/><\/span>\n\t\t<\/p>\n\t<\/div>\n\t<div>\n\t\t<p><span class=\"wpcf7-form-control-wrap\" data-name=\"your-mail\"><input size=\"40\" maxlength=\"400\" class=\"wpcf7-form-control wpcf7-email wpcf7-validates-as-required wpcf7-text wpcf7-validates-as-email\" aria-required=\"true\" aria-invalid=\"false\" placeholder=\"Email *\" value=\"\" type=\"email\" name=\"your-mail\" \/><\/span>\n\t\t<\/p>\n\t<\/div>\n\t<div>\n\t\t<p><span class=\"wpcf7-form-control-wrap\" data-name=\"your-phone\"><input size=\"40\" maxlength=\"400\" class=\"wpcf7-form-control wpcf7-tel wpcf7-validates-as-required wpcf7-text wpcf7-validates-as-tel\" aria-required=\"true\" aria-invalid=\"false\" placeholder=\"T\u00e9l\u00e9phone *\" value=\"\" type=\"tel\" name=\"your-phone\" \/><\/span>\n\t\t<\/p>\n\t<\/div>\n\t<div>\n\t\t<p><span class=\"wpcf7-form-control-wrap\" data-name=\"your-direccion\"><input size=\"40\" maxlength=\"400\" class=\"wpcf7-form-control wpcf7-text wpcf7-validates-as-required\" aria-required=\"true\" aria-invalid=\"false\" placeholder=\"Adresse *\" value=\"\" type=\"text\" name=\"your-direccion\" \/><\/span>\n\t\t<\/p>\n\t<\/div>\n\t<div>\n\t\t<p><span class=\"wpcf7-form-control-wrap\" data-name=\"your-poblacion\"><input size=\"40\" maxlength=\"400\" class=\"wpcf7-form-control wpcf7-text wpcf7-validates-as-required\" aria-required=\"true\" aria-invalid=\"false\" placeholder=\"Population *\" value=\"\" type=\"text\" name=\"your-poblacion\" \/><\/span>\n\t\t<\/p>\n\t<\/div>\n\t<div>\n\t\t<p><span class=\"wpcf7-form-control-wrap\" data-name=\"cpostal\"><input size=\"40\" maxlength=\"400\" class=\"wpcf7-form-control wpcf7-text wpcf7-validates-as-required\" aria-required=\"true\" aria-invalid=\"false\" placeholder=\"Code postal *\" value=\"\" type=\"text\" name=\"cpostal\" \/><\/span>\n\t\t<\/p>\n\t<\/div>\n\t<div class=\"tipo_material_div\">\n\t\t<p><span class=\"wpcf7-form-control-wrap\" data-name=\"typematerial\"><input size=\"40\" maxlength=\"400\" class=\"wpcf7-form-control wpcf7-text wpcf7-validates-as-required\" aria-required=\"true\" aria-invalid=\"false\" placeholder=\"Types de mat\u00e9riaux *\" value=\"\" type=\"text\" name=\"typematerial\" \/><\/span>\n\t\t<\/p>\n\t<\/div>\n\t<div class=\"grup_form\">\n\t\t<div>\n\t\t\t<p><span class=\"wpcf7-form-control-wrap\" data-name=\"unidades\"><input size=\"40\" maxlength=\"400\" class=\"wpcf7-form-control wpcf7-text wpcf7-validates-as-required\" aria-required=\"true\" aria-invalid=\"false\" placeholder=\"Unit\u00e9s *\" value=\"\" type=\"text\" name=\"unidades\" \/><\/span>\n\t\t\t<\/p>\n\t\t<\/div>\n\t\t<div>\n\t\t\t<p><span class=\"wpcf7-form-control-wrap\" data-name=\"grosor\"><input size=\"40\" maxlength=\"400\" class=\"wpcf7-form-control wpcf7-text wpcf7-validates-as-required\" aria-required=\"true\" aria-invalid=\"false\" placeholder=\"\u00c9paisseur *\" value=\"\" type=\"text\" name=\"grosor\" \/><\/span>\n\t\t\t<\/p>\n\t\t<\/div>\n\t\t<div>\n\t\t\t<p><span class=\"wpcf7-form-control-wrap\" data-name=\"ancho\"><input size=\"40\" maxlength=\"400\" class=\"wpcf7-form-control wpcf7-text wpcf7-validates-as-required\" aria-required=\"true\" aria-invalid=\"false\" placeholder=\"Largeur *\" value=\"\" type=\"text\" name=\"ancho\" \/><\/span>\n\t\t\t<\/p>\n\t\t<\/div>\n\t\t<div>\n\t\t\t<p><span class=\"wpcf7-form-control-wrap\" data-name=\"alto\"><input size=\"40\" maxlength=\"400\" class=\"wpcf7-form-control wpcf7-text wpcf7-validates-as-required\" aria-required=\"true\" aria-invalid=\"false\" placeholder=\"Haut *\" value=\"\" type=\"text\" name=\"alto\" \/><\/span>\n\t\t\t<\/p>\n\t\t<\/div>\n\t<\/div>\n\t<div>\n\t\t<p><span class=\"wpcf7-form-control-wrap\" data-name=\"color\"><input size=\"40\" maxlength=\"400\" class=\"wpcf7-form-control wpcf7-text wpcf7-validates-as-required\" aria-required=\"true\" aria-invalid=\"false\" placeholder=\"Couleur *\" value=\"\" type=\"text\" name=\"color\" \/><\/span>\n\t\t<\/p>\n\t\t<div class=\"form_bottompresu\">\n\t\t\t<div>\n\t\t\t\t<p><span class=\"wpcf7-form-control-wrap\" data-name=\"archivo-1\"><input size=\"40\" class=\"wpcf7-form-control wpcf7-file\" accept=\"audio\/*,video\/*,image\/*\" aria-invalid=\"false\" type=\"file\" name=\"archivo-1\" \/><\/span>\n\t\t\t\t<\/p>\n\t\t\t<\/div>\n\t\t\t<div>\n\t\t\t\t<p><span class=\"wpcf7-form-control-wrap\" data-name=\"archivo-2\"><input size=\"40\" class=\"wpcf7-form-control wpcf7-file\" accept=\"audio\/*,video\/*,image\/*\" aria-invalid=\"false\" type=\"file\" name=\"archivo-2\" \/><\/span>\n\t\t\t\t<\/p>\n\t\t\t<\/div>\n\t\t\t<div>\n\t\t\t\t<p><span class=\"wpcf7-form-control-wrap\" data-name=\"archivo-3\"><input size=\"40\" class=\"wpcf7-form-control wpcf7-file\" accept=\"audio\/*,video\/*,image\/*\" aria-invalid=\"false\" type=\"file\" name=\"archivo-3\" \/><\/span>\n\t\t\t\t<\/p>\n\t\t\t<\/div>\n\t\t<\/div>\n\t<\/div>\n\t<div>\n\t\t<p><span class=\"wpcf7-form-control-wrap\" data-name=\"descripcion\"><textarea cols=\"40\" rows=\"10\" maxlength=\"2000\" class=\"wpcf7-form-control wpcf7-textarea\" aria-invalid=\"false\" placeholder=\"Description de travail\" name=\"descripcion\"><\/textarea><\/span>\n\t\t<\/p>\n\t<\/div>\n<\/div>\n<div class=\"form_btnspresu\">\n\t<p><span class=\"wpcf7-form-control-wrap\" data-name=\"acceptance-299\"><span class=\"wpcf7-form-control wpcf7-acceptance\"><span class=\"wpcf7-list-item\"><label><input type=\"checkbox\" name=\"acceptance-299\" value=\"1\" aria-invalid=\"false\" \/><span class=\"wpcf7-list-item-label\">J'accepte la <a href=\u00ab \/privacy-policy\/ \u00bb>politique de confidentialit\u00e9 et de cookies<\/a>.<\/span><\/label><\/span><\/span><\/span><br \/>\n<input class=\"wpcf7-form-control wpcf7-submit has-spinner\" type=\"submit\" value=\"Envoyer\" \/>\n\t<\/p>\n<\/div><p style=\"display: none !important;\" class=\"akismet-fields-container\" data-prefix=\"_wpcf7_ak_\"><label>&#916;<textarea name=\"_wpcf7_ak_hp_textarea\" cols=\"45\" rows=\"8\" maxlength=\"100\"><\/textarea><\/label><input type=\"hidden\" id=\"ak_js_1\" name=\"_wpcf7_ak_js\" value=\"189\"\/><script>document.getElementById( \"ak_js_1\" ).setAttribute( \"value\", ( new Date() ).getTime() );<\/script><\/p><input type='hidden' class='wpcf7-pum' value='{\"closepopup\":false,\"closedelay\":0,\"openpopup\":false,\"openpopup_id\":0}' \/><div class=\"wpcf7-response-output\" aria-hidden=\"true\"><\/div>\n<\/form>\n<\/div>\n\t\t\t\t\t<\/div>\n\t\t\t\t<\/div>\n\t\t\t\t\t\t\t\t<\/div>\n\t\t\t\t<\/div>\n\t\t\t\t\t<\/div>\n\t\t<\/div>\n\t\t\t\t\t<\/div>\n\t\t<\/section>\n\t\t\t\t<\/div>\n\t\t","protected":false},"excerpt":{"rendered":"<p>Comment demander un devis &agrave; des professionnels ? Si aucun des produits standard que nous proposons dans le magasin ne correspond &agrave; vos besoins, nous pouvons vous proposer un devis pour les professionnels pour l&#8217;un des mat&eacute;riaux que nous vendons. Nous pouvons vous proposer un devis de professionnels pour l&#8217;un des mat&eacute;riaux que nous vendons. [&hellip;]<\/p>\n","protected":false},"author":3,"featured_media":0,"parent":0,"menu_order":0,"comment_status":"closed","ping_status":"closed","template":"template-presupuesto.php","meta":{"_acf_changed":false,"footnotes":""},"class_list":["post-25418","page","type-page","status-publish","hentry"],"acf":[],"yoast_head":"<!-- This site is optimized with the Yoast SEO plugin v27.4 - https:\/\/yoast.com\/product\/yoast-seo-wordpress\/ -->\n<title>Devis pour les professionnels - Plasticexpress<\/title>\n<meta name=\"description\" content=\"Comment demander un devis &agrave; des professionnels ? Si aucun des produits standard que nous proposons dans le magasin ne correspond &agrave; vos\" \/>\n<meta name=\"robots\" content=\"index, follow, max-snippet:-1, max-image-preview:large, max-video-preview:-1\" \/>\n<link rel=\"canonical\" href=\"https:\/\/plasticexpress.es\/en\/devis-pour-les-professionnels-news-fr\/\" \/>\n<meta property=\"og:locale\" content=\"en_US\" \/>\n<meta property=\"og:type\" content=\"article\" \/>\n<meta property=\"og:title\" content=\"Devis pour les professionnels - Plasticexpress\" \/>\n<meta property=\"og:description\" content=\"Comment demander un devis &agrave; des professionnels ? Si aucun des produits standard que nous proposons dans le magasin ne correspond &agrave; vos\" \/>\n<meta property=\"og:url\" content=\"https:\/\/plasticexpress.es\/en\/devis-pour-les-professionnels-news-fr\/\" \/>\n<meta property=\"og:site_name\" content=\"Plasticexpress\" \/>\n<meta property=\"article:modified_time\" content=\"2024-12-03T12:42:46+00:00\" \/>\n<meta name=\"twitter:card\" content=\"summary_large_image\" \/>\n<meta name=\"twitter:label1\" content=\"Est. reading time\" \/>\n\t<meta name=\"twitter:data1\" content=\"2 minutes\" \/>\n<script type=\"application\/ld+json\" class=\"yoast-schema-graph\">{\"@context\":\"https:\\\/\\\/schema.org\",\"@graph\":[{\"@type\":\"WebPage\",\"@id\":\"https:\\\/\\\/plasticexpress.es\\\/en\\\/devis-pour-les-professionnels-news-fr\\\/\",\"url\":\"https:\\\/\\\/plasticexpress.es\\\/en\\\/devis-pour-les-professionnels-news-fr\\\/\",\"name\":\"Devis pour les professionnels - Plasticexpress\",\"isPartOf\":{\"@id\":\"https:\\\/\\\/plasticexpress.es\\\/en\\\/#website\"},\"datePublished\":\"2024-12-03T12:23:57+00:00\",\"dateModified\":\"2024-12-03T12:42:46+00:00\",\"description\":\"Comment demander un devis &agrave; des professionnels ? Si aucun des produits standard que nous proposons dans le magasin ne correspond &agrave; vos\",\"breadcrumb\":{\"@id\":\"https:\\\/\\\/plasticexpress.es\\\/en\\\/devis-pour-les-professionnels-news-fr\\\/#breadcrumb\"},\"inLanguage\":\"en-US\",\"potentialAction\":[{\"@type\":\"ReadAction\",\"target\":[\"https:\\\/\\\/plasticexpress.es\\\/en\\\/devis-pour-les-professionnels-news-fr\\\/\"]}]},{\"@type\":\"BreadcrumbList\",\"@id\":\"https:\\\/\\\/plasticexpress.es\\\/en\\\/devis-pour-les-professionnels-news-fr\\\/#breadcrumb\",\"itemListElement\":[{\"@type\":\"ListItem\",\"position\":1,\"name\":\"Portada\",\"item\":\"https:\\\/\\\/plasticexpress.es\\\/en\\\/\"},{\"@type\":\"ListItem\",\"position\":2,\"name\":\"Devis pour les professionnels\"}]},{\"@type\":\"WebSite\",\"@id\":\"https:\\\/\\\/plasticexpress.es\\\/en\\\/#website\",\"url\":\"https:\\\/\\\/plasticexpress.es\\\/en\\\/\",\"name\":\"Plasticexpress\",\"description\":\"Venta de materiales y art\u00edculos de Metacrilato\",\"potentialAction\":[{\"@type\":\"SearchAction\",\"target\":{\"@type\":\"EntryPoint\",\"urlTemplate\":\"https:\\\/\\\/plasticexpress.es\\\/en\\\/?s={search_term_string}\"},\"query-input\":{\"@type\":\"PropertyValueSpecification\",\"valueRequired\":true,\"valueName\":\"search_term_string\"}}],\"inLanguage\":\"en-US\"}]}<\/script>\n<!-- \/ Yoast SEO plugin. -->","yoast_head_json":{"title":"Devis pour les professionnels - Plasticexpress","description":"Comment demander un devis &agrave; des professionnels ? Si aucun des produits standard que nous proposons dans le magasin ne correspond &agrave; vos","robots":{"index":"index","follow":"follow","max-snippet":"max-snippet:-1","max-image-preview":"max-image-preview:large","max-video-preview":"max-video-preview:-1"},"canonical":"https:\/\/plasticexpress.es\/en\/devis-pour-les-professionnels-news-fr\/","og_locale":"en_US","og_type":"article","og_title":"Devis pour les professionnels - Plasticexpress","og_description":"Comment demander un devis &agrave; des professionnels ? Si aucun des produits standard que nous proposons dans le magasin ne correspond &agrave; vos","og_url":"https:\/\/plasticexpress.es\/en\/devis-pour-les-professionnels-news-fr\/","og_site_name":"Plasticexpress","article_modified_time":"2024-12-03T12:42:46+00:00","twitter_card":"summary_large_image","twitter_misc":{"Est. reading time":"2 minutes"},"schema":{"@context":"https:\/\/schema.org","@graph":[{"@type":"WebPage","@id":"https:\/\/plasticexpress.es\/en\/devis-pour-les-professionnels-news-fr\/","url":"https:\/\/plasticexpress.es\/en\/devis-pour-les-professionnels-news-fr\/","name":"Devis pour les professionnels - Plasticexpress","isPartOf":{"@id":"https:\/\/plasticexpress.es\/en\/#website"},"datePublished":"2024-12-03T12:23:57+00:00","dateModified":"2024-12-03T12:42:46+00:00","description":"Comment demander un devis &agrave; des professionnels ? Si aucun des produits standard que nous proposons dans le magasin ne correspond &agrave; vos","breadcrumb":{"@id":"https:\/\/plasticexpress.es\/en\/devis-pour-les-professionnels-news-fr\/#breadcrumb"},"inLanguage":"en-US","potentialAction":[{"@type":"ReadAction","target":["https:\/\/plasticexpress.es\/en\/devis-pour-les-professionnels-news-fr\/"]}]},{"@type":"BreadcrumbList","@id":"https:\/\/plasticexpress.es\/en\/devis-pour-les-professionnels-news-fr\/#breadcrumb","itemListElement":[{"@type":"ListItem","position":1,"name":"Portada","item":"https:\/\/plasticexpress.es\/en\/"},{"@type":"ListItem","position":2,"name":"Devis pour les professionnels"}]},{"@type":"WebSite","@id":"https:\/\/plasticexpress.es\/en\/#website","url":"https:\/\/plasticexpress.es\/en\/","name":"Plasticexpress","description":"Venta de materiales y art\u00edculos de Metacrilato","potentialAction":[{"@type":"SearchAction","target":{"@type":"EntryPoint","urlTemplate":"https:\/\/plasticexpress.es\/en\/?s={search_term_string}"},"query-input":{"@type":"PropertyValueSpecification","valueRequired":true,"valueName":"search_term_string"}}],"inLanguage":"en-US"}]}},"_links":{"self":[{"href":"https:\/\/plasticexpress.es\/en\/wp-json\/wp\/v2\/pages\/25418","targetHints":{"allow":["GET"]}}],"collection":[{"href":"https:\/\/plasticexpress.es\/en\/wp-json\/wp\/v2\/pages"}],"about":[{"href":"https:\/\/plasticexpress.es\/en\/wp-json\/wp\/v2\/types\/page"}],"author":[{"embeddable":true,"href":"https:\/\/plasticexpress.es\/en\/wp-json\/wp\/v2\/users\/3"}],"replies":[{"embeddable":true,"href":"https:\/\/plasticexpress.es\/en\/wp-json\/wp\/v2\/comments?post=25418"}],"version-history":[{"count":5,"href":"https:\/\/plasticexpress.es\/en\/wp-json\/wp\/v2\/pages\/25418\/revisions"}],"predecessor-version":[{"id":25428,"href":"https:\/\/plasticexpress.es\/en\/wp-json\/wp\/v2\/pages\/25418\/revisions\/25428"}],"wp:attachment":[{"href":"https:\/\/plasticexpress.es\/en\/wp-json\/wp\/v2\/media?parent=25418"}],"curies":[{"name":"wp","href":"https:\/\/api.w.org\/{rel}","templated":true}]}}