

{"id":6288,"date":"2021-03-30T21:19:38","date_gmt":"2021-03-30T20:19:38","guid":{"rendered":"https:\/\/plasticexpress.es\/producto\/Sense%20categoria\/metacrilat-de-color-setinat\/"},"modified":"2022-01-11T13:26:14","modified_gmt":"2022-01-11T12:26:14","slug":"metacrilato-color-satinado-2-2","status":"publish","type":"product","link":"https:\/\/plasticexpress.es\/en\/producto\/materials-ec\/metacrilato-color-satinado-2-2\/","title":{"rendered":"Metacrilat de color setinat"},"content":{"rendered":"\t\t<div data-elementor-type=\"product-post\" data-elementor-id=\"6288\" class=\"elementor elementor-6288\" data-elementor-post-type=\"product\">\n\t\t\t\t\t\t<section class=\"elementor-section elementor-top-section elementor-element elementor-element-74f270ad elementor-section-boxed elementor-section-height-default elementor-section-height-default\" data-id=\"74f270ad\" data-element_type=\"section\" data-e-type=\"section\">\n\t\t\t\t\t\t<div class=\"elementor-container elementor-column-gap-default\">\n\t\t\t\t\t<div class=\"elementor-column elementor-col-100 elementor-top-column elementor-element elementor-element-2ddc39f7\" data-id=\"2ddc39f7\" data-element_type=\"column\" data-e-type=\"column\">\n\t\t\t<div class=\"elementor-widget-wrap elementor-element-populated\">\n\t\t\t\t\t\t<div class=\"elementor-element elementor-element-644508ce elementor-widget elementor-widget-text-editor\" data-id=\"644508ce\" data-element_type=\"widget\" data-e-type=\"widget\" data-widget_type=\"text-editor.default\">\n\t\t\t\t<div class=\"elementor-widget-container\">\n\t\t\t\t\t\t\t\t\t<span style=\"font-weight: 400;\">El<\/span><b>metacrilat de color setinat<\/b> <span style=\"font-weight: 400;\">\u00e9s un termopl\u00e0stic que es caracteritza per la seva viu color, lleugeresa i resist\u00e8ncia a la intemp\u00e8rie. En Plastic Express fabriquem <strong>articles de metacrilat de <b>color setinat<\/b> a mida<\/strong> aplicant a l&#8217;material els processos de:<\/span>\n<ul>\n \t<li><a href=\"https:\/\/plasticexpress.es\/procesos-de-manufactura-de-materiales-plasticos\/corte-y-grabado-a-laser\/\">Tall i gravat l\u00e0ser<\/a> <a href=\"https:\/\/plasticexpress.es\/procesos-de-manufactura-de-materiales-plasticos\/corte-y-grabado-a-laser\/\">de metacrilat<\/a><\/li>\n \t<li><a href=\"https:\/\/plasticexpress.es\/procesos-de-manufactura-de-materiales-plasticos\/mecanizado-por-cnc\/\">Mecanitzat per CNC<\/a><a href=\"https:\/\/plasticexpress.es\/procesos-de-manufactura-de-materiales-plasticos\/corte-y-grabado-a-laser\/\">de metacrilat<\/a><\/li>\n \t<li><a href=\"https:\/\/plasticexpress.es\/procesos-de-manufactura-de-materiales-plasticos\/pulido-y-abrillantado-de-materiales-plasticos\/\">Polit i abrillantat de metacrilat<\/a><\/li>\n \t<li><a href=\"https:\/\/plasticexpress.es\/procesos-de-manufactura-de-materiales-plasticos\/doblado-de-materiales-plasticos\/\">Doblegat de metacrilat<\/a><\/li>\n \t<li><a href=\"https:\/\/plasticexpress.es\/procesos-de-manufactura-de-materiales-plasticos\/encolado-de-metacrilato\/\">Encolat de metacrilat<\/a><\/li>\n \t<li><a href=\"https:\/\/plasticexpress.es\/procesos-de-manufactura-de-materiales-plasticos\/termoformado-y-embutido-de-materiales-plasticos\/\">Termoformat i embotit de metacrilat<\/a><\/li>\n \t<li><a href=\"https:\/\/plasticexpress.es\/procesos-de-manufactura-de-materiales-plasticos\/impresion-digital-sobre-materiales-plasticos\/\">Impressi\u00f3 sobre metacrilat<\/a><\/li>\n<\/ul>\n<span style=\"font-weight: 400;\">Tamb\u00e9 conegut per polimetacrilat de metil (PMMA), el<\/span> <b>metacrilat setinat<\/b> <span style=\"font-weight: 400;\">compta amb les seg\u00fcents caracter\u00edstiques:<\/span>\n<ul>\n \t<li><span style=\"font-weight: 400;\">Excel\u00b7lent qualitat \u00f2ptica.<\/span><\/li>\n \t<li><span style=\"font-weight: 400;\">Bona resist\u00e8ncia a la intemp\u00e8rie.<\/span><\/li>\n \t<li><span style=\"font-weight: 400;\">Lliure d&#8217;hal\u00f2gens.<\/span><\/li>\n \t<li><span style=\"font-weight: 400;\">\u00d2ptima resist\u00e8ncia a l&#8217;envelliment.<\/span><\/li>\n \t<li><span style=\"font-weight: 400;\">Ideal per utilitzar en exteriors.<\/span><\/li>\n \t<li><span style=\"font-weight: 400;\">F\u00e0cil manipulaci\u00f3 i termoformat<\/span><\/li>\n \t<li><span style=\"font-weight: 400;\">Elevada resist\u00e8ncia t\u00e8rmica i ac\u00fastica.<\/span><\/li>\n \t<li><span style=\"font-weight: 400;\">Lleuger en comparaci\u00f3 amb el vidre.<\/span><\/li>\n \t<li><span style=\"font-weight: 400;\">No despr\u00e8n gasos t\u00f2xics a l&#8217;cremar.<\/span><\/li>\n \t<li><span style=\"font-weight: 400;\">Lliure d&#8217;hal\u00f2gens.<\/span><\/li>\n \t<li><span style=\"font-weight: 400;\">Disponible amb acabat mat, mat 02:00<\/span><\/li>\n \t<li><span style=\"font-weight: 400;\">cares i colors a mida.<\/span><\/li>\n \t<li><span style=\"font-weight: 400;\">Alt pes molecular.<\/span><\/li>\n<\/ul>\n<span style=\"font-weight: 400;\">Com a resultat el<\/span> <b>metacrilat<\/b> <span style=\"font-weight: 400;\">compta amb m\u00faltiples \u00e0rees d&#8217;aplicaci\u00f3:<\/span>\n\n<b>Construcci\u00f3 i interiorisme<\/b>\n<ul>\n \t<li><span style=\"font-weight: 400;\">Aquaris.<\/span><\/li>\n \t<li><span style=\"font-weight: 400;\">Cobertes.<\/span><\/li>\n \t<li><span style=\"font-weight: 400;\">Mobiliari urb\u00e0.<\/span><\/li>\n \t<li><span style=\"font-weight: 400;\">Taulers de b\u00e0squet.<\/span><\/li>\n \t<li><span style=\"font-weight: 400;\">Panells solars \/ fotovoltaics.<\/span><\/li>\n \t<li><span style=\"font-weight: 400;\">Hivernacles.<\/span><\/li>\n \t<li><span style=\"font-weight: 400;\">Tubs i barres.<\/span><\/li>\n \t<li><span style=\"font-weight: 400;\">Envidrament i protecci\u00f3.<\/span><\/li>\n \t<li><span style=\"font-weight: 400;\">Tancaments.<\/span><\/li>\n \t<li><span style=\"font-weight: 400;\">Pantalles i barreres ac\u00fastiques.<\/span><\/li>\n<\/ul>\n<b>comunicaci\u00f3 visual<\/b>\n<ul>\n \t<li><span style=\"font-weight: 400;\">Senyalitzaci\u00f3 i senyal\u00e8tica.<\/span><\/li>\n \t<li><span style=\"font-weight: 400;\">Portamen\u00fas i portafulletons.<\/span><\/li>\n \t<li><span style=\"font-weight: 400;\">Cartells publicitaris.<\/span><\/li>\n \t<li><span style=\"font-weight: 400;\">Expositors de producte (PLV).<\/span><\/li>\n \t<li><span style=\"font-weight: 400;\">Suport impressi\u00f3 digital.<\/span><\/li>\n<\/ul>\n<b>ind\u00fastria<\/b>\n<ul>\n \t<li><span style=\"font-weight: 400;\">Protecci\u00f3 de maquin\u00e0ria.<\/span><\/li>\n \t<li><span style=\"font-weight: 400;\">Finestres i parabrises<\/span><\/li>\n \t<li><span style=\"font-weight: 400;\">embarcacions.<\/span><\/li>\n \t<li><span style=\"font-weight: 400;\">Escotilles i finestres submarines.<\/span><\/li>\n \t<li><span style=\"font-weight: 400;\">Mobles.<\/span><\/li>\n \t<li><span style=\"font-weight: 400;\">Claraboies.<\/span><\/li>\n \t<li><span style=\"font-weight: 400;\">Hivernacles.<\/span><\/li>\n \t<li><span style=\"font-weight: 400;\">Envidrament i protecci\u00f3.<\/span><\/li>\n \t<li><span style=\"font-weight: 400;\">Tancaments.<\/span><\/li>\n \t<li><span style=\"font-weight: 400;\">Pantalles i barreres ac\u00fastiques.<\/span><\/li>\n \t<li><span style=\"font-weight: 400;\">Peces modelades.<\/span><\/li>\n<\/ul>\n<h2><b>COM SOL\u00b7LICITO METACRILAT DE COLOR SATINADO A MIDA?<\/b><\/h2>\n<span style=\"font-weight: 400;\">Finalment en Plastic Express et brindem assessoria en els teus projectes, a m\u00e9s comptem amb un equip professional i multidisciplinari per ajudar-te a seleccionar el material i la manipulaci\u00f3 necess\u00e0ria per executar les teves idees.<\/span>\n\n<span style=\"font-weight: 400;\">Per poder oferir-te un pressupost d&#8217;aquest material o un altre material dels que comercialitzem, envia&#8217;ns un correu a l&#8217;email<\/span> <b>info@plasticexpress.es<\/b> <span style=\"font-weight: 400;\">amb la seg\u00fcent informaci\u00f3<\/span>\n\n<span style=\"font-weight: 400;\">En cas de no trobar les mesures que necessites, sol\u00b7licita un <a href=\"https:\/\/plasticexpress.es\/procesos-de-manufactura-de-materiales-plasticos\/presupuestos-a-medida\/\"><strong>pressupost a mida<\/strong><\/a>o escriu-nos a i<b>nfo@plasticexpress.es<\/b> , en l&#8217;assumpte indica el material com, per exemple, <strong>metacrilat de <b>color setinat<\/b> <b>a<\/b> mida<\/strong><\/span>\n\n<span style=\"font-weight: 400;\">Recorda que si ets un professional de la ind\u00fastria pots obtenir descomptes especials accedint a el formulari de<\/span> <a href=\"https:\/\/plasticexpress.es\/procesos-de-manufactura-de-materiales-plasticos\/presupuestos-para-profesionales\/\"><b>pressupostos per a professionals<\/b><\/a>.\t\t\t\t\t\t\t\t<\/div>\n\t\t\t\t<\/div>\n\t\t\t\t\t<\/div>\n\t\t<\/div>\n\t\t\t\t\t<\/div>\n\t\t<\/section>\n\t\t\t\t<section class=\"elementor-section elementor-top-section elementor-element elementor-element-a02a112 elementor-section-boxed elementor-section-height-default elementor-section-height-default\" data-id=\"a02a112\" data-element_type=\"section\" data-e-type=\"section\">\n\t\t\t\t\t\t<div class=\"elementor-container elementor-column-gap-default\">\n\t\t\t\t\t<div class=\"elementor-column elementor-col-100 elementor-top-column elementor-element elementor-element-a88b79f\" data-id=\"a88b79f\" data-element_type=\"column\" data-e-type=\"column\">\n\t\t\t<div class=\"elementor-widget-wrap elementor-element-populated\">\n\t\t\t\t\t\t<div class=\"elementor-element elementor-element-97fa86f elementor-widget elementor-widget-text-editor\" data-id=\"97fa86f\" data-element_type=\"widget\" data-e-type=\"widget\" data-widget_type=\"text-editor.default\">\n\t\t\t\t<div class=\"elementor-widget-container\">\n\t\t\t\t\t\t\t\t\t<p>Satin acrylic plastic is one of the<b> most resistant plastic materials <\/b>used in many products found in different areas of our lives.\u00a0<\/p><p>It is a <b>cost-effective alternative <\/b>to other materials such as glass. Its transparency, flexibility and strength give it a superior quality compared to other materials.\u00a0<\/p><p>At <b>Plastic Express<\/b> you will find quality satin acrylic sheets for different resources with guaranteed quality and the best results.<\/p><h2>Characteristics of satin acrylic plastic<\/h2><p>One of the particularities of acrylic plexiglass is its durability over time. Its technical name is polymethyl methacrylate, also known as acrylic glass or plexiglass. It is flexible, unbreakable and becomes a resource that can be used for multiple purposes. After all, it is one of the most widely used plastic materials and can be found in<b> both indoor and outdoor spaces<\/b>.<\/p><p>Satin acrylic sheets are <b>resistant to the passage of time<\/b>. The external appearance does not change and, in addition, they are resistant to knocks and blows, in such a way that they can be placed perfectly on any surface without breaking. On the other hand, it should be noted that they have a high light transmission, i.e. they <b>allow the access of light to favour indoor lighting<\/b> and the material can be found in different shades.<\/p><p>Other aspects worth valuing are that they do not produce glare or reflections, so they will not become a problem for the eyes, in the same way that they do not allow marks on the surface of the hands or fingers, nor can they be scratched. Therefore, it is a suitable product for surfaces where there may be a high level of use and it should be noted that they withstand harsh weather conditions very well and can thus be used outdoors.<\/p><h2>Uses of satin acrylic plexiglass<\/h2><p>Satin plexiglass can be found in many different areas of our lives. There are numerous resources that we come across on a daily basis that are made of this material. <b>Satin acrylic sheets are used in a variety of everyday products<\/b>.\u00a0<\/p><p>They are <b>durable and light enough to be adapted to any structure<\/b> or design, which makes them an interesting choice for a decorative and, at the same time, resistant appearance. A particular case in point are the famous<b> partitions that can be found in indoor and outdoor spaces,<\/b> such as bars, restaurants, shops, etc.\u00a0<\/p><p>In the healthcare sector, it is increasingly present thanks to its various uses, such as in <b>hospitals and pharmacies<\/b>. An important factor is that it is possible to work in different formats, as PlasticExpress works with customised satin acrylic plastic designs.\u00a0<\/p><p>It is also worth mentioning other resources on which they can work, such as ballot boxes, boxes, vehicle resources, showcases and other elements that guarantee optical quality and an efficient result.<\/p><p><b>Decorative resources<\/b> are another case in point. In <b>lamps, tables and other surfaces<\/b>, it is beginning to play a more important role as a substitute for glass, as well as in shower enclosures which, in the end, offer extraordinary functionality for daily use without suffering any water damage.\u00a0<\/p><p>In addition, we need to highlight its presence in <b>displays used for shops and shop windows<\/b>, as well as advertising signs. It is a way of obtaining a resistant and firm product with a curious and striking colour.<\/p><h2>Buy your custom-made satin acrylic plastic at Plastic Express<\/h2><p>Do you need a custom design to fit a specific product? At Plastic Express you can find the best quality in satin acrylic plastic, as well as efficient and durable work by professionals who offer, basically, a material that is completely resistant to the passage of time and an interesting quality to obtain a firm, consistent and lightweight surface.<\/p><p>At Plastic Express you will find the quality you need and acrylic plastic that fits the needs of your home or business. The simple fact of having a reliable place where plexiglass is worked on professionally and safely is something to be valued. All types of design work are carried out adapted to your needs, with <b>matt, luminous, refined and translucent finishes<\/b> in colours that will undoubtedly meet your expectations.<\/p><p>In short, a place to go to if you wish to purchase a satin plexiglass sheet with a professional finish, durable and of very good quality. Any doubts can be resolved thanks to the advice given by the professionals at Plastic Express, leading <a href=\"https:\/\/plasticexpress.es\/en\/\"><b>manufacturers of plastic products<\/b><\/a> in the business and with many years of demonstrable experience.\u00a0<\/p><p>Mechanical work and the <b>use of the best technologies guarantee an efficient result<\/b> in order to develop acrylic pieces, <a href=\"https:\/\/plasticexpress.es\/en\/producto\/articles\/escaparatismo-en\/vitrinas-coleccionismo-en\/vitrina-para-coleccionismo-de-metacrilato\/\">acrylic showcases<\/a>, acrylic displays, acrylic trophies and many other products worked according to the customer&#8217;s requirements.<\/p>\t\t\t\t\t\t\t\t<\/div>\n\t\t\t\t<\/div>\n\t\t\t\t\t<\/div>\n\t\t<\/div>\n\t\t\t\t\t<\/div>\n\t\t<\/section>\n\t\t\t\t<\/div>\n\t\t","protected":false},"excerpt":{"rendered":"<p>Elmetacrilat de color setinat \u00e9s un termopl\u00e0stic que es caracteritza per la seva viu color, lleugeresa i resist\u00e8ncia a la intemp\u00e8rie. En Plastic Express fabriquem articles de metacrilat de color setinat a mida aplicant a l&#8217;material els processos de: Tall i gravat l\u00e0ser de metacrilat Mecanitzat per CNCde metacrilat Polit i abrillantat de metacrilat Doblegat [&hellip;]<\/p>\n","protected":false},"featured_media":0,"comment_status":"open","ping_status":"closed","template":"","meta":{"_acf_changed":false},"product_brand":[],"product_cat":[667],"product_tag":[],"class_list":{"0":"post-6288","1":"product","2":"type-product","3":"status-publish","5":"product_cat-materials-ec","7":"first","8":"instock","9":"shipping-taxable","10":"purchasable","11":"product-type-simple"},"acf":{"photo_gallery":{"opciones_de_agujeros":[[]]}},"yoast_head":"<!-- This site is optimized with the Yoast SEO plugin v27.4 - https:\/\/yoast.com\/product\/yoast-seo-wordpress\/ -->\n<title>Satin Acrylic plexiglas at the best price | Plastic Express<\/title>\n<meta name=\"description\" content=\"Buy your satin acrylic sheets for your creations or ask for a quote for your project in Plastic Express.\" \/>\n<meta name=\"robots\" content=\"index, follow, max-snippet:-1, max-image-preview:large, max-video-preview:-1\" \/>\n<link rel=\"canonical\" href=\"https:\/\/plasticexpress.es\/en\/producto\/materials-ec\/metacrilato-color-satinado-2-2\/\" \/>\n<meta property=\"og:locale\" content=\"en_US\" \/>\n<meta property=\"og:type\" content=\"article\" \/>\n<meta property=\"og:title\" content=\"Satin Acrylic plexiglas at the best price | Plastic Express\" \/>\n<meta property=\"og:description\" content=\"Buy your satin acrylic sheets for your creations or ask for a quote for your project in Plastic Express.\" \/>\n<meta property=\"og:url\" content=\"https:\/\/plasticexpress.es\/en\/producto\/materials-ec\/metacrilato-color-satinado-2-2\/\" \/>\n<meta property=\"og:site_name\" content=\"Plasticexpress\" \/>\n<meta property=\"article:modified_time\" content=\"2022-01-11T12:26:14+00:00\" \/>\n<meta name=\"twitter:card\" content=\"summary_large_image\" \/>\n<meta name=\"twitter:label1\" content=\"Est. reading time\" \/>\n\t<meta name=\"twitter:data1\" content=\"6 minutes\" \/>\n<script type=\"application\/ld+json\" class=\"yoast-schema-graph\">{\"@context\":\"https:\\\/\\\/schema.org\",\"@graph\":[{\"@type\":\"WebPage\",\"@id\":\"https:\\\/\\\/plasticexpress.es\\\/en\\\/producto\\\/materials-ec\\\/metacrilato-color-satinado-2-2\\\/\",\"url\":\"https:\\\/\\\/plasticexpress.es\\\/en\\\/producto\\\/materials-ec\\\/metacrilato-color-satinado-2-2\\\/\",\"name\":\"Satin Acrylic plexiglas at the best price | Plastic Express\",\"isPartOf\":{\"@id\":\"https:\\\/\\\/plasticexpress.es\\\/en\\\/#website\"},\"datePublished\":\"2021-03-30T20:19:38+00:00\",\"dateModified\":\"2022-01-11T12:26:14+00:00\",\"description\":\"Buy your satin acrylic sheets for your creations or ask for a quote for your project in Plastic Express.\",\"breadcrumb\":{\"@id\":\"https:\\\/\\\/plasticexpress.es\\\/en\\\/producto\\\/materials-ec\\\/metacrilato-color-satinado-2-2\\\/#breadcrumb\"},\"inLanguage\":\"en-US\",\"potentialAction\":[{\"@type\":\"ReadAction\",\"target\":[\"https:\\\/\\\/plasticexpress.es\\\/en\\\/producto\\\/materials-ec\\\/metacrilato-color-satinado-2-2\\\/\"]}]},{\"@type\":\"BreadcrumbList\",\"@id\":\"https:\\\/\\\/plasticexpress.es\\\/en\\\/producto\\\/materials-ec\\\/metacrilato-color-satinado-2-2\\\/#breadcrumb\",\"itemListElement\":[{\"@type\":\"ListItem\",\"position\":1,\"name\":\"Portada\",\"item\":\"https:\\\/\\\/plasticexpress.es\\\/en\\\/\"},{\"@type\":\"ListItem\",\"position\":2,\"name\":\"Shop\",\"item\":\"https:\\\/\\\/plasticexpress.es\\\/en\\\/shop\\\/\"},{\"@type\":\"ListItem\",\"position\":3,\"name\":\"Metacrilat de color setinat\"}]},{\"@type\":\"WebSite\",\"@id\":\"https:\\\/\\\/plasticexpress.es\\\/en\\\/#website\",\"url\":\"https:\\\/\\\/plasticexpress.es\\\/en\\\/\",\"name\":\"Plasticexpress\",\"description\":\"Venta de materiales y art\u00edculos de Metacrilato\",\"potentialAction\":[{\"@type\":\"SearchAction\",\"target\":{\"@type\":\"EntryPoint\",\"urlTemplate\":\"https:\\\/\\\/plasticexpress.es\\\/en\\\/?s={search_term_string}\"},\"query-input\":{\"@type\":\"PropertyValueSpecification\",\"valueRequired\":true,\"valueName\":\"search_term_string\"}}],\"inLanguage\":\"en-US\"}]}<\/script>\n<!-- \/ Yoast SEO plugin. -->","yoast_head_json":{"title":"Satin Acrylic plexiglas at the best price | Plastic Express","description":"Buy your satin acrylic sheets for your creations or ask for a quote for your project in Plastic Express.","robots":{"index":"index","follow":"follow","max-snippet":"max-snippet:-1","max-image-preview":"max-image-preview:large","max-video-preview":"max-video-preview:-1"},"canonical":"https:\/\/plasticexpress.es\/en\/producto\/materials-ec\/metacrilato-color-satinado-2-2\/","og_locale":"en_US","og_type":"article","og_title":"Satin Acrylic plexiglas at the best price | Plastic Express","og_description":"Buy your satin acrylic sheets for your creations or ask for a quote for your project in Plastic Express.","og_url":"https:\/\/plasticexpress.es\/en\/producto\/materials-ec\/metacrilato-color-satinado-2-2\/","og_site_name":"Plasticexpress","article_modified_time":"2022-01-11T12:26:14+00:00","twitter_card":"summary_large_image","twitter_misc":{"Est. reading time":"6 minutes"},"schema":{"@context":"https:\/\/schema.org","@graph":[{"@type":"WebPage","@id":"https:\/\/plasticexpress.es\/en\/producto\/materials-ec\/metacrilato-color-satinado-2-2\/","url":"https:\/\/plasticexpress.es\/en\/producto\/materials-ec\/metacrilato-color-satinado-2-2\/","name":"Satin Acrylic plexiglas at the best price | Plastic Express","isPartOf":{"@id":"https:\/\/plasticexpress.es\/en\/#website"},"datePublished":"2021-03-30T20:19:38+00:00","dateModified":"2022-01-11T12:26:14+00:00","description":"Buy your satin acrylic sheets for your creations or ask for a quote for your project in Plastic Express.","breadcrumb":{"@id":"https:\/\/plasticexpress.es\/en\/producto\/materials-ec\/metacrilato-color-satinado-2-2\/#breadcrumb"},"inLanguage":"en-US","potentialAction":[{"@type":"ReadAction","target":["https:\/\/plasticexpress.es\/en\/producto\/materials-ec\/metacrilato-color-satinado-2-2\/"]}]},{"@type":"BreadcrumbList","@id":"https:\/\/plasticexpress.es\/en\/producto\/materials-ec\/metacrilato-color-satinado-2-2\/#breadcrumb","itemListElement":[{"@type":"ListItem","position":1,"name":"Portada","item":"https:\/\/plasticexpress.es\/en\/"},{"@type":"ListItem","position":2,"name":"Shop","item":"https:\/\/plasticexpress.es\/en\/shop\/"},{"@type":"ListItem","position":3,"name":"Metacrilat de color setinat"}]},{"@type":"WebSite","@id":"https:\/\/plasticexpress.es\/en\/#website","url":"https:\/\/plasticexpress.es\/en\/","name":"Plasticexpress","description":"Venta de materiales y art\u00edculos de Metacrilato","potentialAction":[{"@type":"SearchAction","target":{"@type":"EntryPoint","urlTemplate":"https:\/\/plasticexpress.es\/en\/?s={search_term_string}"},"query-input":{"@type":"PropertyValueSpecification","valueRequired":true,"valueName":"search_term_string"}}],"inLanguage":"en-US"}]}},"_links":{"self":[{"href":"https:\/\/plasticexpress.es\/en\/wp-json\/wp\/v2\/product\/6288","targetHints":{"allow":["GET"]}}],"collection":[{"href":"https:\/\/plasticexpress.es\/en\/wp-json\/wp\/v2\/product"}],"about":[{"href":"https:\/\/plasticexpress.es\/en\/wp-json\/wp\/v2\/types\/product"}],"replies":[{"embeddable":true,"href":"https:\/\/plasticexpress.es\/en\/wp-json\/wp\/v2\/comments?post=6288"}],"version-history":[{"count":4,"href":"https:\/\/plasticexpress.es\/en\/wp-json\/wp\/v2\/product\/6288\/revisions"}],"predecessor-version":[{"id":15054,"href":"https:\/\/plasticexpress.es\/en\/wp-json\/wp\/v2\/product\/6288\/revisions\/15054"}],"wp:attachment":[{"href":"https:\/\/plasticexpress.es\/en\/wp-json\/wp\/v2\/media?parent=6288"}],"wp:term":[{"taxonomy":"product_brand","embeddable":true,"href":"https:\/\/plasticexpress.es\/en\/wp-json\/wp\/v2\/product_brand?post=6288"},{"taxonomy":"product_cat","embeddable":true,"href":"https:\/\/plasticexpress.es\/en\/wp-json\/wp\/v2\/product_cat?post=6288"},{"taxonomy":"product_tag","embeddable":true,"href":"https:\/\/plasticexpress.es\/en\/wp-json\/wp\/v2\/product_tag?post=6288"}],"curies":[{"name":"wp","href":"https:\/\/api.w.org\/{rel}","templated":true}]}}